{"id":229868,"date":"2024-01-12T00:44:00","date_gmt":"2024-01-12T00:44:00","guid":{"rendered":"https:\/\/saida-nails.de\/produkt\/gel-acrylique-clair-30-ml"},"modified":"2026-01-07T14:13:22","modified_gmt":"2026-01-07T14:13:22","slug":"gel-acrylique-clair-30-ml","status":"publish","type":"product","link":"https:\/\/saida-nails.de\/fr\/produkt\/gel-acrylique-clair-30-ml","title":{"rendered":"Gel Acrylique CLAIR, 30 ml"},"content":{"rendered":"<ul>\n<li>gel acrylique sans TPO\/HEMA<\/li>\n<li>gel tr\u00e8s r\u00e9sistant et tr\u00e8s stable<\/li>\n<li>agr\u00e9able \u00e0 limer<\/li>\n<li>parfait pour les ongles cassants et pour les petites r\u00e9parations rapides sans chablon<\/li>\n<li>convient aussi bien aux ongles courts qu&rsquo;aux ongles extra-longs<\/li>\n<li>contenu : 30 ml<\/li>\n<\/ul>\n<p>&nbsp;<\/p>\n<hr>\n<p><em><strong>Ingr\u00e9dients :<\/strong> Acrylates Copolymer, Polyacrylic Acid, Hydroxypropyl Methacrylate, Ethyl Trimethylbenzoyl Phenylphosphinate, Silica; May contain [+\/-]: CI45380, CI15850, CI77491, CI15985, CI77492, CI77007, CI77510, CI77742, CI77289, CI77499, CI77891, CI77000<\/em><\/p>\n<hr>\n<p>&nbsp;<\/p>\n<h2>Vid\u00e9os<\/h2>\n<div class=\"col2\">\n<div class=\"elastic-video\"><iframe loading=\"lazy\" src=\"https:\/\/www.youtube-nocookie.com\/embed\/1hnDdZrzZd8\" width=\"560\" height=\"315\" frameborder=\"0\" allowfullscreen=\"allowfullscreen\"><\/iframe><\/div>\n<\/div>\n<div class=\"col2\">\n<div class=\"elastic-video\"><iframe loading=\"lazy\" src=\"https:\/\/www.youtube-nocookie.com\/embed\/-v6jUrpM8Kc\" width=\"560\" height=\"315\" frameborder=\"0\" allowfullscreen=\"allowfullscreen\"><\/iframe><\/div>\n<\/div>\n","protected":false},"excerpt":{"rendered":"<p>gel acrylique sans TPO\/HEMA gel tr\u00e8s r\u00e9sistant et tr\u00e8s stable agr\u00e9able \u00e0 limer parfait pour les ongles cassants et pour les petites r\u00e9parations rapides sans chablon convient aussi bien aux ongles courts qu&rsquo;aux ongles extra-longs contenu : 30 ml &nbsp; Ingr\u00e9dients : Acrylates Copolymer, Polyacrylic Acid, Hydroxypropyl Methacrylate, Ethyl Trimethylbenzoyl Phenylphosphinate, Silica; May contain [+\/-]: [&#8230;]\n","protected":false},"featured_media":229866,"comment_status":"open","ping_status":"closed","template":"","meta":[],"product_brand":[],"product_cat":[675,676,1080],"product_tag":[],"class_list":{"0":"post-229868","1":"product","2":"type-product","3":"status-publish","4":"has-post-thumbnail","6":"product_cat-gels-acryliques","7":"product_cat-soldes","8":"product_cat-gel-acrylique","10":"first","11":"instock","12":"sale","13":"taxable","14":"shipping-taxable","15":"purchasable","16":"product-type-simple"},"aioseo_notices":[],"_links":{"self":[{"href":"https:\/\/saida-nails.de\/fr\/wp-json\/wp\/v2\/product\/229868","targetHints":{"allow":["GET"]}}],"collection":[{"href":"https:\/\/saida-nails.de\/fr\/wp-json\/wp\/v2\/product"}],"about":[{"href":"https:\/\/saida-nails.de\/fr\/wp-json\/wp\/v2\/types\/product"}],"replies":[{"embeddable":true,"href":"https:\/\/saida-nails.de\/fr\/wp-json\/wp\/v2\/comments?post=229868"}],"wp:featuredmedia":[{"embeddable":true,"href":"https:\/\/saida-nails.de\/fr\/wp-json\/wp\/v2\/media\/229866"}],"wp:attachment":[{"href":"https:\/\/saida-nails.de\/fr\/wp-json\/wp\/v2\/media?parent=229868"}],"wp:term":[{"taxonomy":"product_brand","embeddable":true,"href":"https:\/\/saida-nails.de\/fr\/wp-json\/wp\/v2\/product_brand?post=229868"},{"taxonomy":"product_cat","embeddable":true,"href":"https:\/\/saida-nails.de\/fr\/wp-json\/wp\/v2\/product_cat?post=229868"},{"taxonomy":"product_tag","embeddable":true,"href":"https:\/\/saida-nails.de\/fr\/wp-json\/wp\/v2\/product_tag?post=229868"}],"curies":[{"name":"wp","href":"https:\/\/api.w.org\/{rel}","templated":true}]}}