{"id":229902,"date":"2024-01-08T21:45:02","date_gmt":"2024-01-08T21:45:02","guid":{"rendered":"https:\/\/saida-nails.de\/produkt\/solution-de-gel-acrylique"},"modified":"2024-01-08T21:45:02","modified_gmt":"2024-01-08T21:45:02","slug":"solution-de-gel-acrylique","status":"publish","type":"product","link":"https:\/\/saida-nails.de\/fr\/produkt\/solution-de-gel-acrylique","title":{"rendered":"Solution de Gel Acrylique"},"content":{"rendered":"<ul>\n<li>solution sp\u00e9ciale pour le traitement du gel acrylique<\/li>\n<li>Remarque : la solution pour gel acrylique sert \u00e0 humidifier le pinceau \u00e0 gel acrylique pendant le modelage. Veillez \u00e0 utiliser la solution pour gel acrylique avec parcimonie afin de ne pas nuire aux propri\u00e9t\u00e9s adh\u00e9sives du gel acrylique. <\/li>\n<\/ul>\n<p>&nbsp;<\/p>\n<hr>\n<p><em><strong><br \/>Ingr\u00e9dients :<\/strong> Isopropyl Alcohol (2-Propanol)<\/em><\/p>\n<hr>\n<p>&nbsp;<\/p>\n","protected":false},"excerpt":{"rendered":"<p>solution sp\u00e9ciale pour le traitement du gel acrylique Remarque : la solution pour gel acrylique sert \u00e0 humidifier le pinceau \u00e0 gel acrylique pendant le modelage. Veillez \u00e0 utiliser la solution pour gel acrylique avec parcimonie afin de ne pas nuire aux propri\u00e9t\u00e9s adh\u00e9sives du gel acrylique. &nbsp; Ingr\u00e9dients : Isopropyl Alcohol (2-Propanol) &nbsp;<\/p>\n","protected":false},"featured_media":229900,"comment_status":"open","ping_status":"closed","template":"","meta":[],"product_brand":[],"product_cat":[675,676,754,1078,1080],"product_tag":[],"class_list":{"0":"post-229902","1":"product","2":"type-product","3":"status-publish","4":"has-post-thumbnail","6":"product_cat-gels-acryliques","7":"product_cat-soldes","8":"product_cat-liquides","9":"product_cat-gel-acrylique-nouveau","10":"product_cat-gel-acrylique","11":"pa_inhalt-100ml","12":"pa_inhalt-1000ml","14":"first","15":"instock","16":"sale","17":"taxable","18":"shipping-taxable","19":"purchasable","20":"product-type-variable"},"aioseo_notices":[],"_links":{"self":[{"href":"https:\/\/saida-nails.de\/fr\/wp-json\/wp\/v2\/product\/229902","targetHints":{"allow":["GET"]}}],"collection":[{"href":"https:\/\/saida-nails.de\/fr\/wp-json\/wp\/v2\/product"}],"about":[{"href":"https:\/\/saida-nails.de\/fr\/wp-json\/wp\/v2\/types\/product"}],"replies":[{"embeddable":true,"href":"https:\/\/saida-nails.de\/fr\/wp-json\/wp\/v2\/comments?post=229902"}],"wp:featuredmedia":[{"embeddable":true,"href":"https:\/\/saida-nails.de\/fr\/wp-json\/wp\/v2\/media\/229900"}],"wp:attachment":[{"href":"https:\/\/saida-nails.de\/fr\/wp-json\/wp\/v2\/media?parent=229902"}],"wp:term":[{"taxonomy":"product_brand","embeddable":true,"href":"https:\/\/saida-nails.de\/fr\/wp-json\/wp\/v2\/product_brand?post=229902"},{"taxonomy":"product_cat","embeddable":true,"href":"https:\/\/saida-nails.de\/fr\/wp-json\/wp\/v2\/product_cat?post=229902"},{"taxonomy":"product_tag","embeddable":true,"href":"https:\/\/saida-nails.de\/fr\/wp-json\/wp\/v2\/product_tag?post=229902"}],"curies":[{"name":"wp","href":"https:\/\/api.w.org\/{rel}","templated":true}]}}