{"id":229919,"date":"2024-12-16T08:38:29","date_gmt":"2024-12-16T08:38:29","guid":{"rendered":"https:\/\/saida-nails.de\/produkt\/glas-gel-cherry-red-75-ml"},"modified":"2026-03-12T17:05:32","modified_gmt":"2026-03-12T17:05:32","slug":"glas-gel-cherry-red-75-ml","status":"publish","type":"product","link":"https:\/\/saida-nails.de\/fr\/produkt\/glas-gel-cherry-red-75-ml","title":{"rendered":"Gel de Verre CHERRY RED, 7,5 ml"},"content":{"rendered":"<ul>\n<li>gel de verre sans TPO<\/li>\n<li>color\u00e9, semi-transparent<\/li>\n<li>pas de s\u00e9dimentation des pigments<\/li>\n<li>adapt\u00e9 aux UV et LED<\/li>\n<li>contenu : 7,5 ml<\/li>\n<li>temps de polym\u00e9risation : UV 120 sec.\/LED 60 sec.<\/li>\n<\/ul>\n<p>&nbsp;<\/p>\n<hr>\n<p><em><strong>Ingr\u00e9dients :<\/strong> 7,7,9-Trimethyl-4,13-Dioxo-3,14-Dioxa-5,12-Diazahexadecane-1,16-Diyl Bismethacrylate, 2-Hydroxyethyl Methacrylate, Phenyl Bis(2,4,6-Trimethylbenzoyl)-Phosphine Oxide, Hydroxycyclohexyl Phenyl Ketone, Iron Oxide (Fe2O3), Hydrate; May Contain [+\/-]: CI 77742, CI 45175, CI 77891, CI 14700<\/em><\/p>\n<hr>\n<p>&nbsp;<\/p>\n","protected":false},"excerpt":{"rendered":"<p>gel de verre sans TPO color\u00e9, semi-transparent pas de s\u00e9dimentation des pigments adapt\u00e9 aux UV et LED contenu : 7,5 ml temps de polym\u00e9risation : UV 120 sec.\/LED 60 sec. &nbsp; Ingr\u00e9dients : 7,7,9-Trimethyl-4,13-Dioxo-3,14-Dioxa-5,12-Diazahexadecane-1,16-Diyl Bismethacrylate, 2-Hydroxyethyl Methacrylate, Phenyl Bis(2,4,6-Trimethylbenzoyl)-Phosphine Oxide, Hydroxycyclohexyl Phenyl Ketone, Iron Oxide (Fe2O3), Hydrate; May Contain [+\/-]: CI 77742, CI 45175, CI [&#8230;]\n","protected":false},"featured_media":229914,"comment_status":"open","ping_status":"closed","template":"","meta":[],"product_brand":[],"product_cat":[676,733],"product_tag":[],"class_list":{"0":"post-229919","1":"product","2":"type-product","3":"status-publish","4":"has-post-thumbnail","6":"product_cat-soldes","7":"product_cat-gels-de-verre","9":"first","10":"instock","11":"sale","12":"taxable","13":"shipping-taxable","14":"purchasable","15":"product-type-simple"},"aioseo_notices":[],"_links":{"self":[{"href":"https:\/\/saida-nails.de\/fr\/wp-json\/wp\/v2\/product\/229919","targetHints":{"allow":["GET"]}}],"collection":[{"href":"https:\/\/saida-nails.de\/fr\/wp-json\/wp\/v2\/product"}],"about":[{"href":"https:\/\/saida-nails.de\/fr\/wp-json\/wp\/v2\/types\/product"}],"replies":[{"embeddable":true,"href":"https:\/\/saida-nails.de\/fr\/wp-json\/wp\/v2\/comments?post=229919"}],"wp:featuredmedia":[{"embeddable":true,"href":"https:\/\/saida-nails.de\/fr\/wp-json\/wp\/v2\/media\/229914"}],"wp:attachment":[{"href":"https:\/\/saida-nails.de\/fr\/wp-json\/wp\/v2\/media?parent=229919"}],"wp:term":[{"taxonomy":"product_brand","embeddable":true,"href":"https:\/\/saida-nails.de\/fr\/wp-json\/wp\/v2\/product_brand?post=229919"},{"taxonomy":"product_cat","embeddable":true,"href":"https:\/\/saida-nails.de\/fr\/wp-json\/wp\/v2\/product_cat?post=229919"},{"taxonomy":"product_tag","embeddable":true,"href":"https:\/\/saida-nails.de\/fr\/wp-json\/wp\/v2\/product_tag?post=229919"}],"curies":[{"name":"wp","href":"https:\/\/api.w.org\/{rel}","templated":true}]}}