{"id":229927,"date":"2024-01-09T17:19:50","date_gmt":"2024-01-09T17:19:50","guid":{"rendered":"https:\/\/saida-nails.de\/produkt\/gloss-gel-2"},"modified":"2026-02-09T16:01:38","modified_gmt":"2026-02-09T16:01:38","slug":"gloss-gel-2","status":"publish","type":"product","link":"https:\/\/saida-nails.de\/fr\/produkt\/gloss-gel-2","title":{"rendered":"Gloss Gel"},"content":{"rendered":"<ul>\n<li>gel UV sans TPO<\/li>\n<li>perfekter gl\u00e4nzender Abschluss f\u00fcr Ihre N\u00e4gel<\/li>\n<li>avec anti-jaunissement<\/li>\n<li>brille jusqu&rsquo;au prochain rendez-vous<\/li>\n<li>temps de polym\u00e9risation : 120 sec., recommandation pour une brillance encore plus intense : temps de polym\u00e9risation 4 minutes<\/li>\n<\/ul>\n<p>&nbsp;<\/p>\n<hr>\n<p><em><strong>Ingr\u00e9dients :<\/strong> (1-Methylethyliden)bis[4,1-Pheylenoxy(2-Hydroxy-3,1-Propandiyl)]diacrylat, Urethane Methacrylate, Hydroxypropylmethacrylat, 2-Hydroxy-2-Methylpropiophenon, 2-Hydroxymethylmethacrylat, Tripropylenglykoldiacrylat<\/em><\/p>\n<hr>\n<p>&nbsp;<\/p>\n<h2>FAQ<\/h2>\n<p>Pour obtenir le meilleur r\u00e9sultat possible avec nos gels brillants, veuillez proc\u00e9der comme suit :<\/p>\n<ol>\n<li>Utilisez un <strong>nettoyant contenant le moins d&rsquo;alcool possible<\/strong>.<\/li>\n<li>Utilisez le <strong>moins de nettoyant possible<\/strong> pour le nettoyage. Dans ce cas, moins c&rsquo;est mieux ! La lingette ne doit pas \u00eatre mouill\u00e9e, mais l\u00e9g\u00e8rement humide.  <\/li>\n<li>Laissez polym\u00e9riser le gel <strong>plus longtemps que d&rsquo;habitude<\/strong>.<\/li>\n<\/ol>\n<p>&nbsp;<\/p>\n<h2>Vid\u00e9os<\/h2>\n<div class=\"col2\">\n<div class=\"elastic-video\"><iframe loading=\"lazy\" src=\"https:\/\/www.youtube-nocookie.com\/embed\/lunMkRXiw9w\" width=\"560\" height=\"315\" frameborder=\"0\" allowfullscreen=\"allowfullscreen\"><\/iframe><\/div>\n<\/div>\n","protected":false},"excerpt":{"rendered":"<p>gel UV sans TPO perfekter gl\u00e4nzender Abschluss f\u00fcr Ihre N\u00e4gel avec anti-jaunissement brille jusqu&rsquo;au prochain rendez-vous temps de polym\u00e9risation : 120 sec., recommandation pour une brillance encore plus intense : temps de polym\u00e9risation 4 minutes &nbsp; Ingr\u00e9dients : (1-Methylethyliden)bis[4,1-Pheylenoxy(2-Hydroxy-3,1-Propandiyl)]diacrylat, Urethane Methacrylate, Hydroxypropylmethacrylat, 2-Hydroxy-2-Methylpropiophenon, 2-Hydroxymethylmethacrylat, Tripropylenglykoldiacrylat &nbsp; FAQ Pour obtenir le meilleur r\u00e9sultat possible avec nos [&#8230;]\n","protected":false},"featured_media":229925,"comment_status":"open","ping_status":"closed","template":"","meta":[],"product_brand":[],"product_cat":[762],"product_tag":[],"class_list":{"0":"post-229927","1":"product","2":"type-product","3":"status-publish","4":"has-post-thumbnail","6":"product_cat-gels-de-finition-scellants","7":"pa_inhalt-15-ml","8":"pa_inhalt-50ml","10":"first","11":"instock","12":"taxable","13":"shipping-taxable","14":"purchasable","15":"product-type-variable"},"aioseo_notices":[],"_links":{"self":[{"href":"https:\/\/saida-nails.de\/fr\/wp-json\/wp\/v2\/product\/229927","targetHints":{"allow":["GET"]}}],"collection":[{"href":"https:\/\/saida-nails.de\/fr\/wp-json\/wp\/v2\/product"}],"about":[{"href":"https:\/\/saida-nails.de\/fr\/wp-json\/wp\/v2\/types\/product"}],"replies":[{"embeddable":true,"href":"https:\/\/saida-nails.de\/fr\/wp-json\/wp\/v2\/comments?post=229927"}],"wp:featuredmedia":[{"embeddable":true,"href":"https:\/\/saida-nails.de\/fr\/wp-json\/wp\/v2\/media\/229925"}],"wp:attachment":[{"href":"https:\/\/saida-nails.de\/fr\/wp-json\/wp\/v2\/media?parent=229927"}],"wp:term":[{"taxonomy":"product_brand","embeddable":true,"href":"https:\/\/saida-nails.de\/fr\/wp-json\/wp\/v2\/product_brand?post=229927"},{"taxonomy":"product_cat","embeddable":true,"href":"https:\/\/saida-nails.de\/fr\/wp-json\/wp\/v2\/product_cat?post=229927"},{"taxonomy":"product_tag","embeddable":true,"href":"https:\/\/saida-nails.de\/fr\/wp-json\/wp\/v2\/product_tag?post=229927"}],"curies":[{"name":"wp","href":"https:\/\/api.w.org\/{rel}","templated":true}]}}