{"id":229937,"date":"2024-01-09T19:42:19","date_gmt":"2024-01-09T19:42:19","guid":{"rendered":"https:\/\/saida-nails.de\/produkt\/gloss-clear-2"},"modified":"2025-12-19T11:47:22","modified_gmt":"2025-12-19T11:47:22","slug":"gloss-clear-2","status":"publish","type":"product","link":"https:\/\/saida-nails.de\/fr\/produkt\/gloss-clear-2","title":{"rendered":"Gloss Clear"},"content":{"rendered":"<ul>\n<li>gel UV sans TPO\/HEMA<\/li>\n<li>viscosit\u00e9 faible, transparent<\/li>\n<li>Aush\u00e4rtungszeit: UV: 180 Sek, CCFL: 90 Sek<\/li>\n<li>Ce scellant est compatible avec tous les autres gels Saida Nails.<\/li>\n<\/ul>\n<p>&nbsp;<\/p>\n<hr>\n<p><em><strong>Ingr\u00e9dients :<\/strong> Aliphatic Urethane Methacrylate, Urethanacrylat Oligomer, PEG-200 Dimethacrylate, Urethane Acrylate, Ethyl Trimethylbenzoyl Phenylphosphinate<\/em><\/p>\n<hr>\n<p>&nbsp;<\/p>\n<h2>FAQ<\/h2>\n<p>Pour obtenir le meilleur r\u00e9sultat possible avec nos gels brillants, veuillez proc\u00e9der comme suit :<\/p>\n<ol>\n<li>Utilisez un <strong>nettoyant contenant le moins d&rsquo;alcool possible<\/strong>.<\/li>\n<li>Utilisez le <strong>moins de nettoyant possible<\/strong> pour le nettoyage. Dans ce cas, moins c&rsquo;est mieux ! La lingette ne doit pas \u00eatre mouill\u00e9e, mais l\u00e9g\u00e8rement humide.  <\/li>\n<li>Laissez polym\u00e9riser le gel <strong>plus longtemps que d&rsquo;habitude<\/strong>.<\/li>\n<\/ol>\n<p>&nbsp;<\/p>\n<h2>Vid\u00e9os<\/h2>\n<div class=\"col2\">\n<div class=\"elastic-video\"><iframe loading=\"lazy\" src=\"https:\/\/www.youtube-nocookie.com\/embed\/pvOW4mMV4KE\" width=\"560\" height=\"315\" frameborder=\"0\" allowfullscreen=\"allowfullscreen\"><\/iframe><\/div>\n<\/div>\n","protected":false},"excerpt":{"rendered":"<p>Brillance longue dur\u00e9e sans jaunissement !<\/p>\n","protected":false},"featured_media":229935,"comment_status":"open","ping_status":"closed","template":"","meta":[],"product_brand":[],"product_cat":[762],"product_tag":[],"class_list":{"0":"post-229937","1":"product","2":"type-product","3":"status-publish","4":"has-post-thumbnail","6":"product_cat-gels-de-finition-scellants","7":"pa_inhalt-15-ml","8":"pa_inhalt-50ml","10":"first","11":"instock","12":"taxable","13":"shipping-taxable","14":"purchasable","15":"product-type-variable"},"aioseo_notices":[],"_links":{"self":[{"href":"https:\/\/saida-nails.de\/fr\/wp-json\/wp\/v2\/product\/229937","targetHints":{"allow":["GET"]}}],"collection":[{"href":"https:\/\/saida-nails.de\/fr\/wp-json\/wp\/v2\/product"}],"about":[{"href":"https:\/\/saida-nails.de\/fr\/wp-json\/wp\/v2\/types\/product"}],"replies":[{"embeddable":true,"href":"https:\/\/saida-nails.de\/fr\/wp-json\/wp\/v2\/comments?post=229937"}],"wp:featuredmedia":[{"embeddable":true,"href":"https:\/\/saida-nails.de\/fr\/wp-json\/wp\/v2\/media\/229935"}],"wp:attachment":[{"href":"https:\/\/saida-nails.de\/fr\/wp-json\/wp\/v2\/media?parent=229937"}],"wp:term":[{"taxonomy":"product_brand","embeddable":true,"href":"https:\/\/saida-nails.de\/fr\/wp-json\/wp\/v2\/product_brand?post=229937"},{"taxonomy":"product_cat","embeddable":true,"href":"https:\/\/saida-nails.de\/fr\/wp-json\/wp\/v2\/product_cat?post=229937"},{"taxonomy":"product_tag","embeddable":true,"href":"https:\/\/saida-nails.de\/fr\/wp-json\/wp\/v2\/product_tag?post=229937"}],"curies":[{"name":"wp","href":"https:\/\/api.w.org\/{rel}","templated":true}]}}