{"id":229951,"date":"2024-01-09T16:34:02","date_gmt":"2024-01-09T16:34:02","guid":{"rendered":"https:\/\/saida-nails.de\/produkt\/quick-finish-glimmer-15-ml"},"modified":"2025-12-19T12:02:44","modified_gmt":"2025-12-19T12:02:44","slug":"quick-finish-glimmer-15-ml","status":"publish","type":"product","link":"https:\/\/saida-nails.de\/fr\/produkt\/quick-finish-glimmer-15-ml","title":{"rendered":"Quick Finish GLIMMER, 15 ml"},"content":{"rendered":"<ul>\n<li>gel de finition sans TPO\/HEMA<\/li>\n<li>contenu : 15 ml<\/li>\n<li>avec un effet scintillant discret<\/li>\n<li>formule sp\u00e9cialement d\u00e9velopp\u00e9e, extr\u00eamement robuste et r\u00e9sistante aux rayures, tr\u00e8s \u00e9conomique<\/li>\n<li>polym\u00e9rise sans couche collante<\/li>\n<li>temps de polym\u00e9risation : UV 120 sec., CCFL 60 sec.<\/li>\n<li>Ce scellant est compatible avec tous les autres gels Saida Nails.<\/li>\n<\/ul>\n<p>&nbsp;<\/p>\n<hr>\n<p><em><strong>Ingr\u00e9dients :<\/strong> Acrylates Copolymer, PPG-2 Neopentyl Glycol Diacrylate, Hydroxycyclohexyl Phenyl Ketone, Ethyl Trimethylbenzoyl Phenylphosphinate, Pentaerythrityl Tetramercapto-Propionate, Silica; May contain [+\/-]: CI45380, CI15850, CI77491, CI15985, CI77492, CI77007, CI77510, CI77742, CI77289, CI77499, CI77891, CI77000, CI77820, CI77019 MICA<\/em><\/p>\n<hr>\n<p>&nbsp;<\/p>\n","protected":false},"excerpt":{"rendered":"<p>r\u00e9sistant aux rayures, avec un effet scintillant discret, ne jaunit pas, SANS COUCHE COLLANTE<\/p>\n","protected":false},"featured_media":229947,"comment_status":"open","ping_status":"closed","template":"","meta":[],"product_brand":[],"product_cat":[676,762],"product_tag":[],"class_list":{"0":"post-229951","1":"product","2":"type-product","3":"status-publish","4":"has-post-thumbnail","6":"product_cat-soldes","7":"product_cat-gels-de-finition-scellants","9":"first","10":"instock","11":"taxable","12":"shipping-taxable","13":"purchasable","14":"product-type-simple"},"aioseo_notices":[],"_links":{"self":[{"href":"https:\/\/saida-nails.de\/fr\/wp-json\/wp\/v2\/product\/229951","targetHints":{"allow":["GET"]}}],"collection":[{"href":"https:\/\/saida-nails.de\/fr\/wp-json\/wp\/v2\/product"}],"about":[{"href":"https:\/\/saida-nails.de\/fr\/wp-json\/wp\/v2\/types\/product"}],"replies":[{"embeddable":true,"href":"https:\/\/saida-nails.de\/fr\/wp-json\/wp\/v2\/comments?post=229951"}],"wp:featuredmedia":[{"embeddable":true,"href":"https:\/\/saida-nails.de\/fr\/wp-json\/wp\/v2\/media\/229947"}],"wp:attachment":[{"href":"https:\/\/saida-nails.de\/fr\/wp-json\/wp\/v2\/media?parent=229951"}],"wp:term":[{"taxonomy":"product_brand","embeddable":true,"href":"https:\/\/saida-nails.de\/fr\/wp-json\/wp\/v2\/product_brand?post=229951"},{"taxonomy":"product_cat","embeddable":true,"href":"https:\/\/saida-nails.de\/fr\/wp-json\/wp\/v2\/product_cat?post=229951"},{"taxonomy":"product_tag","embeddable":true,"href":"https:\/\/saida-nails.de\/fr\/wp-json\/wp\/v2\/product_tag?post=229951"}],"curies":[{"name":"wp","href":"https:\/\/api.w.org\/{rel}","templated":true}]}}