{"id":229958,"date":"2024-01-09T14:56:02","date_gmt":"2024-01-09T14:56:02","guid":{"rendered":"https:\/\/saida-nails.de\/produkt\/quick-finish-glossy-15-ml"},"modified":"2026-04-10T10:25:52","modified_gmt":"2026-04-10T10:25:52","slug":"quick-finish-glossy-15-ml","status":"publish","type":"product","link":"https:\/\/saida-nails.de\/fr\/produkt\/quick-finish-glossy-15-ml","title":{"rendered":"Quick Finish GLOSSY, 15 ml"},"content":{"rendered":"<ul>\n<li>gel de finition sans TPO\/HEMA<\/li>\n<li>formule sp\u00e9cialement d\u00e9velopp\u00e9e, extr\u00eamement robuste et r\u00e9sistante aux rayures, tr\u00e8s \u00e9conomique<\/li>\n<li>polym\u00e9rise sans couche collante<\/li>\n<li>compatible avec tous les produits Saida Nails<\/li>\n<li>avec anti-jaunissement<\/li>\n<li>temps de polym\u00e9risation : LED\/UV &#8211; 60\/120 sec.<\/li>\n<li>contenu : 15 ml<\/li>\n<\/ul>\n<p>&nbsp;<\/p>\n<hr>\n<p><em><strong>Ingr\u00e9dients :<\/strong> Acrylates Copolymer, PPG-2 Neopentyl Glycol Diacrylate, Hydroxycyclohexyl Phenyl Ketone, Ethyl Trimethylbenzoyl Phenylphosphinate, Pentaerythrityl Tetramercapto-Propionate<\/em><\/p>\n<hr>\n<p>&nbsp;<\/p>\n","protected":false},"excerpt":{"rendered":"<p>Extr\u00eamement r\u00e9sistant aux rayures, ne jaunit pas, effet mouill\u00e9, SANS COUCHE COLLANTE !<\/p>\n","protected":false},"featured_media":229953,"comment_status":"open","ping_status":"closed","template":"","meta":[],"product_brand":[],"product_cat":[676,762],"product_tag":[],"class_list":{"0":"post-229958","1":"product","2":"type-product","3":"status-publish","4":"has-post-thumbnail","6":"product_cat-soldes","7":"product_cat-gels-de-finition-scellants","9":"first","10":"instock","11":"taxable","12":"shipping-taxable","13":"purchasable","14":"product-type-simple"},"aioseo_notices":[],"_links":{"self":[{"href":"https:\/\/saida-nails.de\/fr\/wp-json\/wp\/v2\/product\/229958","targetHints":{"allow":["GET"]}}],"collection":[{"href":"https:\/\/saida-nails.de\/fr\/wp-json\/wp\/v2\/product"}],"about":[{"href":"https:\/\/saida-nails.de\/fr\/wp-json\/wp\/v2\/types\/product"}],"replies":[{"embeddable":true,"href":"https:\/\/saida-nails.de\/fr\/wp-json\/wp\/v2\/comments?post=229958"}],"wp:featuredmedia":[{"embeddable":true,"href":"https:\/\/saida-nails.de\/fr\/wp-json\/wp\/v2\/media\/229953"}],"wp:attachment":[{"href":"https:\/\/saida-nails.de\/fr\/wp-json\/wp\/v2\/media?parent=229958"}],"wp:term":[{"taxonomy":"product_brand","embeddable":true,"href":"https:\/\/saida-nails.de\/fr\/wp-json\/wp\/v2\/product_brand?post=229958"},{"taxonomy":"product_cat","embeddable":true,"href":"https:\/\/saida-nails.de\/fr\/wp-json\/wp\/v2\/product_cat?post=229958"},{"taxonomy":"product_tag","embeddable":true,"href":"https:\/\/saida-nails.de\/fr\/wp-json\/wp\/v2\/product_tag?post=229958"}],"curies":[{"name":"wp","href":"https:\/\/api.w.org\/{rel}","templated":true}]}}