{"id":230008,"date":"2024-01-09T16:57:50","date_gmt":"2024-01-09T16:57:50","guid":{"rendered":"https:\/\/saida-nails.de\/produkt\/quick-finish-rainbow-15-ml"},"modified":"2026-03-12T20:16:50","modified_gmt":"2026-03-12T20:16:50","slug":"quick-finish-rainbow-15-ml","status":"publish","type":"product","link":"https:\/\/saida-nails.de\/fr\/produkt\/quick-finish-rainbow-15-ml","title":{"rendered":"Quick Finish RAINBOW, 15 ml"},"content":{"rendered":"<ul>\n<li>gel de finition sans TPO\/HEMA<\/li>\n<li>recouvert de paillettes r\u00e9fl\u00e9chissantes de haute qualit\u00e9<\/li>\n<li>brillance intense, r\u00e9sistant \u00e0 l&rsquo;usure, r\u00e9sistant aux rayures<\/li>\n<li>sans couche collante<\/li>\n<li>temps de polym\u00e9risation : LED 30-60 sec., UV 120 sec.<\/li>\n<li>compatible avec tous les gels Saida Nails<\/li>\n<li>contenu : 15 ml<\/li>\n<\/ul>\n<p>&nbsp;<\/p>\n<hr>\n<p><em><strong>Ingr\u00e9dients :<\/strong> Acrylates Copolymer, PPG-2 Neopentyl Glycol Diacrylate, Hydroxycyclohexyl Phenyl Ketone, Ethyl Trimethylbenzoyl Phenylphosphinate, Pentaerythrityl Tetramercapto-Propionate, Silica; May contain [+\/-]: CI45380, CI15850, CI77491, CI15985, CI77492, CI77007, CI77510, CI77742, CI77289, CI77499, CI77891, CI77000, CI77820, CI77019 MICA<\/em><\/p>\n<hr>\n<p>&nbsp;<\/p>\n<h2>Vid\u00e9os<\/h2>\n<div class=\"col2\">\n<div class=\"elastic-video\"><iframe loading=\"lazy\" src=\"https:\/\/www.youtube-nocookie.com\/embed\/qT8BdVNCm1M\" width=\"560\" height=\"315\" frameborder=\"0\" allowfullscreen=\"allowfullscreen\"><\/iframe><\/div>\n<\/div>\n<div class=\"col2\">\n<div class=\"elastic-video\"><iframe loading=\"lazy\" src=\"https:\/\/www.youtube-nocookie.com\/embed\/0vqR72pf9lI\" width=\"560\" height=\"315\" frameborder=\"0\" allowfullscreen=\"allowfullscreen\"><\/iframe><\/div>\n<\/div>\n","protected":false},"excerpt":{"rendered":"<p>avec paillettes r\u00e9fl\u00e9chissant la lumi\u00e8re, ne jaunissent pas, SANS COUCHE COLLANTE<\/p>\n","protected":false},"featured_media":230002,"comment_status":"open","ping_status":"closed","template":"","meta":[],"product_brand":[],"product_cat":[676,762],"product_tag":[],"class_list":{"0":"post-230008","1":"product","2":"type-product","3":"status-publish","4":"has-post-thumbnail","6":"product_cat-soldes","7":"product_cat-gels-de-finition-scellants","9":"first","10":"instock","11":"sale","12":"taxable","13":"shipping-taxable","14":"purchasable","15":"product-type-simple"},"aioseo_notices":[],"_links":{"self":[{"href":"https:\/\/saida-nails.de\/fr\/wp-json\/wp\/v2\/product\/230008","targetHints":{"allow":["GET"]}}],"collection":[{"href":"https:\/\/saida-nails.de\/fr\/wp-json\/wp\/v2\/product"}],"about":[{"href":"https:\/\/saida-nails.de\/fr\/wp-json\/wp\/v2\/types\/product"}],"replies":[{"embeddable":true,"href":"https:\/\/saida-nails.de\/fr\/wp-json\/wp\/v2\/comments?post=230008"}],"wp:featuredmedia":[{"embeddable":true,"href":"https:\/\/saida-nails.de\/fr\/wp-json\/wp\/v2\/media\/230002"}],"wp:attachment":[{"href":"https:\/\/saida-nails.de\/fr\/wp-json\/wp\/v2\/media?parent=230008"}],"wp:term":[{"taxonomy":"product_brand","embeddable":true,"href":"https:\/\/saida-nails.de\/fr\/wp-json\/wp\/v2\/product_brand?post=230008"},{"taxonomy":"product_cat","embeddable":true,"href":"https:\/\/saida-nails.de\/fr\/wp-json\/wp\/v2\/product_cat?post=230008"},{"taxonomy":"product_tag","embeddable":true,"href":"https:\/\/saida-nails.de\/fr\/wp-json\/wp\/v2\/product_tag?post=230008"}],"curies":[{"name":"wp","href":"https:\/\/api.w.org\/{rel}","templated":true}]}}