{"id":230035,"date":"2025-10-02T14:10:06","date_gmt":"2025-10-02T14:10:06","guid":{"rendered":"https:\/\/saida-nails.de\/produkt\/unicorn"},"modified":"2026-03-12T20:16:50","modified_gmt":"2026-03-12T20:16:50","slug":"unicorn","status":"publish","type":"product","link":"https:\/\/saida-nails.de\/fr\/produkt\/unicorn","title":{"rendered":"NO FILE Gel de Modelage UNICORN, 30 ml"},"content":{"rendered":"<ul>\n<li>TPO-\/HEMA-freies Aufbaugel, mit dem sogar blutige Anf\u00e4nger zauberhaft sch\u00f6ne N\u00e4gel modellieren k\u00f6nnen<\/li>\n<li>gel auto-lissant qui permet le modelage sans limage<\/li>\n<li>tr\u00e8s stable<\/li>\n<li>ne coule pas sur les bords<\/li>\n<li>faible\/aucun d\u00e9gagement de chaleur (en fonction de la lampe et de la temp\u00e9rature int\u00e9rieure\/ext\u00e9rieure)<\/li>\n<li>avec un brillant propre prononc\u00e9<\/li>\n<li>pas de jaunissement<\/li>\n<li>facile \u00e0 limer (l\u00e9g\u00e8re formation de poussi\u00e8re)<\/li>\n<li>compatible avec tous les autres gels Saida Nails<\/li>\n<li>temps de polym\u00e9risation : UV 120 sec., LED 60-90 sec.<\/li>\n<li>contenu : 30 ml<\/li>\n<\/ul>\n<p>&nbsp;<\/p>\n<hr>\n<p><em><strong>Ingr\u00e9dients :<\/strong> Bis-HEMA Polyneopentyl Glycol Adipate\/IPDI, Copolymer, Bis-HEA Poly(1,4-Butanediol)-9\/IPDI Copolymer, Bis-HEA Polyglycol Adipate\/IPDI Copolymer, Trimethylolpropane Trimethacrylate, Hexanediol Dimethacrylate, Urethane Acrylate, Hydroxycyclohexyl Phenyl Ketone, Calcium Aluminum Borosilicate, Silica Dimethyl Silylate, Ethyl Trimethylbenzoyl Phenylphosphinate, Isobornyl Methacrylate, Polyhydroxycarboxylic Acid Amides, PPG-3, Polyether Acrylate, Dipropylene Glycol Diacrylate, Polyester Acrylate, Mica, Synthetic Fluorphlogopite, Silica, Tin Oxide, Hydroquinone, p-Hydroxyanisole, CI77891, CI74260, CI74160, CI60725, CI77491, CI77492, CI77499, CI45410, CI19140, CI77742, CI77007<\/em><\/p>\n<hr>\n<p>&nbsp;<\/p>\n","protected":false},"excerpt":{"rendered":"<p>TPO-\/HEMA-freies Aufbaugel, mit dem sogar blutige Anf\u00e4nger zauberhaft sch\u00f6ne N\u00e4gel modellieren k\u00f6nnen gel auto-lissant qui permet le modelage sans limage tr\u00e8s stable ne coule pas sur les bords faible\/aucun d\u00e9gagement de chaleur (en fonction de la lampe et de la temp\u00e9rature int\u00e9rieure\/ext\u00e9rieure) avec un brillant propre prononc\u00e9 pas de jaunissement facile \u00e0 limer (l\u00e9g\u00e8re formation [&#8230;]\n","protected":false},"featured_media":230033,"comment_status":"open","ping_status":"closed","template":"","meta":[],"product_brand":[],"product_cat":[678,680,723,1043],"product_tag":[],"class_list":{"0":"post-230035","1":"product","2":"type-product","3":"status-publish","4":"has-post-thumbnail","6":"product_cat-gels-de-modelage","7":"product_cat-nouveautes","8":"product_cat-no-file-gels-de-modelage","9":"product_cat-tous-les-gels-de-modelage","11":"first","12":"instock","13":"taxable","14":"shipping-taxable","15":"purchasable","16":"product-type-simple"},"aioseo_notices":[],"_links":{"self":[{"href":"https:\/\/saida-nails.de\/fr\/wp-json\/wp\/v2\/product\/230035","targetHints":{"allow":["GET"]}}],"collection":[{"href":"https:\/\/saida-nails.de\/fr\/wp-json\/wp\/v2\/product"}],"about":[{"href":"https:\/\/saida-nails.de\/fr\/wp-json\/wp\/v2\/types\/product"}],"replies":[{"embeddable":true,"href":"https:\/\/saida-nails.de\/fr\/wp-json\/wp\/v2\/comments?post=230035"}],"wp:featuredmedia":[{"embeddable":true,"href":"https:\/\/saida-nails.de\/fr\/wp-json\/wp\/v2\/media\/230033"}],"wp:attachment":[{"href":"https:\/\/saida-nails.de\/fr\/wp-json\/wp\/v2\/media?parent=230035"}],"wp:term":[{"taxonomy":"product_brand","embeddable":true,"href":"https:\/\/saida-nails.de\/fr\/wp-json\/wp\/v2\/product_brand?post=230035"},{"taxonomy":"product_cat","embeddable":true,"href":"https:\/\/saida-nails.de\/fr\/wp-json\/wp\/v2\/product_cat?post=230035"},{"taxonomy":"product_tag","embeddable":true,"href":"https:\/\/saida-nails.de\/fr\/wp-json\/wp\/v2\/product_tag?post=230035"}],"curies":[{"name":"wp","href":"https:\/\/api.w.org\/{rel}","templated":true}]}}