{"id":230056,"date":"2025-12-18T09:00:07","date_gmt":"2025-12-18T09:00:07","guid":{"rendered":"https:\/\/saida-nails.de\/produkt\/liquid-builder-shimmer-peach-dream-2"},"modified":"2026-02-27T11:09:19","modified_gmt":"2026-02-27T11:09:19","slug":"liquid-builder-shimmer-peach-dream","status":"publish","type":"product","link":"https:\/\/saida-nails.de\/fr\/produkt\/liquid-builder-shimmer-peach-dream","title":{"rendered":"LIQUID SHIMMER Builder PEACH DREAM, 30 ml"},"content":{"rendered":"<ul>\n<li>gel de modelage sans TPO\/HEMA avec un effet paillet\u00e9 tr\u00e8s discret<\/li>\n<li>faible viscosit\u00e9 &#8211; id\u00e9al pour les ongles courts<\/li>\n<li>tr\u00e8s stable<\/li>\n<li>faible\/aucun d\u00e9gagement de chaleur (en fonction de la lampe et de la temp\u00e9rature int\u00e9rieure\/ext\u00e9rieure)<\/li>\n<li>pas de jaunissement<\/li>\n<li>facile \u00e0 limer (l\u00e9g\u00e8re formation de poussi\u00e8re)<\/li>\n<li>compatible avec tous les autres gels Saida Nails<\/li>\n<li>temps de polym\u00e9risation : UV 120 sec., LED 60-90 sec.<\/li>\n<li>contenu : 30 ml<\/li>\n<\/ul>\n<p>&nbsp;<\/p>\n<hr \/>\n<p><em><strong>Ingr\u00e9dients :<\/strong> Acrylates Copolymer, Hydroxypropyl Methacrylate, Ethyl Trimethylbenzoyl Phenylphosphinate, Hydroxycyclohexyl Phenyl Ketone, Pigments; Pigments may contain [+\/-]: CI15850, CI77491, CI15985, CI77492, CI77007, CI77510, CI77742, CI77289, CI77499, CI77891, CI77000, CI77019 MICA<\/em><\/p>\n<hr \/>\n<p>&nbsp;<\/p>\n","protected":false},"excerpt":{"rendered":"<p>gel de modelage sans TPO\/HEMA avec un effet paillet\u00e9 tr\u00e8s discret faible viscosit\u00e9 &#8211; id\u00e9al pour les ongles courts tr\u00e8s stable faible\/aucun d\u00e9gagement de chaleur (en fonction de la lampe et de la temp\u00e9rature int\u00e9rieure\/ext\u00e9rieure) pas de jaunissement facile \u00e0 limer (l\u00e9g\u00e8re formation de poussi\u00e8re) compatible avec tous les autres gels Saida Nails temps de [&#8230;]\n","protected":false},"featured_media":230046,"comment_status":"open","ping_status":"closed","template":"","meta":[],"product_brand":[],"product_cat":[678,680,724,1043],"product_tag":[],"class_list":{"0":"post-230056","1":"product","2":"type-product","3":"status-publish","4":"has-post-thumbnail","6":"product_cat-gels-de-modelage","7":"product_cat-nouveautes","8":"product_cat-liquid-shimmer-gels-de-modelage","9":"product_cat-tous-les-gels-de-modelage","11":"first","12":"instock","13":"taxable","14":"shipping-taxable","15":"purchasable","16":"product-type-simple"},"aioseo_notices":[],"_links":{"self":[{"href":"https:\/\/saida-nails.de\/fr\/wp-json\/wp\/v2\/product\/230056","targetHints":{"allow":["GET"]}}],"collection":[{"href":"https:\/\/saida-nails.de\/fr\/wp-json\/wp\/v2\/product"}],"about":[{"href":"https:\/\/saida-nails.de\/fr\/wp-json\/wp\/v2\/types\/product"}],"replies":[{"embeddable":true,"href":"https:\/\/saida-nails.de\/fr\/wp-json\/wp\/v2\/comments?post=230056"}],"wp:featuredmedia":[{"embeddable":true,"href":"https:\/\/saida-nails.de\/fr\/wp-json\/wp\/v2\/media\/230046"}],"wp:attachment":[{"href":"https:\/\/saida-nails.de\/fr\/wp-json\/wp\/v2\/media?parent=230056"}],"wp:term":[{"taxonomy":"product_brand","embeddable":true,"href":"https:\/\/saida-nails.de\/fr\/wp-json\/wp\/v2\/product_brand?post=230056"},{"taxonomy":"product_cat","embeddable":true,"href":"https:\/\/saida-nails.de\/fr\/wp-json\/wp\/v2\/product_cat?post=230056"},{"taxonomy":"product_tag","embeddable":true,"href":"https:\/\/saida-nails.de\/fr\/wp-json\/wp\/v2\/product_tag?post=230056"}],"curies":[{"name":"wp","href":"https:\/\/api.w.org\/{rel}","templated":true}]}}