{"id":230082,"date":"2024-01-08T20:06:45","date_gmt":"2024-01-08T20:06:45","guid":{"rendered":"https:\/\/saida-nails.de\/produkt\/easy-build-up-skin-30-ml"},"modified":"2026-02-20T04:14:01","modified_gmt":"2026-02-20T04:14:01","slug":"easy-build-up-skin-30-ml","status":"publish","type":"product","link":"https:\/\/saida-nails.de\/fr\/produkt\/easy-build-up-skin-30-ml","title":{"rendered":"Easy Build Up SKIN, 30 ml"},"content":{"rendered":"<ul>\n<li>gel de modelage sans TPO\/HEMA<\/li>\n<li>gel auto-lissant qui permet le modelage sans limage<\/li>\n<li>tr\u00e8s stable<\/li>\n<li>couvrant<\/li>\n<li>viscosit\u00e9 moyenne\/\u00e9lev\u00e9e<\/li>\n<li>ne coule pas sur les bords<\/li>\n<li>faible\/aucun d\u00e9gagement de chaleur (en fonction de la lampe et de la temp\u00e9rature int\u00e9rieure\/ext\u00e9rieure)<\/li>\n<li>pas de jaunissement<\/li>\n<li>facile \u00e0 limer (l\u00e9g\u00e8re formation de poussi\u00e8re)<\/li>\n<li>compatible avec tous les autres gels Saida Nails<\/li>\n<li>temps de polym\u00e9risation : UV 120 sec., LED 60-90 sec.<\/li>\n<li>contenu : 30 ml<\/li>\n<\/ul>\n<p>&nbsp;<\/p>\n<hr>\n<p><em><strong>Ingr\u00e9dients :<\/strong> Urethane Acrylate Oligomer, Di-HEMA Trimethylhexyl Dicarbamate, Hydroxypropyl Methacrylate, Tripropylene Glycol Diacrylate, Methyl Benzoylformate, Silica Dimethicone Silylate, CI 77491, CI 77492, CI 77499, CI 77891, Glass, Silica Dimethyl Silylate, p-Hydroxyanisole<\/em><\/p>\n<hr>\n<p>&nbsp;<\/p>\n<h2>Vid\u00e9os<\/h2>\n<div class=\"col2\">\n<div class=\"elastic-video\"><iframe loading=\"lazy\" src=\"https:\/\/www.youtube-nocookie.com\/embed\/JPsbWkXwWEc\" width=\"560\" height=\"315\" frameborder=\"0\" allowfullscreen=\"allowfullscreen\"><\/iframe><\/div>\n<\/div>\n<div class=\"col2\">\n<div class=\"elastic-video\"><iframe loading=\"lazy\" src=\"https:\/\/www.youtube-nocookie.com\/embed\/FSxTcCTr5zg\" width=\"560\" height=\"315\" frameborder=\"0\" allowfullscreen=\"allowfullscreen\"><\/iframe><\/div>\n<\/div>\n","protected":false},"excerpt":{"rendered":"<p>gel de fibre de verre stable<\/p>\n","protected":false},"featured_media":230078,"comment_status":"open","ping_status":"closed","template":"","meta":[],"product_brand":[],"product_cat":[678,679,1043],"product_tag":[],"class_list":{"0":"post-230082","1":"product","2":"type-product","3":"status-publish","4":"has-post-thumbnail","6":"product_cat-gels-de-modelage","7":"product_cat-easy-build-up-gels-de-modelage","8":"product_cat-tous-les-gels-de-modelage","10":"first","11":"instock","12":"taxable","13":"shipping-taxable","14":"purchasable","15":"product-type-simple"},"aioseo_notices":[],"_links":{"self":[{"href":"https:\/\/saida-nails.de\/fr\/wp-json\/wp\/v2\/product\/230082","targetHints":{"allow":["GET"]}}],"collection":[{"href":"https:\/\/saida-nails.de\/fr\/wp-json\/wp\/v2\/product"}],"about":[{"href":"https:\/\/saida-nails.de\/fr\/wp-json\/wp\/v2\/types\/product"}],"replies":[{"embeddable":true,"href":"https:\/\/saida-nails.de\/fr\/wp-json\/wp\/v2\/comments?post=230082"}],"wp:featuredmedia":[{"embeddable":true,"href":"https:\/\/saida-nails.de\/fr\/wp-json\/wp\/v2\/media\/230078"}],"wp:attachment":[{"href":"https:\/\/saida-nails.de\/fr\/wp-json\/wp\/v2\/media?parent=230082"}],"wp:term":[{"taxonomy":"product_brand","embeddable":true,"href":"https:\/\/saida-nails.de\/fr\/wp-json\/wp\/v2\/product_brand?post=230082"},{"taxonomy":"product_cat","embeddable":true,"href":"https:\/\/saida-nails.de\/fr\/wp-json\/wp\/v2\/product_cat?post=230082"},{"taxonomy":"product_tag","embeddable":true,"href":"https:\/\/saida-nails.de\/fr\/wp-json\/wp\/v2\/product_tag?post=230082"}],"curies":[{"name":"wp","href":"https:\/\/api.w.org\/{rel}","templated":true}]}}