{"id":230167,"date":"2024-01-08T14:51:15","date_gmt":"2024-01-08T14:51:15","guid":{"rendered":"https:\/\/saida-nails.de\/produkt\/builder-gel-glitter-n-02-pink-passion-30-ml"},"modified":"2026-03-13T09:16:28","modified_gmt":"2026-03-13T09:16:28","slug":"builder-gel-glitter-n-02-pink-passion-30-ml","status":"publish","type":"product","link":"https:\/\/saida-nails.de\/fr\/produkt\/builder-gel-glitter-n-02-pink-passion-30-ml","title":{"rendered":"Builder Gel GLITTER Pink Passion, 30 ml"},"content":{"rendered":"<ul>\n<li>gel de modelage sans TPO<\/li>\n<li>un gel de base cristallin avec des paillettes cam\u00e9l\u00e9on qui scintillent diff\u00e9remment selon la lumi\u00e8re<\/li>\n<li>comme base, nous recommandons : <a href=\"https:\/\/saida-nails.de\/fr\/produkt\/gel-adherent-mega-bond\">gel adh\u00e9rent Mega Bond<\/a><\/li>\n<li>pas de d\u00e9gagement de chaleur, pas de jaunissement<\/li>\n<li>thixotrope<\/li>\n<li>tr\u00e8s stable<\/li>\n<li>ce gel de base est compatible avec tous les autres gels Saida Nails<\/li>\n<li>convient aux lampes UV et LED<\/li>\n<li><strong>Attention ! Temps de polym\u00e9risation plus longs en raison de la forte densit\u00e9 des paillettes cam\u00e9l\u00e9on. <\/strong> LED : 90 sec. \/ UV : 180-240 sec. <\/li>\n<li>contenu : 30 ml<\/li>\n<\/ul>\n<p><b><span style=\"color: #ff0000;\">ATTENTION ! Les gels Builder Glitter ont une propri\u00e9t\u00e9 thixotrope. Si vous avez re\u00e7u un lot qui n&rsquo;est pas assez onctueux, veuillez m\u00e9langer le gel bri\u00e8vement avant utilisation (3 \u00e0 4 mouvements suffisent) et le gel sera alors facile \u00e0 travailler. Veuillez noter que plus vous m\u00e9langez le gel, plus il devient liquide ! Ne craignez pas les bulles : elles ne se forment pas lors du m\u00e9lange.   <\/span><\/b><\/p>\n<p>&nbsp;<\/p>\n<hr>\n<p><em><strong>Ingr\u00e9dients:<\/strong> Acrylates Copolymer, Hydroxypropyl Methacrylate, Ethyl Trimethylbenzoyl Phenylphosphinate, Silica, Pigments<\/em><\/p>\n<hr>\n<p>&nbsp;<\/p>\n<h2>Vid\u00e9os<\/h2>\n<div class=\"col2\">\n<div class=\"elastic-video\"><iframe loading=\"lazy\" src=\"https:\/\/www.youtube-nocookie.com\/embed\/r3k783X_Wu4\" width=\"560\" height=\"315\" frameborder=\"0\" allowfullscreen=\"allowfullscreen\"><\/iframe><\/div>\n<\/div>\n<div class=\"col2\">\n<div class=\"elastic-video\"><iframe loading=\"lazy\" src=\"https:\/\/www.youtube-nocookie.com\/embed\/X1SoPDbQpVY\" width=\"560\" height=\"315\" frameborder=\"0\" allowfullscreen=\"allowfullscreen\"><\/iframe><\/div>\n<\/div>\n<div class=\"col2\">\n<div class=\"elastic-video\"><iframe loading=\"lazy\" src=\"https:\/\/www.youtube-nocookie.com\/embed\/driAXJTyq7I\" width=\"560\" height=\"315\" frameborder=\"0\" allowfullscreen=\"allowfullscreen\"><\/iframe><\/div>\n<\/div>\n","protected":false},"excerpt":{"rendered":"<p>Des ongles tendance garantis !<\/p>\n","protected":false},"featured_media":230162,"comment_status":"open","ping_status":"closed","template":"","meta":[],"product_brand":[],"product_cat":[676,678,725,1043],"product_tag":[],"class_list":{"0":"post-230167","1":"product","2":"type-product","3":"status-publish","4":"has-post-thumbnail","6":"product_cat-soldes","7":"product_cat-gels-de-modelage","8":"product_cat-glitter-builder-gels-de-modelage","9":"product_cat-tous-les-gels-de-modelage","11":"first","12":"instock","13":"sale","14":"taxable","15":"shipping-taxable","16":"purchasable","17":"product-type-simple"},"aioseo_notices":[],"_links":{"self":[{"href":"https:\/\/saida-nails.de\/fr\/wp-json\/wp\/v2\/product\/230167","targetHints":{"allow":["GET"]}}],"collection":[{"href":"https:\/\/saida-nails.de\/fr\/wp-json\/wp\/v2\/product"}],"about":[{"href":"https:\/\/saida-nails.de\/fr\/wp-json\/wp\/v2\/types\/product"}],"replies":[{"embeddable":true,"href":"https:\/\/saida-nails.de\/fr\/wp-json\/wp\/v2\/comments?post=230167"}],"wp:featuredmedia":[{"embeddable":true,"href":"https:\/\/saida-nails.de\/fr\/wp-json\/wp\/v2\/media\/230162"}],"wp:attachment":[{"href":"https:\/\/saida-nails.de\/fr\/wp-json\/wp\/v2\/media?parent=230167"}],"wp:term":[{"taxonomy":"product_brand","embeddable":true,"href":"https:\/\/saida-nails.de\/fr\/wp-json\/wp\/v2\/product_brand?post=230167"},{"taxonomy":"product_cat","embeddable":true,"href":"https:\/\/saida-nails.de\/fr\/wp-json\/wp\/v2\/product_cat?post=230167"},{"taxonomy":"product_tag","embeddable":true,"href":"https:\/\/saida-nails.de\/fr\/wp-json\/wp\/v2\/product_tag?post=230167"}],"curies":[{"name":"wp","href":"https:\/\/api.w.org\/{rel}","templated":true}]}}