{"id":230189,"date":"2024-01-08T14:32:34","date_gmt":"2024-01-08T14:32:34","guid":{"rendered":"https:\/\/saida-nails.de\/produkt\/gel-pour-chablons-50-ml"},"modified":"2025-12-19T13:46:32","modified_gmt":"2025-12-19T13:46:32","slug":"gel-pour-chablons-50-ml","status":"publish","type":"product","link":"https:\/\/saida-nails.de\/fr\/produkt\/gel-pour-chablons-50-ml","title":{"rendered":"Gel pour Chablons, 50 ml"},"content":{"rendered":"<ul>\n<li>gel UV sans TPO\/HEMA<\/li>\n<li>gel de modelage tr\u00e8s \u00e9pais et transparent<\/li>\n<li>particuli\u00e8rement adapt\u00e9 \u00e0 l&rsquo;extension des ongles avec la technique du chablon<\/li>\n<li>id\u00e9al pour le pinching<\/li>\n<li>tr\u00e8s stable<\/li>\n<li>stable, non auto-lissant<\/li>\n<li>50 ml<\/li>\n<\/ul>\n<p>&nbsp;<\/p>\n<hr>\n<p><em><strong>Ingr\u00e9dients :<\/strong> Aliphatic Urethane Acrylate, Aliphatic Urethane, Methacrylate, Silica, Triethyleneglycoldimethacrylate, Bisphenol-A-Glycerolat-(1-Glycerol\/Phenol)-Dimethacrylate, 1-Hydroxycyclohexylphenylketon, Isobornylmethacrylate, Ethylhexyl Acrylate, Ethoxylated Trimethyolpropane Triacrylate, 4-Methoxyphenol, modified Polysiloxane, Hydroquinone, CI 60725<\/em><\/p>\n<hr>\n<p>&nbsp;<\/p>\n","protected":false},"excerpt":{"rendered":"<p>gel UV sans TPO\/HEMA gel de modelage tr\u00e8s \u00e9pais et transparent particuli\u00e8rement adapt\u00e9 \u00e0 l&rsquo;extension des ongles avec la technique du chablon id\u00e9al pour le pinching tr\u00e8s stable stable, non auto-lissant 50 ml &nbsp; Ingr\u00e9dients : Aliphatic Urethane Acrylate, Aliphatic Urethane, Methacrylate, Silica, Triethyleneglycoldimethacrylate, Bisphenol-A-Glycerolat-(1-Glycerol\/Phenol)-Dimethacrylate, 1-Hydroxycyclohexylphenylketon, Isobornylmethacrylate, Ethylhexyl Acrylate, Ethoxylated Trimethyolpropane Triacrylate, 4-Methoxyphenol, modified Polysiloxane, [&#8230;]\n","protected":false},"featured_media":230187,"comment_status":"open","ping_status":"closed","template":"","meta":[],"product_brand":[],"product_cat":[678,1043],"product_tag":[],"class_list":{"0":"post-230189","1":"product","2":"type-product","3":"status-publish","4":"has-post-thumbnail","6":"product_cat-gels-de-modelage","7":"product_cat-tous-les-gels-de-modelage","9":"first","10":"instock","11":"sale","12":"taxable","13":"shipping-taxable","14":"purchasable","15":"product-type-simple"},"aioseo_notices":[],"_links":{"self":[{"href":"https:\/\/saida-nails.de\/fr\/wp-json\/wp\/v2\/product\/230189","targetHints":{"allow":["GET"]}}],"collection":[{"href":"https:\/\/saida-nails.de\/fr\/wp-json\/wp\/v2\/product"}],"about":[{"href":"https:\/\/saida-nails.de\/fr\/wp-json\/wp\/v2\/types\/product"}],"replies":[{"embeddable":true,"href":"https:\/\/saida-nails.de\/fr\/wp-json\/wp\/v2\/comments?post=230189"}],"wp:featuredmedia":[{"embeddable":true,"href":"https:\/\/saida-nails.de\/fr\/wp-json\/wp\/v2\/media\/230187"}],"wp:attachment":[{"href":"https:\/\/saida-nails.de\/fr\/wp-json\/wp\/v2\/media?parent=230189"}],"wp:term":[{"taxonomy":"product_brand","embeddable":true,"href":"https:\/\/saida-nails.de\/fr\/wp-json\/wp\/v2\/product_brand?post=230189"},{"taxonomy":"product_cat","embeddable":true,"href":"https:\/\/saida-nails.de\/fr\/wp-json\/wp\/v2\/product_cat?post=230189"},{"taxonomy":"product_tag","embeddable":true,"href":"https:\/\/saida-nails.de\/fr\/wp-json\/wp\/v2\/product_tag?post=230189"}],"curies":[{"name":"wp","href":"https:\/\/api.w.org\/{rel}","templated":true}]}}