{"id":230203,"date":"2024-01-08T13:17:03","date_gmt":"2024-01-08T13:17:03","guid":{"rendered":"https:\/\/saida-nails.de\/produkt\/gel-de-modelage-01-clear-50-ml"},"modified":"2026-03-11T03:58:58","modified_gmt":"2026-03-11T03:58:58","slug":"gel-de-modelage-01-clear-50-ml","status":"publish","type":"product","link":"https:\/\/saida-nails.de\/fr\/produkt\/gel-de-modelage-01-clear-50-ml","title":{"rendered":"Gel de Modelage 01 CLEAR, 50 ml"},"content":{"rendered":"<ul>\n<li>id\u00e9al \u00e9galement pour les clientes ayant des \u00ab ongles \u00e0 probl\u00e8mes \u00bb<\/li>\n<li>stable, mais auto-lissant, ne coule pas sur les bords<\/li>\n<li>plus besoin de limer<\/li>\n<li>faible d\u00e9gagement de chaleur<\/li>\n<li>tr\u00e8s stable<\/li>\n<li>convient aux ongles extra-longs<\/li>\n<li>cristallin, peut \u00e9galement \u00eatre appliqu\u00e9 sur des gels color\u00e9s\/paillet\u00e9s sans \u00ab absorber \u00bb la couleur<\/li>\n<li>temps de polym\u00e9risation : 120 secondes (lampe UV)<\/li>\n<li>Ce gel de modelage convient aux lampes UV, LED et CCFL.<\/li>\n<li>50 ml<\/li>\n<\/ul>\n<p>&nbsp;<\/p>\n<hr \/>\n<p><em><strong>Ingr\u00e9dients :<\/strong> Acrylates Copolymer, Hydroxypropyl Methacrylate, Ethyl Trimethylbenzoyl Phenylphosphinate, Silicon Dioxide; May contain [+\/-]: CI 45380, CI 15850, CI 77491, CI 15985, CI 77492, CI 77007, CI 77510, CI 77742, CI 77289, CI 77499, CI 77891, CI 77000, CI 77820, CI 77019 MICA<\/em><\/p>\n","protected":false},"excerpt":{"rendered":"<p>id\u00e9al \u00e9galement pour les clientes ayant des \u00ab ongles \u00e0 probl\u00e8mes \u00bb stable, mais auto-lissant, ne coule pas sur les bords plus besoin de limer faible d\u00e9gagement de chaleur tr\u00e8s stable convient aux ongles extra-longs cristallin, peut \u00e9galement \u00eatre appliqu\u00e9 sur des gels color\u00e9s\/paillet\u00e9s sans \u00ab absorber \u00bb la couleur temps de polym\u00e9risation : 120 [&#8230;]\n","protected":false},"featured_media":230199,"comment_status":"open","ping_status":"closed","template":"","meta":[],"product_brand":[],"product_cat":[676,678,1043],"product_tag":[],"class_list":{"0":"post-230203","1":"product","2":"type-product","3":"status-publish","4":"has-post-thumbnail","6":"product_cat-soldes","7":"product_cat-gels-de-modelage","8":"product_cat-tous-les-gels-de-modelage","10":"first","11":"instock","12":"taxable","13":"shipping-taxable","14":"purchasable","15":"product-type-simple"},"aioseo_notices":[],"_links":{"self":[{"href":"https:\/\/saida-nails.de\/fr\/wp-json\/wp\/v2\/product\/230203","targetHints":{"allow":["GET"]}}],"collection":[{"href":"https:\/\/saida-nails.de\/fr\/wp-json\/wp\/v2\/product"}],"about":[{"href":"https:\/\/saida-nails.de\/fr\/wp-json\/wp\/v2\/types\/product"}],"replies":[{"embeddable":true,"href":"https:\/\/saida-nails.de\/fr\/wp-json\/wp\/v2\/comments?post=230203"}],"wp:featuredmedia":[{"embeddable":true,"href":"https:\/\/saida-nails.de\/fr\/wp-json\/wp\/v2\/media\/230199"}],"wp:attachment":[{"href":"https:\/\/saida-nails.de\/fr\/wp-json\/wp\/v2\/media?parent=230203"}],"wp:term":[{"taxonomy":"product_brand","embeddable":true,"href":"https:\/\/saida-nails.de\/fr\/wp-json\/wp\/v2\/product_brand?post=230203"},{"taxonomy":"product_cat","embeddable":true,"href":"https:\/\/saida-nails.de\/fr\/wp-json\/wp\/v2\/product_cat?post=230203"},{"taxonomy":"product_tag","embeddable":true,"href":"https:\/\/saida-nails.de\/fr\/wp-json\/wp\/v2\/product_tag?post=230203"}],"curies":[{"name":"wp","href":"https:\/\/api.w.org\/{rel}","templated":true}]}}