{"id":230238,"date":"2024-01-09T02:42:34","date_gmt":"2024-01-09T02:42:34","guid":{"rendered":"https:\/\/saida-nails.de\/produkt\/gel-french-snow-white"},"modified":"2026-04-21T20:54:40","modified_gmt":"2026-04-21T20:54:40","slug":"gel-french-snow-white","status":"publish","type":"product","link":"https:\/\/saida-nails.de\/fr\/produkt\/gel-french-snow-white","title":{"rendered":"Gel French SNOW WHITE, 5 ml"},"content":{"rendered":"<ul>\n<li>gel French sans TPO\/HEMA<\/li>\n<li>fort pouvoir couvrant<\/li>\n<li>pr\u00e9sente une couche collante l\u00e9g\u00e8rement prononc\u00e9e<\/li>\n<li>ne n\u00e9cessite pas d&rsquo;\u00eatre remu\u00e9<\/li>\n<li>ne s&rsquo;\u00e9caille pas et ne forme pas de bulles, m\u00eame en cas d&rsquo;application \u00e9paisse<\/li>\n<li>gr\u00e2ce \u00e0 sa viscosit\u00e9 parfaite, peut \u00eatre utilis\u00e9 aussi bien sous que sur la couche de construction<\/li>\n<li>temps de polym\u00e9risation sous lampe UV : 120 sec.<\/li>\n<li>contenu : 5 ml<\/li>\n<\/ul>\n<p>&nbsp;<\/p>\n<hr>\n<p><em><strong>Ingr\u00e9dients :<\/strong> Acrylates Copolymer, Hydroxypropyl Methacrylate, Ethyl Trimethylbenzoyl Phenylphosphinate, Silicon Dioxide; May contain [+\/-]: CI45380, CI17200, CI15850, CI77491, CI15985, CI77492, CI77007, CI77510, CI77742, CI77289, CI77499, CI77820<\/em><\/p>\n<hr>\n<p>&nbsp;<\/p>\n<h2>Vid\u00e9os<\/h2>\n<div class=\"col2\">\n<div class=\"elastic-video\"><iframe loading=\"lazy\" src=\"https:\/\/www.youtube-nocookie.com\/embed\/o8JZx62v9RQ\" width=\"560\" height=\"315\" frameborder=\"0\" allowfullscreen=\"allowfullscreen\"><\/iframe><\/div>\n<\/div>\n<div class=\"col2\">\n<div class=\"elastic-video\"><iframe loading=\"lazy\" src=\"https:\/\/www.youtube-nocookie.com\/embed\/lunMkRXiw9w\" width=\"560\" height=\"315\" frameborder=\"0\" allowfullscreen=\"allowfullscreen\"><\/iframe><\/div>\n<\/div>\n","protected":false},"excerpt":{"rendered":"<p>gel French sans TPO\/HEMA fort pouvoir couvrant pr\u00e9sente une couche collante l\u00e9g\u00e8rement prononc\u00e9e ne n\u00e9cessite pas d&rsquo;\u00eatre remu\u00e9 ne s&rsquo;\u00e9caille pas et ne forme pas de bulles, m\u00eame en cas d&rsquo;application \u00e9paisse gr\u00e2ce \u00e0 sa viscosit\u00e9 parfaite, peut \u00eatre utilis\u00e9 aussi bien sous que sur la couche de construction temps de polym\u00e9risation sous lampe UV [&#8230;]\n","protected":false},"featured_media":230232,"comment_status":"open","ping_status":"closed","template":"","meta":[],"product_brand":[],"product_cat":[730,745],"product_tag":[],"class_list":{"0":"post-230238","1":"product","2":"type-product","3":"status-publish","4":"has-post-thumbnail","6":"product_cat-gels-french","7":"product_cat-cracking-liquid","8":"pa_inhalt-5-ml","9":"pa_inhalt-15-ml","11":"first","12":"instock","13":"taxable","14":"shipping-taxable","15":"purchasable","16":"product-type-simple"},"aioseo_notices":[],"_links":{"self":[{"href":"https:\/\/saida-nails.de\/fr\/wp-json\/wp\/v2\/product\/230238","targetHints":{"allow":["GET"]}}],"collection":[{"href":"https:\/\/saida-nails.de\/fr\/wp-json\/wp\/v2\/product"}],"about":[{"href":"https:\/\/saida-nails.de\/fr\/wp-json\/wp\/v2\/types\/product"}],"replies":[{"embeddable":true,"href":"https:\/\/saida-nails.de\/fr\/wp-json\/wp\/v2\/comments?post=230238"}],"wp:featuredmedia":[{"embeddable":true,"href":"https:\/\/saida-nails.de\/fr\/wp-json\/wp\/v2\/media\/230232"}],"wp:attachment":[{"href":"https:\/\/saida-nails.de\/fr\/wp-json\/wp\/v2\/media?parent=230238"}],"wp:term":[{"taxonomy":"product_brand","embeddable":true,"href":"https:\/\/saida-nails.de\/fr\/wp-json\/wp\/v2\/product_brand?post=230238"},{"taxonomy":"product_cat","embeddable":true,"href":"https:\/\/saida-nails.de\/fr\/wp-json\/wp\/v2\/product_cat?post=230238"},{"taxonomy":"product_tag","embeddable":true,"href":"https:\/\/saida-nails.de\/fr\/wp-json\/wp\/v2\/product_tag?post=230238"}],"curies":[{"name":"wp","href":"https:\/\/api.w.org\/{rel}","templated":true}]}}