{"id":230265,"date":"2024-01-09T02:13:54","date_gmt":"2024-01-09T02:13:54","guid":{"rendered":"https:\/\/saida-nails.de\/produkt\/french-light-white-15-ml"},"modified":"2026-02-09T08:51:31","modified_gmt":"2026-02-09T08:51:31","slug":"french-light-white-15-ml","status":"publish","type":"product","link":"https:\/\/saida-nails.de\/fr\/produkt\/french-light-white-15-ml","title":{"rendered":"Gel French Light White, 15 ml"},"content":{"rendered":"<ul>\n<li>gel French sans TPO\/HEMA<\/li>\n<li>thixotrope<\/li>\n<li>convient aussi bien pour le remplissage que pour l&rsquo;extension\/le remodelage<\/li>\n<li>l\u00e9g\u00e8rement laiteux, viscosit\u00e9 moyenne, stable<\/li>\n<li>temps de polym\u00e9risation : UV 120 sec., CCFL 60 sec.<\/li>\n<li>compatible avec tous les autres gels Saida Nails<\/li>\n<li>contenu : 15 ml<\/li>\n<\/ul>\n<p>&nbsp;<\/p>\n<hr>\n<p><em><strong>Ingr\u00e9dients :<\/strong> Di-HEMA Trimethylhexyl Dicarbamate, Urethane Acrylate Oligomer, Hydroxypropyl Methacrylate, Tripropylene Glycol Diacrylate, Methyl Benzoylformate, Silica Dimethicone Silylate, CI 77891, p-Hydroxyanisole<\/em><\/p>\n<hr>\n<div class=\"col2\">\n<div class=\"elastic-video\"><\/div>\n<\/div>\n","protected":false},"excerpt":{"rendered":"<p>Convient pour une extension sur chablon, parfait pour les baby-boomers !<\/p>\n","protected":false},"featured_media":230261,"comment_status":"open","ping_status":"closed","template":"","meta":[],"product_brand":[],"product_cat":[676,730],"product_tag":[],"class_list":{"0":"post-230265","1":"product","2":"type-product","3":"status-publish","4":"has-post-thumbnail","6":"product_cat-soldes","7":"product_cat-gels-french","9":"first","10":"instock","11":"sale","12":"taxable","13":"shipping-taxable","14":"purchasable","15":"product-type-simple"},"aioseo_notices":[],"_links":{"self":[{"href":"https:\/\/saida-nails.de\/fr\/wp-json\/wp\/v2\/product\/230265","targetHints":{"allow":["GET"]}}],"collection":[{"href":"https:\/\/saida-nails.de\/fr\/wp-json\/wp\/v2\/product"}],"about":[{"href":"https:\/\/saida-nails.de\/fr\/wp-json\/wp\/v2\/types\/product"}],"replies":[{"embeddable":true,"href":"https:\/\/saida-nails.de\/fr\/wp-json\/wp\/v2\/comments?post=230265"}],"wp:featuredmedia":[{"embeddable":true,"href":"https:\/\/saida-nails.de\/fr\/wp-json\/wp\/v2\/media\/230261"}],"wp:attachment":[{"href":"https:\/\/saida-nails.de\/fr\/wp-json\/wp\/v2\/media?parent=230265"}],"wp:term":[{"taxonomy":"product_brand","embeddable":true,"href":"https:\/\/saida-nails.de\/fr\/wp-json\/wp\/v2\/product_brand?post=230265"},{"taxonomy":"product_cat","embeddable":true,"href":"https:\/\/saida-nails.de\/fr\/wp-json\/wp\/v2\/product_cat?post=230265"},{"taxonomy":"product_tag","embeddable":true,"href":"https:\/\/saida-nails.de\/fr\/wp-json\/wp\/v2\/product_tag?post=230265"}],"curies":[{"name":"wp","href":"https:\/\/api.w.org\/{rel}","templated":true}]}}