{"id":230272,"date":"2025-10-22T07:09:19","date_gmt":"2025-10-22T07:09:19","guid":{"rendered":"https:\/\/saida-nails.de\/produkt\/primer-sans-acide-10-ml"},"modified":"2025-10-22T07:09:19","modified_gmt":"2025-10-22T07:09:19","slug":"primer-sans-acide-10-ml","status":"publish","type":"product","link":"https:\/\/saida-nails.de\/fr\/produkt\/primer-sans-acide-10-ml","title":{"rendered":"Primer, sans acide, 10 ml"},"content":{"rendered":"<ul>\n<li>pour la pr\u00e9paration des ongles naturels en cas de probl\u00e8mes d&rsquo;adh\u00e9rence et d&rsquo;ongles difficiles<\/li>\n<li>pour d\u00e9graisser l&rsquo;ongle naturel et garantir une bonne adh\u00e9rence du modelage des ongles<\/li>\n<li>emp\u00eache le regraissage de l&rsquo;ongle naturel<\/li>\n<li>convient \u00e0 tous les types de modelage (gel, gel acrylique, acrylique ou vernis gel)<\/li>\n<li>sans acide<\/li>\n<li>s\u00e8che \u00e0 l&rsquo;air libre<\/li>\n<li>contenu : 10 ml<\/li>\n<\/ul>\n<p>&nbsp;<\/p>\n<hr>\n<p><em><strong>Ingr\u00e9dients :<\/strong> Ethyl Acetate, Isopropylidenediphenyl Bisoxyhydroxypropyl Methacrylate, HEMA, Hydroxypropyl Methacrylate<\/em><\/p>\n<hr>\n<p>&nbsp;<\/p>\n","protected":false},"excerpt":{"rendered":"<p>pour la pr\u00e9paration des ongles naturels en cas de probl\u00e8mes d&rsquo;adh\u00e9rence et d&rsquo;ongles difficiles pour d\u00e9graisser l&rsquo;ongle naturel et garantir une bonne adh\u00e9rence du modelage des ongles emp\u00eache le regraissage de l&rsquo;ongle naturel convient \u00e0 tous les types de modelage (gel, gel acrylique, acrylique ou vernis gel) sans acide s\u00e8che \u00e0 l&rsquo;air libre contenu : [&#8230;]\n","protected":false},"featured_media":230271,"comment_status":"open","ping_status":"closed","template":"","meta":[],"product_brand":[],"product_cat":[680,726],"product_tag":[],"class_list":{"0":"post-230272","1":"product","2":"type-product","3":"status-publish","4":"has-post-thumbnail","6":"product_cat-nouveautes","7":"product_cat-gels-adhesifs-agents-adhesifs","9":"first","10":"instock","11":"taxable","12":"shipping-taxable","13":"purchasable","14":"product-type-simple"},"aioseo_notices":[],"_links":{"self":[{"href":"https:\/\/saida-nails.de\/fr\/wp-json\/wp\/v2\/product\/230272","targetHints":{"allow":["GET"]}}],"collection":[{"href":"https:\/\/saida-nails.de\/fr\/wp-json\/wp\/v2\/product"}],"about":[{"href":"https:\/\/saida-nails.de\/fr\/wp-json\/wp\/v2\/types\/product"}],"replies":[{"embeddable":true,"href":"https:\/\/saida-nails.de\/fr\/wp-json\/wp\/v2\/comments?post=230272"}],"wp:featuredmedia":[{"embeddable":true,"href":"https:\/\/saida-nails.de\/fr\/wp-json\/wp\/v2\/media\/230271"}],"wp:attachment":[{"href":"https:\/\/saida-nails.de\/fr\/wp-json\/wp\/v2\/media?parent=230272"}],"wp:term":[{"taxonomy":"product_brand","embeddable":true,"href":"https:\/\/saida-nails.de\/fr\/wp-json\/wp\/v2\/product_brand?post=230272"},{"taxonomy":"product_cat","embeddable":true,"href":"https:\/\/saida-nails.de\/fr\/wp-json\/wp\/v2\/product_cat?post=230272"},{"taxonomy":"product_tag","embeddable":true,"href":"https:\/\/saida-nails.de\/fr\/wp-json\/wp\/v2\/product_tag?post=230272"}],"curies":[{"name":"wp","href":"https:\/\/api.w.org\/{rel}","templated":true}]}}