{"id":230292,"date":"2024-01-08T15:34:27","date_gmt":"2024-01-08T15:34:27","guid":{"rendered":"https:\/\/saida-nails.de\/produkt\/fiber-base-coat-15-ml"},"modified":"2026-04-03T08:51:23","modified_gmt":"2026-04-03T08:51:23","slug":"fiber-base-coat-15-ml","status":"publish","type":"product","link":"https:\/\/saida-nails.de\/fr\/produkt\/fiber-base-coat-15-ml","title":{"rendered":"Fiber Base Coat, 15 ml"},"content":{"rendered":"<ul>\n<li>gel adh\u00e9sif sans TPO\/HEMA<\/li>\n<li>parfait pour renforcer les ongles naturels courts, tr\u00e8s sollicit\u00e9s et sujets au lifting<\/li>\n<li>brillance intense apr\u00e8s durcissement, <strong>AUCUN VERNIS DE FINITION N\u00c9CESSAIRE !<\/strong><\/li>\n<li>peut \u00e9galement \u00eatre utilis\u00e9 comme gel adh\u00e9sif puissant, <strong>AUCUNE PRIMER N\u00c9CESSAIRE !<\/strong><\/li>\n<li>contient de la fibre de verre<\/li>\n<li>compatible avec tous les gels Saida Nails<\/li>\n<li>viscosit\u00e9 faible<\/li>\n<li>contenu : 15 ml<\/li>\n<\/ul>\n<p>&nbsp;<\/p>\n<hr>\n<p><em><strong>Ingr\u00e9dients :<\/strong> Polyacrylic Acid, Hydroxypropyl Methacrylate, Hydroxycyclohexyl Phenyl Ketone, Ethyl Trimethylbenzoyl Phenylphosphinate, PA66<\/em><\/p>\n<hr>\n<p>&nbsp;<\/p>\n<h2>Vid\u00e9os<\/h2>\n<div class=\"col2\">\n<div class=\"elastic-video\"><iframe loading=\"lazy\" src=\"https:\/\/www.youtube-nocookie.com\/embed\/cETgRWa_dX8\" width=\"560\" height=\"315\" frameborder=\"0\" allowfullscreen=\"allowfullscreen\"><\/iframe><\/div>\n<\/div>\n<div class=\"col2\">\n<div class=\"elastic-video\"><iframe loading=\"lazy\" src=\"https:\/\/www.youtube-nocookie.com\/embed\/ZIFv0dTHXXs\" width=\"560\" height=\"315\" frameborder=\"0\" allowfullscreen=\"allowfullscreen\"><\/iframe><\/div>\n<\/div>\n","protected":false},"excerpt":{"rendered":"<p>gel adh\u00e9sif et renfort naturel pour ongles tout-en-un<\/p>\n","protected":false},"featured_media":230291,"comment_status":"open","ping_status":"closed","template":"","meta":[],"product_brand":[],"product_cat":[676,726],"product_tag":[],"class_list":{"0":"post-230292","1":"product","2":"type-product","3":"status-publish","4":"has-post-thumbnail","6":"product_cat-soldes","7":"product_cat-gels-adhesifs-agents-adhesifs","9":"first","10":"instock","11":"taxable","12":"shipping-taxable","13":"purchasable","14":"product-type-simple"},"aioseo_notices":[],"_links":{"self":[{"href":"https:\/\/saida-nails.de\/fr\/wp-json\/wp\/v2\/product\/230292","targetHints":{"allow":["GET"]}}],"collection":[{"href":"https:\/\/saida-nails.de\/fr\/wp-json\/wp\/v2\/product"}],"about":[{"href":"https:\/\/saida-nails.de\/fr\/wp-json\/wp\/v2\/types\/product"}],"replies":[{"embeddable":true,"href":"https:\/\/saida-nails.de\/fr\/wp-json\/wp\/v2\/comments?post=230292"}],"wp:featuredmedia":[{"embeddable":true,"href":"https:\/\/saida-nails.de\/fr\/wp-json\/wp\/v2\/media\/230291"}],"wp:attachment":[{"href":"https:\/\/saida-nails.de\/fr\/wp-json\/wp\/v2\/media?parent=230292"}],"wp:term":[{"taxonomy":"product_brand","embeddable":true,"href":"https:\/\/saida-nails.de\/fr\/wp-json\/wp\/v2\/product_brand?post=230292"},{"taxonomy":"product_cat","embeddable":true,"href":"https:\/\/saida-nails.de\/fr\/wp-json\/wp\/v2\/product_cat?post=230292"},{"taxonomy":"product_tag","embeddable":true,"href":"https:\/\/saida-nails.de\/fr\/wp-json\/wp\/v2\/product_tag?post=230292"}],"curies":[{"name":"wp","href":"https:\/\/api.w.org\/{rel}","templated":true}]}}