{"id":230305,"date":"2024-01-08T15:50:59","date_gmt":"2024-01-08T15:50:59","guid":{"rendered":"https:\/\/saida-nails.de\/produkt\/primer-acide-10-ml"},"modified":"2026-02-18T10:30:43","modified_gmt":"2026-02-18T10:30:43","slug":"primer-acide-10-ml","status":"publish","type":"product","link":"https:\/\/saida-nails.de\/fr\/produkt\/primer-acide-10-ml","title":{"rendered":"Primer, acide, 10 ml"},"content":{"rendered":"<ul>\n<li>acide<\/li>\n<li>s\u00e8che \u00e0 l&rsquo;air libre<\/li>\n<li>convient aux ongles \u00e0 probl\u00e8mes<\/li>\n<li>application tr\u00e8s \u00e9conomique<\/li>\n<li>10 ml<\/li>\n<\/ul>\n<p><strong>ATTENTION ! <\/strong> Lorsque la temp\u00e9rature ext\u00e9rieure est basse, il peut arriver que le primer cristallise pendant le transport. Dans ce cas, veuillez ne pas retirer le pinceau du flacon. En quelques heures \u00e0 temp\u00e9rature ambiante, le primer reprendra son \u00e9tat d&rsquo;origine sans perte de qualit\u00e9.  <\/p>\n<p>&nbsp;<\/p>\n<hr>\n<p><em><strong>Ingr\u00e9dients :<\/strong> Methacrylic Acid, p-Hydroxyanisole<\/em><\/p>\n<hr>\n<p>&nbsp;<\/p>\n<h2>Comment utiliser tous les bonders Saida Nails ensemble pour obtenir une fixation optimale sur diff\u00e9rents types d&rsquo;ongles ?<\/h2>\n<h3>\u00c9tape 1 \u2013 D\u00e9shydratant<\/h3>\n<p>\u00c0 appliquer apr\u00e8s la pr\u00e9paration des ongles (retrait des cuticules, matification de la surface de l&rsquo;ongle). S\u00e8che \u00e0 l&rsquo;air libre en quelques secondes. Le <a href=\"https:\/\/saida-nails.de\/produkt\/dehydrator-15ml\">D\u00e9shydratant<\/a> est utilis\u00e9 chez les clients qui ont des ongles extr\u00eamement humides (et g\u00e9n\u00e9ralement aussi des mains tr\u00e8s humides) ou des ongles tr\u00e8s gras. Pour les ongles \u00ab normaux \u00bb, l&rsquo;\u00e9tape 1 est omise.  <\/p>\n<h3>\u00c9tape 2 \u2013 Bonder<\/h3>\n<p>\u00c0 appliquer imm\u00e9diatement apr\u00e8s le <a href=\"https:\/\/saida-nails.de\/produkt\/dehydrator-15ml\">D\u00e9shydrateur<\/a>, sans nettoyage interm\u00e9diaire. La <a href=\"https:\/\/saida-nails.de\/?post_type=product&#038;p=170454\">Bonder<\/a> est durci pendant 2 minutes sous la lampe UV<g id=\"gid_2\" data-joinlink-temp=\"true\">.<\/g> <\/p>\n<h3>\u00c9tape 3 \u2013 SUPER BOND<\/h3>\n<p>\u00c0 appliquer imm\u00e9diatement apr\u00e8s le <a href=\"https:\/\/saida-nails.de\/?post_type=product&#038;p=170454\">Bonder<\/a>, sans nettoyage interm\u00e9diaire. Appliquez le Super Bond de pr\u00e9f\u00e9rence doigt par doigt, en alternant les mains, afin qu&rsquo;il ne se r\u00e9tracte pas et reste exactement l\u00e0 o\u00f9 vous l&rsquo;avez appliqu\u00e9. Apr\u00e8s l&rsquo;\u00e9tape 3, continuez \u00e0 modeler comme d&rsquo;habitude.  <\/p>\n<p>Pour les ongles extr\u00eamement probl\u00e9matiques sur lesquels aucun gel n&rsquo;adh\u00e8re, il est recommand\u00e9 d&rsquo;appliquer le <a href=\"https:\/\/saida-nails.de\/produkt\/primer-saeurehaltig\">Primer<\/a> entre l&rsquo;\u00e9tape 1 et l&rsquo;\u00e9tape 2. Celui-ci s&rsquo;applique directement apr\u00e8s le <a href=\"https:\/\/saida-nails.de\/produkt\/dehydrator-15ml\">D\u00e9shydrateur<\/a>. Le <a href=\"https:\/\/saida-nails.de\/produkt\/primer-saeurehaltig\">Primer<\/a> s\u00e8che \u00e0 l&rsquo;air libre en 1 minute environ jusqu&rsquo;\u00e0 ce que l&rsquo;ongle ait le m\u00eame aspect qu&rsquo;avant l&rsquo;application du <a href=\"https:\/\/saida-nails.de\/produkt\/primer-saeurehaltig\">Primer<\/a>. L&rsquo;\u00e9tape 2 est ensuite r\u00e9alis\u00e9e.  <\/p>\n<p>Pour les clients qui n&rsquo;ont pas de probl\u00e8mes d&rsquo;adh\u00e9rence, certains produits pr\u00e9paratoires peuvent \u00eatre omis. Dans ce cas, le <a href=\"https:\/\/saida-nails.de\/?post_type=product&#038;p=170454\">Bonder<\/a> et le <a href=\"https:\/\/saida-nails.de\/produkt\/aufbaugel-01-clear-50ml\">Gel de Modelage 01 Clear<\/a> suffisent comme couche adh\u00e9rence. Continuez ensuite le modelage comme d&rsquo;habitude.  <\/p>\n","protected":false},"excerpt":{"rendered":"<p>acide s\u00e8che \u00e0 l&rsquo;air libre convient aux ongles \u00e0 probl\u00e8mes application tr\u00e8s \u00e9conomique 10 ml ATTENTION ! Lorsque la temp\u00e9rature ext\u00e9rieure est basse, il peut arriver que le primer cristallise pendant le transport. Dans ce cas, veuillez ne pas retirer le pinceau du flacon. En quelques heures \u00e0 temp\u00e9rature ambiante, le primer reprendra son \u00e9tat [&#8230;]\n","protected":false},"featured_media":234746,"comment_status":"open","ping_status":"closed","template":"","meta":[],"product_brand":[],"product_cat":[726],"product_tag":[],"class_list":{"0":"post-230305","1":"product","2":"type-product","3":"status-publish","4":"has-post-thumbnail","6":"product_cat-gels-adhesifs-agents-adhesifs","8":"first","9":"instock","10":"taxable","11":"shipping-taxable","12":"purchasable","13":"product-type-simple"},"aioseo_notices":[],"_links":{"self":[{"href":"https:\/\/saida-nails.de\/fr\/wp-json\/wp\/v2\/product\/230305","targetHints":{"allow":["GET"]}}],"collection":[{"href":"https:\/\/saida-nails.de\/fr\/wp-json\/wp\/v2\/product"}],"about":[{"href":"https:\/\/saida-nails.de\/fr\/wp-json\/wp\/v2\/types\/product"}],"replies":[{"embeddable":true,"href":"https:\/\/saida-nails.de\/fr\/wp-json\/wp\/v2\/comments?post=230305"}],"wp:featuredmedia":[{"embeddable":true,"href":"https:\/\/saida-nails.de\/fr\/wp-json\/wp\/v2\/media\/234746"}],"wp:attachment":[{"href":"https:\/\/saida-nails.de\/fr\/wp-json\/wp\/v2\/media?parent=230305"}],"wp:term":[{"taxonomy":"product_brand","embeddable":true,"href":"https:\/\/saida-nails.de\/fr\/wp-json\/wp\/v2\/product_brand?post=230305"},{"taxonomy":"product_cat","embeddable":true,"href":"https:\/\/saida-nails.de\/fr\/wp-json\/wp\/v2\/product_cat?post=230305"},{"taxonomy":"product_tag","embeddable":true,"href":"https:\/\/saida-nails.de\/fr\/wp-json\/wp\/v2\/product_tag?post=230305"}],"curies":[{"name":"wp","href":"https:\/\/api.w.org\/{rel}","templated":true}]}}