{"id":230355,"date":"2024-01-09T23:13:10","date_gmt":"2024-01-09T23:13:10","guid":{"rendered":"https:\/\/saida-nails.de\/produkt\/gel-paillete-shining-star-04-violet-bleu-5-ml"},"modified":"2025-12-23T11:30:15","modified_gmt":"2025-12-23T11:30:15","slug":"gel-paillete-shining-star-04-violet-bleu-5-ml","status":"publish","type":"product","link":"https:\/\/saida-nails.de\/fr\/produkt\/gel-paillete-shining-star-04-violet-bleu-5-ml","title":{"rendered":"Gel Paillet\u00e9 Shining Star 04 \u2013 VIOLET-BLEU, 5 ml"},"content":{"rendered":"<ul>\n<li>gel paillet\u00e9 sans TPO\/HEMA<\/li>\n<li>tr\u00e8s haut pouvoir couvrant<\/li>\n<li>pas besoin de remuer, car les pigments ne se d\u00e9posent pas<\/li>\n<li>pour obtenir le meilleur effet possible, appliquer le gel sur une surface sombre<\/li>\n<li>La couleur peut diff\u00e9rer de celle affich\u00e9e \u00e0 l&rsquo;\u00e9cran.<\/li>\n<li>contenu : 5 ml<\/li>\n<\/ul>\n<p>&nbsp;<\/p>\n<hr>\n<p><em><strong>Ingr\u00e9dients :<\/strong> Acrylates Copolymer, PPG-2 Neopentyl Glycol Diacrylate, Hydroxypropyl Methacrylate, Ethyl Trimethylbenzoyl Phenylphosphinate, Pigments; Pigments may contain [+\/-]: CI45380, CI15850, CI77491, CI15985, CI77492, CI77007, CI77510, CI77742, CI77289, CI77499, CI77891, CI77000, CI77820, MICA<\/em><\/p>\n<hr>\n<p>&nbsp;<\/p>\n<h2>Vid\u00e9os<\/h2>\n<div class=\"col2\">\n<div class=\"elastic-video\"><iframe loading=\"lazy\" src=\"https:\/\/www.youtube-nocookie.com\/embed\/5SeX2r4qhlU\" width=\"560\" height=\"315\" frameborder=\"0\" allowfullscreen=\"allowfullscreen\"><\/iframe><\/div>\n<\/div>\n<div class=\"col2\">\n<div class=\"elastic-video\"><iframe loading=\"lazy\" src=\"https:\/\/www.youtube-nocookie.com\/embed\/V546I7dji1I\" width=\"560\" height=\"315\" frameborder=\"0\" allowfullscreen=\"allowfullscreen\"><\/iframe><\/div>\n<\/div>\n","protected":false},"excerpt":{"rendered":"<p>gel paillet\u00e9 sans TPO\/HEMA tr\u00e8s haut pouvoir couvrant pas besoin de remuer, car les pigments ne se d\u00e9posent pas pour obtenir le meilleur effet possible, appliquer le gel sur une surface sombre La couleur peut diff\u00e9rer de celle affich\u00e9e \u00e0 l&rsquo;\u00e9cran. contenu : 5 ml &nbsp; Ingr\u00e9dients : Acrylates Copolymer, PPG-2 Neopentyl Glycol Diacrylate, Hydroxypropyl [&#8230;]\n","protected":false},"featured_media":230353,"comment_status":"open","ping_status":"closed","template":"","meta":[],"product_brand":[],"product_cat":[676,741],"product_tag":[],"class_list":{"0":"post-230355","1":"product","2":"type-product","3":"status-publish","4":"has-post-thumbnail","6":"product_cat-soldes","7":"product_cat-shining-star","9":"first","10":"instock","11":"sale","12":"taxable","13":"shipping-taxable","14":"purchasable","15":"product-type-simple"},"aioseo_notices":[],"_links":{"self":[{"href":"https:\/\/saida-nails.de\/fr\/wp-json\/wp\/v2\/product\/230355","targetHints":{"allow":["GET"]}}],"collection":[{"href":"https:\/\/saida-nails.de\/fr\/wp-json\/wp\/v2\/product"}],"about":[{"href":"https:\/\/saida-nails.de\/fr\/wp-json\/wp\/v2\/types\/product"}],"replies":[{"embeddable":true,"href":"https:\/\/saida-nails.de\/fr\/wp-json\/wp\/v2\/comments?post=230355"}],"wp:featuredmedia":[{"embeddable":true,"href":"https:\/\/saida-nails.de\/fr\/wp-json\/wp\/v2\/media\/230353"}],"wp:attachment":[{"href":"https:\/\/saida-nails.de\/fr\/wp-json\/wp\/v2\/media?parent=230355"}],"wp:term":[{"taxonomy":"product_brand","embeddable":true,"href":"https:\/\/saida-nails.de\/fr\/wp-json\/wp\/v2\/product_brand?post=230355"},{"taxonomy":"product_cat","embeddable":true,"href":"https:\/\/saida-nails.de\/fr\/wp-json\/wp\/v2\/product_cat?post=230355"},{"taxonomy":"product_tag","embeddable":true,"href":"https:\/\/saida-nails.de\/fr\/wp-json\/wp\/v2\/product_tag?post=230355"}],"curies":[{"name":"wp","href":"https:\/\/api.w.org\/{rel}","templated":true}]}}