{"id":230388,"date":"2024-01-09T23:23:13","date_gmt":"2024-01-09T23:23:13","guid":{"rendered":"https:\/\/saida-nails.de\/produkt\/gel-paillete-mermaid-star-05-5-ml"},"modified":"2025-12-23T11:36:11","modified_gmt":"2025-12-23T11:36:11","slug":"gel-paillete-mermaid-star-05-5-ml","status":"publish","type":"product","link":"https:\/\/saida-nails.de\/fr\/produkt\/gel-paillete-mermaid-star-05-5-ml","title":{"rendered":"Gel Paillet\u00e9 Mermaid Star 05, 5 ml"},"content":{"rendered":"<ul>\n<li>gel paillet\u00e9 sans TPO\/HEMA<\/li>\n<li>effet \u00ab Aurora \u00bb possible avec notre <a href=\"https:\/\/saida-nails.de\/produkt\/aurora-folie-05-lila\">feuille Aurora 05, VIOLET<\/a><\/li>\n<li>tr\u00e8s haut pouvoir couvrant, tr\u00e8s \u00e9conomique<\/li>\n<li>pas besoin de remuer, car les pigments ne se d\u00e9posent pas<\/li>\n<li>couleurs variables en fonction de la base de l&rsquo;ongle<\/li>\n<li>La couleur peut diff\u00e9rer de celle affich\u00e9e \u00e0 l&rsquo;\u00e9cran.<\/li>\n<li>contenu : 5 ml, 6,5 g<\/li>\n<\/ul>\n<p>&nbsp;<\/p>\n<hr>\n<p><em><strong>Ingr\u00e9dients :<\/strong> Acrylates Copolymer, PPG-2 Neopentyl Glycol Diacrylate, Hydroxypropyl Methacrylate, Ethyl Trimethylbenzoyl Phenylphosphinate, Pigments; Pigments may contain [+\/-]: CI45380, CI15850, CI77491, CI15985, CI77492, CI77007, CI77510, CI77742, CI77289, CI77499, CI77891, CI77000, CI77820, MICA<\/em><\/p>\n<hr>\n<p>&nbsp;<\/p>\n<h2>Vid\u00e9os<\/h2>\n<div class=\"col2\">\n<div class=\"elastic-video\"><iframe loading=\"lazy\" src=\"https:\/\/www.youtube-nocookie.com\/embed\/NMknKOmKKEA\" width=\"560\" height=\"315\" frameborder=\"0\" allowfullscreen=\"allowfullscreen\"><\/iframe><\/div>\n<\/div>\n","protected":false},"excerpt":{"rendered":"<p>couleurs variables en fonction de la base de l&rsquo;ongle<\/p>\n","protected":false},"featured_media":230370,"comment_status":"open","ping_status":"closed","template":"","meta":[],"product_brand":[],"product_cat":[676,740],"product_tag":[],"class_list":{"0":"post-230388","1":"product","2":"type-product","3":"status-publish","4":"has-post-thumbnail","6":"product_cat-soldes","7":"product_cat-mermaid-star","9":"first","10":"instock","11":"sale","12":"taxable","13":"shipping-taxable","14":"purchasable","15":"product-type-simple"},"aioseo_notices":[],"_links":{"self":[{"href":"https:\/\/saida-nails.de\/fr\/wp-json\/wp\/v2\/product\/230388","targetHints":{"allow":["GET"]}}],"collection":[{"href":"https:\/\/saida-nails.de\/fr\/wp-json\/wp\/v2\/product"}],"about":[{"href":"https:\/\/saida-nails.de\/fr\/wp-json\/wp\/v2\/types\/product"}],"replies":[{"embeddable":true,"href":"https:\/\/saida-nails.de\/fr\/wp-json\/wp\/v2\/comments?post=230388"}],"wp:featuredmedia":[{"embeddable":true,"href":"https:\/\/saida-nails.de\/fr\/wp-json\/wp\/v2\/media\/230370"}],"wp:attachment":[{"href":"https:\/\/saida-nails.de\/fr\/wp-json\/wp\/v2\/media?parent=230388"}],"wp:term":[{"taxonomy":"product_brand","embeddable":true,"href":"https:\/\/saida-nails.de\/fr\/wp-json\/wp\/v2\/product_brand?post=230388"},{"taxonomy":"product_cat","embeddable":true,"href":"https:\/\/saida-nails.de\/fr\/wp-json\/wp\/v2\/product_cat?post=230388"},{"taxonomy":"product_tag","embeddable":true,"href":"https:\/\/saida-nails.de\/fr\/wp-json\/wp\/v2\/product_tag?post=230388"}],"curies":[{"name":"wp","href":"https:\/\/api.w.org\/{rel}","templated":true}]}}