{"id":230407,"date":"2024-11-26T14:52:35","date_gmt":"2024-11-26T14:52:35","guid":{"rendered":"https:\/\/saida-nails.de\/produkt\/vernis-gel-flash-glitter-03-silver-flash"},"modified":"2024-11-26T14:52:35","modified_gmt":"2024-11-26T14:52:35","slug":"vernis-gel-flash-glitter-03-silver-flash","status":"publish","type":"product","link":"https:\/\/saida-nails.de\/fr\/produkt\/vernis-gel-flash-glitter-03-silver-flash","title":{"rendered":"Vernis Gel Flash Glitter 03 &#8211; SILVER FLASH"},"content":{"rendered":"<ul>\n<li>vernis gel sans TPO\/HEMA<\/li>\n<li>vernis gel d&rsquo;une beaut\u00e9 \u00e9poustouflante, agr\u00e9ment\u00e9 de paillettes r\u00e9fl\u00e9chissant la lumi\u00e8re<\/li>\n<li>excellent pouvoir couvrant, une seule couche suffit<\/li>\n<li>convient aussi bien aux lampes UV qu&rsquo;aux lampes LED<\/li>\n<li>pas de d\u00e9p\u00f4t de pigments<\/li>\n<li>temps de polym\u00e9risation : UV 120 sec.\/LED 60 sec.<\/li>\n<li>contenu : 10 ml<\/li>\n<\/ul>\n<p>&nbsp;<\/p>\n<hr>\n<p><em><strong>Ingr\u00e9dients :<\/strong> Acrylates Copolymer, PPG-2 Neopentyl Glycol Diacrylate, Hydroxypropyl Methacrylate, Ethyl Trimethylbenzoyl Phenylphosphinate, Pigments; Pigments may contain [+\/-]: CI45380, CI15850, CI77491, CI15985, CI77492, CI77007, CI77510, CI77742, CI77289, CI77499, CI77891, CI77000, CI77820, MICA<\/em><\/p>\n<hr>\n<p>&nbsp;<\/p>\n","protected":false},"excerpt":{"rendered":"<p>vernis gel sans TPO\/HEMA vernis gel d&rsquo;une beaut\u00e9 \u00e9poustouflante, agr\u00e9ment\u00e9 de paillettes r\u00e9fl\u00e9chissant la lumi\u00e8re excellent pouvoir couvrant, une seule couche suffit convient aussi bien aux lampes UV qu&rsquo;aux lampes LED pas de d\u00e9p\u00f4t de pigments temps de polym\u00e9risation : UV 120 sec.\/LED 60 sec. contenu : 10 ml &nbsp; Ingr\u00e9dients : Acrylates Copolymer, PPG-2 [&#8230;]\n","protected":false},"featured_media":230400,"comment_status":"open","ping_status":"closed","template":"","meta":[],"product_brand":[],"product_cat":[681,682],"product_tag":[],"class_list":{"0":"post-230407","1":"product","2":"type-product","3":"status-publish","4":"has-post-thumbnail","6":"product_cat-flash-glitter","7":"product_cat-vernis-gels-flash-glitter","9":"first","10":"instock","11":"taxable","12":"shipping-taxable","13":"purchasable","14":"product-type-simple"},"aioseo_notices":[],"_links":{"self":[{"href":"https:\/\/saida-nails.de\/fr\/wp-json\/wp\/v2\/product\/230407","targetHints":{"allow":["GET"]}}],"collection":[{"href":"https:\/\/saida-nails.de\/fr\/wp-json\/wp\/v2\/product"}],"about":[{"href":"https:\/\/saida-nails.de\/fr\/wp-json\/wp\/v2\/types\/product"}],"replies":[{"embeddable":true,"href":"https:\/\/saida-nails.de\/fr\/wp-json\/wp\/v2\/comments?post=230407"}],"wp:featuredmedia":[{"embeddable":true,"href":"https:\/\/saida-nails.de\/fr\/wp-json\/wp\/v2\/media\/230400"}],"wp:attachment":[{"href":"https:\/\/saida-nails.de\/fr\/wp-json\/wp\/v2\/media?parent=230407"}],"wp:term":[{"taxonomy":"product_brand","embeddable":true,"href":"https:\/\/saida-nails.de\/fr\/wp-json\/wp\/v2\/product_brand?post=230407"},{"taxonomy":"product_cat","embeddable":true,"href":"https:\/\/saida-nails.de\/fr\/wp-json\/wp\/v2\/product_cat?post=230407"},{"taxonomy":"product_tag","embeddable":true,"href":"https:\/\/saida-nails.de\/fr\/wp-json\/wp\/v2\/product_tag?post=230407"}],"curies":[{"name":"wp","href":"https:\/\/api.w.org\/{rel}","templated":true}]}}