{"id":230800,"date":"2025-10-28T11:11:02","date_gmt":"2025-10-28T11:11:02","guid":{"rendered":"https:\/\/saida-nails.de\/produkt\/vernis-gel-39"},"modified":"2026-02-10T11:45:17","modified_gmt":"2026-02-10T11:45:17","slug":"vernis-gel-39","status":"publish","type":"product","link":"https:\/\/saida-nails.de\/fr\/produkt\/vernis-gel-39","title":{"rendered":"Vernis Gel 39"},"content":{"rendered":"<ul>\n<li>vernis gel sans TPO\/HEMA<\/li>\n<li>vernis gel adapt\u00e9 aux lampes UV et LED<\/li>\n<li>contenu : 12 ml<\/li>\n<li>temps de trempage : 5 \u00e0 9 minutes<\/li>\n<li>fortement pigment\u00e9, haut pouvoir couvrant<\/li>\n<li>pas de s\u00e9dimentation des pigments<\/li>\n<li>temps de polym\u00e9risation : UV 120 sec.\/LED 60 sec.<\/li>\n<\/ul>\n<p>&nbsp;<\/p>\n<hr>\n<p><em><strong>Ingr\u00e9dients :<\/strong> Acrylates Copolymer, PPG-2 Neopentyl Glycol Diacrylate, Hydroxypropyl Methacrylate, Ethyl Trimethylbenzoyl Phenylphosphinate, Pigments; Pigments may contain [+\/-]: CI45380, CI15850, CI77491, CI15985, CI77492, CI77007, CI77510, CI77742, CI77289, CI77499, CI77891, CI77000, CI77820, MICA<\/em><\/p>\n","protected":false},"excerpt":{"rendered":"<p>vernis gel sans TPO\/HEMA vernis gel adapt\u00e9 aux lampes UV et LED contenu : 12 ml temps de trempage : 5 \u00e0 9 minutes fortement pigment\u00e9, haut pouvoir couvrant pas de s\u00e9dimentation des pigments temps de polym\u00e9risation : UV 120 sec.\/LED 60 sec. &nbsp; Ingr\u00e9dients : Acrylates Copolymer, PPG-2 Neopentyl Glycol Diacrylate, Hydroxypropyl Methacrylate, Ethyl [&#8230;]\n","protected":false},"featured_media":230663,"comment_status":"open","ping_status":"closed","template":"","meta":[],"product_brand":[],"product_cat":[683],"product_tag":[],"class_list":{"0":"post-230800","1":"product","2":"type-product","3":"status-publish","4":"has-post-thumbnail","6":"product_cat-vernis-gel-shellac","8":"first","9":"instock","10":"taxable","11":"shipping-taxable","12":"purchasable","13":"product-type-simple"},"aioseo_notices":[],"_links":{"self":[{"href":"https:\/\/saida-nails.de\/fr\/wp-json\/wp\/v2\/product\/230800","targetHints":{"allow":["GET"]}}],"collection":[{"href":"https:\/\/saida-nails.de\/fr\/wp-json\/wp\/v2\/product"}],"about":[{"href":"https:\/\/saida-nails.de\/fr\/wp-json\/wp\/v2\/types\/product"}],"replies":[{"embeddable":true,"href":"https:\/\/saida-nails.de\/fr\/wp-json\/wp\/v2\/comments?post=230800"}],"wp:featuredmedia":[{"embeddable":true,"href":"https:\/\/saida-nails.de\/fr\/wp-json\/wp\/v2\/media\/230663"}],"wp:attachment":[{"href":"https:\/\/saida-nails.de\/fr\/wp-json\/wp\/v2\/media?parent=230800"}],"wp:term":[{"taxonomy":"product_brand","embeddable":true,"href":"https:\/\/saida-nails.de\/fr\/wp-json\/wp\/v2\/product_brand?post=230800"},{"taxonomy":"product_cat","embeddable":true,"href":"https:\/\/saida-nails.de\/fr\/wp-json\/wp\/v2\/product_cat?post=230800"},{"taxonomy":"product_tag","embeddable":true,"href":"https:\/\/saida-nails.de\/fr\/wp-json\/wp\/v2\/product_tag?post=230800"}],"curies":[{"name":"wp","href":"https:\/\/api.w.org\/{rel}","templated":true}]}}