{"id":231011,"date":"2024-01-10T13:42:41","date_gmt":"2024-01-10T13:42:41","guid":{"rendered":"https:\/\/saida-nails.de\/produkt\/gel-couleur-premium-line-112-candy"},"modified":"2026-02-12T12:10:37","modified_gmt":"2026-02-12T12:10:37","slug":"gel-couleur-premium-line-112-candy","status":"publish","type":"product","link":"https:\/\/saida-nails.de\/fr\/produkt\/gel-couleur-premium-line-112-candy","title":{"rendered":"Gel Couleur Premium Line 112 \u2013 Candy"},"content":{"rendered":"<ul>\n<li>gel color\u00e9 sans TPO<\/li>\n<li>pouvoir couvrant extr\u00eamement \u00e9lev\u00e9<\/li>\n<li>compatible avec les lampes UV et LED<\/li>\n<li>pas besoin de remuer<\/li>\n<li>5 ml<\/li>\n<li>La couleur peut diff\u00e9rer de celle affich\u00e9e \u00e0 l&rsquo;\u00e9cran.<\/li>\n<\/ul>\n<p>&nbsp;<\/p>\n<hr \/>\n<p><em><strong>Ingr\u00e9dients :<\/strong> 7,7,9-Trimethyl-4,13-Dioxo-3,14-Dioxa-5,12-Diazahexadecane-1,16-Diylbismethacrylate, 2-Hydroxyethyl Methacrylate, Hydroxycyclohexyl Phenyl Ketone, Phenyl Bis(2,4,6-Trimethylbenzoyl)-Phosphine Oxide, Titanium Dioxide, Diiron Trioxide; May Contain [+\/-]: CI45380, CI15850, CI77491, CI15985, CI77492, CI77007, CI77510, CI77742, CI77289, CI77499, CI77891, CI77000, CI77820, Shimmer Red, CI77019 MICA<\/em><\/p>\n<hr \/>\n<p>&nbsp;<\/p>\n<h2>Vid\u00e9os<\/h2>\n<div class=\"col2\">\n<div class=\"elastic-video\"><iframe loading=\"lazy\" src=\"https:\/\/www.youtube-nocookie.com\/embed\/KhXTCPBwmQE\" width=\"560\" height=\"315\" frameborder=\"0\" allowfullscreen=\"allowfullscreen\"><\/iframe><\/div>\n<\/div>\n","protected":false},"excerpt":{"rendered":"<p>tr\u00e8s couvrant, compatible avec les UV et les LED<\/p>\n","protected":false},"featured_media":231007,"comment_status":"open","ping_status":"closed","template":"","meta":[],"product_brand":[],"product_cat":[676,1039,1057],"product_tag":[],"class_list":{"0":"post-231011","1":"product","2":"type-product","3":"status-publish","4":"has-post-thumbnail","6":"product_cat-soldes","7":"product_cat-gels-colores-5ml","8":"product_cat-gel-colore","10":"first","11":"instock","12":"sale","13":"taxable","14":"shipping-taxable","15":"purchasable","16":"product-type-simple"},"aioseo_notices":[],"_links":{"self":[{"href":"https:\/\/saida-nails.de\/fr\/wp-json\/wp\/v2\/product\/231011","targetHints":{"allow":["GET"]}}],"collection":[{"href":"https:\/\/saida-nails.de\/fr\/wp-json\/wp\/v2\/product"}],"about":[{"href":"https:\/\/saida-nails.de\/fr\/wp-json\/wp\/v2\/types\/product"}],"replies":[{"embeddable":true,"href":"https:\/\/saida-nails.de\/fr\/wp-json\/wp\/v2\/comments?post=231011"}],"wp:featuredmedia":[{"embeddable":true,"href":"https:\/\/saida-nails.de\/fr\/wp-json\/wp\/v2\/media\/231007"}],"wp:attachment":[{"href":"https:\/\/saida-nails.de\/fr\/wp-json\/wp\/v2\/media?parent=231011"}],"wp:term":[{"taxonomy":"product_brand","embeddable":true,"href":"https:\/\/saida-nails.de\/fr\/wp-json\/wp\/v2\/product_brand?post=231011"},{"taxonomy":"product_cat","embeddable":true,"href":"https:\/\/saida-nails.de\/fr\/wp-json\/wp\/v2\/product_cat?post=231011"},{"taxonomy":"product_tag","embeddable":true,"href":"https:\/\/saida-nails.de\/fr\/wp-json\/wp\/v2\/product_tag?post=231011"}],"curies":[{"name":"wp","href":"https:\/\/api.w.org\/{rel}","templated":true}]}}