{"id":231176,"date":"2024-12-16T14:41:15","date_gmt":"2024-12-16T14:41:15","guid":{"rendered":"https:\/\/saida-nails.de\/produkt\/abstract-gel-base-75-ml"},"modified":"2026-04-02T06:03:33","modified_gmt":"2026-04-02T06:03:33","slug":"lace-gel-base","status":"publish","type":"product","link":"https:\/\/saida-nails.de\/fr\/produkt\/lace-gel-base","title":{"rendered":"Lace Gel BASE, 7,5 ml"},"content":{"rendered":"<ul>\n<li>gel UV sans TPO\/HEMA<\/li>\n<li>gel de base transparent pour l&rsquo;application du Lace Gel<\/li>\n<li>temps de polym\u00e9risation : UV 90 sec. \/ LED 30 sec. <\/li>\n<li>contenu : 7,5 ml<\/li>\n<\/ul>\n<p>&nbsp;<\/p>\n<p><b>Application :<\/b><\/p>\n<ol>\n<li>Appliquez Lace Gel BASE sur l\u2019ongle et faites-le polym\u00e9riser compl\u00e8tement.<\/li>\n<li>Appliquez Lace Gel sur Lace Gel BASE polym\u00e9ris\u00e9 et attendez qu\u2019il forme un motif abstrait.<\/li>\n<li>Laissez bien polym\u00e9riser le gel dans la lampe.<\/li>\n<li>Scellez avec l&rsquo;un des <a href=\"https:\/\/saida-nails.de\/fr\/produkt-kategorie\/gels\/gels-de-finition-scellants\">gels de finition<\/a>. C&rsquo;est termin\u00e9 ! <\/li>\n<\/ol>\n<p>&nbsp;<\/p>\n<p><strong>Conseils :<\/strong><\/p>\n<ol>\n<li>Appliquez les Lace Gels color\u00e9s en couche tr\u00e8s fine. Sinon, l\u2019effet mettra trop de temps \u00e0 appara\u00eetre, voire ne se produira pas du tout. <\/li>\n<li>Plus le gel <g id=\"gid_0\">Lace Gel Base<\/g> durcit longtemps, plus le gel Lace Gel color\u00e9 \u00e9clate rapidement et finement. Faites des essais avec votre lampe pour d\u00e9terminer le temps de polym\u00e9risation qui vous convient. <\/li>\n<li>Aidez-vous du <a href=\"https:\/\/saida-nails.de\/produkt\/silikonstifte-3er-set\">stylo en silicone<\/a> si vous souhaitez que votre motif soit encore plus \u00ab trou\u00e9 \u00bb.<\/li>\n<\/ol>\n<p>&nbsp;<\/p>\n<hr>\n<p><em><strong>Ingr\u00e9dients :<\/strong> Acrylates Copolymer, Hydroxypropyl Methacrylate, Hydroxypropyl Phenyl Ketone, Ethyl Trimethylbenzoyl Phenyphosphinate, Pentaerythrityl Tetramercapto-Propionate<\/em><\/p>\n","protected":false},"excerpt":{"rendered":"<p>gel UV sans TPO\/HEMA gel de base transparent pour l&rsquo;application du Lace Gel temps de polym\u00e9risation : UV 90 sec. \/ LED 30 sec. contenu : 7,5 ml &nbsp; Application : Appliquez Lace Gel BASE sur l\u2019ongle et faites-le polym\u00e9riser compl\u00e8tement. Appliquez Lace Gel sur Lace Gel BASE polym\u00e9ris\u00e9 et attendez qu\u2019il forme un motif [&#8230;]\n","protected":false},"featured_media":234336,"comment_status":"open","ping_status":"closed","template":"","meta":[],"product_brand":[],"product_cat":[685,1062],"product_tag":[],"class_list":{"0":"post-231176","1":"product","2":"type-product","3":"status-publish","4":"has-post-thumbnail","6":"product_cat-gels-pour-nail-art","7":"product_cat-lace-gel","9":"first","10":"instock","11":"taxable","12":"shipping-taxable","13":"purchasable","14":"product-type-simple"},"aioseo_notices":[],"_links":{"self":[{"href":"https:\/\/saida-nails.de\/fr\/wp-json\/wp\/v2\/product\/231176","targetHints":{"allow":["GET"]}}],"collection":[{"href":"https:\/\/saida-nails.de\/fr\/wp-json\/wp\/v2\/product"}],"about":[{"href":"https:\/\/saida-nails.de\/fr\/wp-json\/wp\/v2\/types\/product"}],"replies":[{"embeddable":true,"href":"https:\/\/saida-nails.de\/fr\/wp-json\/wp\/v2\/comments?post=231176"}],"wp:featuredmedia":[{"embeddable":true,"href":"https:\/\/saida-nails.de\/fr\/wp-json\/wp\/v2\/media\/234336"}],"wp:attachment":[{"href":"https:\/\/saida-nails.de\/fr\/wp-json\/wp\/v2\/media?parent=231176"}],"wp:term":[{"taxonomy":"product_brand","embeddable":true,"href":"https:\/\/saida-nails.de\/fr\/wp-json\/wp\/v2\/product_brand?post=231176"},{"taxonomy":"product_cat","embeddable":true,"href":"https:\/\/saida-nails.de\/fr\/wp-json\/wp\/v2\/product_cat?post=231176"},{"taxonomy":"product_tag","embeddable":true,"href":"https:\/\/saida-nails.de\/fr\/wp-json\/wp\/v2\/product_tag?post=231176"}],"curies":[{"name":"wp","href":"https:\/\/api.w.org\/{rel}","templated":true}]}}