{"id":231220,"date":"2024-01-09T22:14:56","date_gmt":"2024-01-09T22:14:56","guid":{"rendered":"https:\/\/saida-nails.de\/produkt\/booster-gel-5-ml"},"modified":"2026-05-02T22:17:00","modified_gmt":"2026-05-02T22:17:00","slug":"booster-gel-5-ml","status":"publish","type":"product","link":"https:\/\/saida-nails.de\/fr\/produkt\/booster-gel-5-ml","title":{"rendered":"Booster Gel, 5 ml"},"content":{"rendered":"<p>gel nail art sans TPO pour cr\u00e9er un effet \u00ab bulles \u00bb<\/p>\n<ul>\n<li>contenu : 5 ml<\/li>\n<li>temps de polym\u00e9risation : 120 sec.<\/li>\n<\/ul>\n<p>&nbsp;<\/p>\n<hr>\n<p><em><strong>Inhaltsstoffe :<\/strong> Di\u2010HEMA Trimethylhexyl Dicarbamate, Aliphatic Urethane Acrylate, Dimethicone, HEMA, Hydroxycyclohexyl Phenyl Ketone, p\u2010Hydroxyanisole<\/em><\/p>\n<hr>\n<p>&nbsp;<\/p>\n<h2>FAQ<\/h2>\n<h3>Quelle est la diff\u00e9rence entre BLOOMING GEL et BOOSTER GEL ?<\/h3>\n<p>En fait, <a href=\"https:\/\/saida-nails.de\/produkt\/blooming-gel\">BLOOMING GEL<\/a> est l&rsquo;inverse de notre c\u00e9l\u00e8bre <a href=\"https:\/\/saida-nails.de\/produkt\/booster-gel\">BOOSTER GEL<\/a>. Booster Gel est vers\u00e9 goutte \u00e0 goutte dans une couleur de base humide et y forme de petites bulles (en repoussant la couleur). Il se r\u00e9pand donc dans la couleur et est d\u00e9limit\u00e9 par celle-ci. Blooming Gel, en revanche, EST la base dans laquelle la couleur (<a href=\"https:\/\/saida-nails.de\/fr\/produkt-kategorie\/gels-colores\/vernis-gels\/vernis-gel-shellac\">vernis gel<\/a>) est incorpor\u00e9e. Ici, la couleur se r\u00e9pand et est d\u00e9limit\u00e9e par le Blooming Gel.    <\/p>\n<p>&nbsp;<\/p>\n<h2>Vid\u00e9os<\/h2>\n<div class=\"col2\">\n<div class=\"elastic-video\"><iframe loading=\"lazy\" src=\"https:\/\/www.youtube-nocookie.com\/embed\/qjiVejK6tK0\" width=\"560\" height=\"315\" frameborder=\"0\" allowfullscreen=\"allowfullscreen\"><\/iframe><\/div>\n<\/div>\n<div class=\"col2\">\n<div class=\"elastic-video\"><iframe loading=\"lazy\" src=\"https:\/\/www.youtube-nocookie.com\/embed\/Or38ZgTGfqY\" width=\"560\" height=\"315\" frameborder=\"0\" allowfullscreen=\"allowfullscreen\"><\/iframe><\/div>\n<\/div>\n<div class=\"col2\">\n<div class=\"elastic-video\"><iframe loading=\"lazy\" src=\"https:\/\/www.youtube-nocookie.com\/embed\/DebV6uHUle4\" width=\"560\" height=\"315\" frameborder=\"0\" allowfullscreen=\"allowfullscreen\"><\/iframe><\/div>\n<\/div>\n<div class=\"col2\">\n<div class=\"elastic-video\"><iframe loading=\"lazy\" src=\"https:\/\/www.youtube-nocookie.com\/embed\/M7S2FlN9Hdk\" width=\"560\" height=\"315\" frameborder=\"0\" allowfullscreen=\"allowfullscreen\"><\/iframe><\/div>\n<\/div>\n<hr>\n<p>Boostergel est notre gel tendance tr\u00e8s appr\u00e9ci\u00e9 pour les designs d&rsquo;ongles \u00e0 <strong>effet bulles<\/strong>. De nombreux artistes sp\u00e9cialis\u00e9s dans le nail art parlent \u00e9galement <strong>d&rsquo;effet peau de serpent<\/strong>, car les bulles du gel nail art cr\u00e9ent sur l&rsquo;ongle (dispos\u00e9es \u00e0 plat) l&rsquo;aspect d&rsquo;une structure de peau de serpent. Un must pour tout salon de manucure professionnel et un atout pour tous les designs d&rsquo;ongles.  <\/p>\n<p>&nbsp;<\/p>\n<div class=\"accordion\">\n\t<div id=\"accordion-1986536880\" class=\"accordion-item\">\n\t\t<a id=\"accordion-1986536880-label\" class=\"accordion-title plain\" href=\"#accordion-item-des-ongles-\u00e0-bulles-ou-\u00e0-effet-serpent-\u2013-super-facile-et-intuitif\" aria-expanded=\"false\" aria-controls=\"accordion-1986536880-content\">\n\t\t\t<button class=\"toggle\" aria-label=\"Basculer\"><i class=\"icon-angle-down\" aria-hidden=\"true\"><\/i><\/button>\n\t\t\t<span>Des ongles \u00e0 bulles ou \u00e0 effet serpent \u2013 super facile et intuitif<\/span>\n\t\t<\/a>\n\t\t<div id=\"accordion-1986536880-content\" class=\"accordion-inner\" aria-labelledby=\"accordion-1986536880-label\">\n\t\t\t\nNotre Booster Gel est d&rsquo;une qualit\u00e9 exceptionnelle et tr\u00e8s facile \u00e0 utiliser. Le seul outil de nail art dont vous avez besoin est un <strong><a href=\"https:\/\/saida-nails.de\/produkt\/spot-swirl\">Dotting Tool<\/a><\/strong>, qui permet d&rsquo;appliquer le gel goutte \u00e0 goutte. Le gel fait le reste tout seul, car il s&rsquo;\u00e9tale automatiquement en forme de cercle et cr\u00e9e ainsi l&rsquo;effet bulles souhait\u00e9 sans se m\u00e9langer aux bulles voisines. Vous pouvez donc travailler de mani\u00e8re intuitive sur le design de vos ongles sans vous soucier de la technique.<br \/>\n\t\t<\/div>\n\t<\/div>\n\t\n\t<div id=\"accordion-437717780\" class=\"accordion-item\">\n\t\t<a id=\"accordion-437717780-label\" class=\"accordion-title plain\" href=\"#accordion-item-motifs-\u00e0-bulles-avec-booster-gel-et-dotting-tool-\u2013-voici-comment-proc\u00e9der\" aria-expanded=\"false\" aria-controls=\"accordion-437717780-content\">\n\t\t\t<button class=\"toggle\" aria-label=\"Basculer\"><i class=\"icon-angle-down\" aria-hidden=\"true\"><\/i><\/button>\n\t\t\t<span>Motifs \u00e0 bulles avec Booster Gel et Dotting Tool \u2013 voici comment proc\u00e9der<\/span>\n\t\t<\/a>\n\t\t<div id=\"accordion-437717780-content\" class=\"accordion-inner\" aria-labelledby=\"accordion-437717780-label\">\n\t\t\t\nAppliquez une couleur de base sur l&rsquo;ongle et faites-la durcir (couleur de base qui transpara\u00eetra \u00e0 travers les bulles). Appliquez une deuxi\u00e8me couche de couleur (une couleur contrastante qui n&rsquo;est pas trop liquide \u2013 elle cr\u00e9era les bords et les ombres des bulles), mais ne la faites pas durcir tout de suite ! \u00c0 l&rsquo;aide du <strong><a href=\"https:\/\/saida-nails.de\/produkt\/spot-swirl\">Dotting Tool<\/a><\/strong>, appliquez le Booster Gel sur la couleur humide et laissez les bulles se former. Faites ensuite durcir le tout \u2013 c&rsquo;est termin\u00e9 !<br \/>\n\t\t<\/div>\n\t<\/div>\n\t\n\t<div id=\"accordion-3229795163\" class=\"accordion-item\">\n\t\t<a id=\"accordion-3229795163-label\" class=\"accordion-title plain\" href=\"#accordion-item-vid\u00e9os-de-nail-art\/tutoriels-avec-le-booster-gel-de-saida-nails\" aria-expanded=\"false\" aria-controls=\"accordion-3229795163-content\">\n\t\t\t<button class=\"toggle\" aria-label=\"Basculer\"><i class=\"icon-angle-down\" aria-hidden=\"true\"><\/i><\/button>\n\t\t\t<span>Vid\u00e9os de nail art\/tutoriels avec le Booster Gel de Saida Nails<\/span>\n\t\t<\/a>\n\t\t<div id=\"accordion-3229795163-content\" class=\"accordion-inner\" aria-labelledby=\"accordion-3229795163-label\">\n\t\t\t\nD\u00e9couvrez trois superbes nail arts r\u00e9alis\u00e9s avec le Booster Gel de Saida Nails et leur technique de cr\u00e9ation sur notre cha\u00eene YouTube : <a href=\"https:\/\/www.youtube.com\/watch?v=Or38ZgTGfqY\" target=\"_blank\" rel=\"noopener\">nail art serpent avec fond n\u00e9on jaune-vert<\/a>, <a href=\"https:\/\/www.youtube.com\/watch?v=DebV6uHUle4\" target=\"_blank\" rel=\"noopener\">nail art peau de serpent au look sombre<\/a> et <a href=\"https:\/\/www.youtube.com\/watch?v=M7S2FlN9Hdk\" target=\"_blank\" rel=\"noopener\">nail art bulles laiteuses<\/a>. Laissez-vous inspirer et n&rsquo;h\u00e9sitez pas \u00e0 reproduire ces designs.<br \/>\n\t\t<\/div>\n\t<\/div>\n\t\n\t<div id=\"accordion-3939537436\" class=\"accordion-item\">\n\t\t<a id=\"accordion-3939537436-label\" class=\"accordion-title plain\" href=\"#accordion-item-gel-booster-naturellement-de-qualit\u00e9-certifi\u00e9e\" aria-expanded=\"false\" aria-controls=\"accordion-3939537436-content\">\n\t\t\t<button class=\"toggle\" aria-label=\"Basculer\"><i class=\"icon-angle-down\" aria-hidden=\"true\"><\/i><\/button>\n\t\t\t<span>Gel booster naturellement de qualit\u00e9 certifi\u00e9e<\/span>\n\t\t<\/a>\n\t\t<div id=\"accordion-3939537436-content\" class=\"accordion-inner\" aria-labelledby=\"accordion-3939537436-label\">\n\t\t\t\nLe Booster Gel de Saida Nails est fabriqu\u00e9 selon les normes strictes de la r\u00e9glementation allemande sur les cosm\u00e9tiques (KVO), sans substances canc\u00e9rig\u00e8nes et sans tests sur les animaux. Nous garantissons ainsi les normes de qualit\u00e9 les plus \u00e9lev\u00e9es et une bonne conscience lors de l&rsquo;achat du gel dans notre boutique en ligne.<br \/>\n\t\t<\/div>\n\t<\/div>\n\t\n<\/div>\n<p>&nbsp;<\/p>\n<p>Nous vous souhaitons beaucoup de plaisir avec votre commande !<\/p>\n","protected":false},"excerpt":{"rendered":"<p>gel nail art sans TPO pour cr\u00e9er un effet \u00ab bulles \u00bb contenu : 5 ml temps de polym\u00e9risation : 120 sec. &nbsp; Inhaltsstoffe : Di\u2010HEMA Trimethylhexyl Dicarbamate, Aliphatic Urethane Acrylate, Dimethicone, HEMA, Hydroxycyclohexyl Phenyl Ketone, p\u2010Hydroxyanisole &nbsp; FAQ Quelle est la diff\u00e9rence entre BLOOMING GEL et BOOSTER GEL ? En fait, BLOOMING GEL est [&#8230;]\n","protected":false},"featured_media":231215,"comment_status":"open","ping_status":"closed","template":"","meta":[],"product_brand":[],"product_cat":[676,685,1070],"product_tag":[],"class_list":{"0":"post-231220","1":"product","2":"type-product","3":"status-publish","4":"has-post-thumbnail","6":"product_cat-soldes","7":"product_cat-gels-pour-nail-art","8":"product_cat-autres","10":"first","11":"instock","12":"sale","13":"taxable","14":"shipping-taxable","15":"purchasable","16":"product-type-simple"},"aioseo_notices":[],"_links":{"self":[{"href":"https:\/\/saida-nails.de\/fr\/wp-json\/wp\/v2\/product\/231220","targetHints":{"allow":["GET"]}}],"collection":[{"href":"https:\/\/saida-nails.de\/fr\/wp-json\/wp\/v2\/product"}],"about":[{"href":"https:\/\/saida-nails.de\/fr\/wp-json\/wp\/v2\/types\/product"}],"replies":[{"embeddable":true,"href":"https:\/\/saida-nails.de\/fr\/wp-json\/wp\/v2\/comments?post=231220"}],"wp:featuredmedia":[{"embeddable":true,"href":"https:\/\/saida-nails.de\/fr\/wp-json\/wp\/v2\/media\/231215"}],"wp:attachment":[{"href":"https:\/\/saida-nails.de\/fr\/wp-json\/wp\/v2\/media?parent=231220"}],"wp:term":[{"taxonomy":"product_brand","embeddable":true,"href":"https:\/\/saida-nails.de\/fr\/wp-json\/wp\/v2\/product_brand?post=231220"},{"taxonomy":"product_cat","embeddable":true,"href":"https:\/\/saida-nails.de\/fr\/wp-json\/wp\/v2\/product_cat?post=231220"},{"taxonomy":"product_tag","embeddable":true,"href":"https:\/\/saida-nails.de\/fr\/wp-json\/wp\/v2\/product_tag?post=231220"}],"curies":[{"name":"wp","href":"https:\/\/api.w.org\/{rel}","templated":true}]}}