{"id":231256,"date":"2024-01-09T22:53:34","date_gmt":"2024-01-09T22:53:34","guid":{"rendered":"https:\/\/saida-nails.de\/produkt\/gel-nail-art-glue-gel-colle-nail-art"},"modified":"2026-01-02T12:41:19","modified_gmt":"2026-01-02T12:41:19","slug":"gel-nail-art-glue-gel-colle-nail-art","status":"publish","type":"product","link":"https:\/\/saida-nails.de\/fr\/produkt\/gel-nail-art-glue-gel-colle-nail-art","title":{"rendered":"Gel Nail Art Glue \/ Gel Colle Nail Art"},"content":{"rendered":"<ul>\n<li>gel nail art sans TPO\/HEMA<\/li>\n<li>contenu : 15 ml<\/li>\n<li>stable, cristallin<\/li>\n<li>temps de polym\u00e9risation : UV : 120 sec., LED\/CCFL : 60 sec.<\/li>\n<\/ul>\n<p>&nbsp;<\/p>\n<hr>\n<p><em><strong>Ingr\u00e9dients :<\/strong> Polyethylene-11, 4-Hydroxybutyl Acrylate, Ethyl Trimethylbenzoyl Phenylphosphinate<\/em><\/p>\n<hr>\n<p>&nbsp;<\/p>\n<h2>Conseils d&rsquo;utilisation<\/h2>\n<p>Appliquez une couche g\u00e9n\u00e9reuse de gel et placez les strass ou autres d\u00e9corations dans le gel afin que le gel Nailart Glue les enrobe bien et forme une sorte de \u00ab monture \u00bb. <strong>Seule une quantit\u00e9 suffisante<\/strong> de gel Nailart Glue autour de la superposition vous permettra de profiter longtemps de votre d\u00e9coration. <\/p>\n<p>Le gel Nail Art Glue doit \u00eatre appliqu\u00e9 en quantit\u00e9 suffisante afin d&rsquo;envelopper les strass (ou compositions de strass) et de former une sorte de monture.<\/p>\n<p>Le gel est tr\u00e8s stable et vous permet de terminer votre d\u00e9coration (peu importe le temps que cela vous prend) sans d\u00e9border sur les bords.<\/p>\n<hr>\n<p>Pour d\u00e9corer vos ongles avec des strass, des perles, des paillettes ou d&rsquo;autres applications, vous avez besoin d&rsquo;un gel adh\u00e9sif stable sur lequel vous pouvez compter. Notre gel adh\u00e9sif pour nail art r\u00e9pond \u00e0 toutes vos attentes. Il est <strong>transparent<\/strong>, <strong>extr\u00eamement stable<\/strong> et convainc par ses <strong>excellentes propri\u00e9t\u00e9s adh\u00e9sives<\/strong>. Une qualit\u00e9 studio parfaite pour les plus exigeants !   <\/p>\n<p>&nbsp;<\/p>\n<div class=\"accordion\">\n\t<div id=\"accordion-714089341\" class=\"accordion-item\">\n\t\t<a id=\"accordion-714089341-label\" class=\"accordion-title plain\" href=\"#accordion-item-diverses-d\u00e9corations-pour-nail-art-solidement-fix\u00e9es\" aria-expanded=\"false\" aria-controls=\"accordion-714089341-content\">\n\t\t\t<button class=\"toggle\" aria-label=\"Basculer\"><i class=\"icon-angle-down\" aria-hidden=\"true\"><\/i><\/button>\n\t\t\t<span>Diverses d\u00e9corations pour nail art solidement fix\u00e9es<\/span>\n\t\t<\/a>\n\t\t<div id=\"accordion-714089341-content\" class=\"accordion-inner\" aria-labelledby=\"accordion-714089341-label\">\n\t\t\t\nAvec le Glue Gel de Saida Nails, vous pouvez fixer solidement n&rsquo;importe quelle d\u00e9coration sur votre nail art. Vous trouverez bien s\u00fbr dans notre boutique en ligne les \u00e9l\u00e9ments d\u00e9coratifs assortis, tels que <a href=\"https:\/\/saida-nails.de\/fr\/produkt-kategorie\/nail-art\/strass-co\">des <strong>strass<\/strong>, des <strong>demi-perles<\/strong> et des <strong>perles<\/strong><\/a> de diff\u00e9rentes couleurs et formes.<br \/>\n\t\t<\/div>\n\t<\/div>\n\t\n\t<div id=\"accordion-2890012695\" class=\"accordion-item\">\n\t\t<a id=\"accordion-2890012695-label\" class=\"accordion-title plain\" href=\"#accordion-item-gel-colle-pour-nail-art-de-la-meilleure-qualit\u00e9-garantie\" aria-expanded=\"false\" aria-controls=\"accordion-2890012695-content\">\n\t\t\t<button class=\"toggle\" aria-label=\"Basculer\"><i class=\"icon-angle-down\" aria-hidden=\"true\"><\/i><\/button>\n\t\t\t<span>Gel colle pour nail art de la meilleure qualit\u00e9 garantie<\/span>\n\t\t<\/a>\n\t\t<div id=\"accordion-2890012695-content\" class=\"accordion-inner\" aria-labelledby=\"accordion-2890012695-label\">\n\t\t\t\nNotre gel colle de qualit\u00e9 est un incontournable pour tout salon de manucure professionnel. Afin de vous garantir la meilleure qualit\u00e9 possible, le gel pour nail art est fabriqu\u00e9 selon les normes strictes de la r\u00e9glementation allemande sur les cosm\u00e9tiques (KVO) et ne contient aucune substance canc\u00e9rig\u00e8ne. Il n&rsquo;est pas test\u00e9 sur les animaux.<br \/>\n\t\t<\/div>\n\t<\/div>\n\t\n<\/div>\n<p>&nbsp;<\/p>\n<p>Nous vous souhaitons beaucoup de plaisir avec votre commande !<\/p>\n","protected":false},"excerpt":{"rendered":"<p>gel stable avec propri\u00e9t\u00e9s adh\u00e9sives pour fixer des strass et autres \u00e9l\u00e9ments similaires<\/p>\n","protected":false},"featured_media":231252,"comment_status":"open","ping_status":"closed","template":"","meta":[],"product_brand":[],"product_cat":[676,685,716,1070],"product_tag":[],"class_list":{"0":"post-231256","1":"product","2":"type-product","3":"status-publish","4":"has-post-thumbnail","6":"product_cat-soldes","7":"product_cat-gels-pour-nail-art","8":"product_cat-strass-co","9":"product_cat-autres","11":"first","12":"instock","13":"sale","14":"taxable","15":"shipping-taxable","16":"purchasable","17":"product-type-simple"},"aioseo_notices":[],"_links":{"self":[{"href":"https:\/\/saida-nails.de\/fr\/wp-json\/wp\/v2\/product\/231256","targetHints":{"allow":["GET"]}}],"collection":[{"href":"https:\/\/saida-nails.de\/fr\/wp-json\/wp\/v2\/product"}],"about":[{"href":"https:\/\/saida-nails.de\/fr\/wp-json\/wp\/v2\/types\/product"}],"replies":[{"embeddable":true,"href":"https:\/\/saida-nails.de\/fr\/wp-json\/wp\/v2\/comments?post=231256"}],"wp:featuredmedia":[{"embeddable":true,"href":"https:\/\/saida-nails.de\/fr\/wp-json\/wp\/v2\/media\/231252"}],"wp:attachment":[{"href":"https:\/\/saida-nails.de\/fr\/wp-json\/wp\/v2\/media?parent=231256"}],"wp:term":[{"taxonomy":"product_brand","embeddable":true,"href":"https:\/\/saida-nails.de\/fr\/wp-json\/wp\/v2\/product_brand?post=231256"},{"taxonomy":"product_cat","embeddable":true,"href":"https:\/\/saida-nails.de\/fr\/wp-json\/wp\/v2\/product_cat?post=231256"},{"taxonomy":"product_tag","embeddable":true,"href":"https:\/\/saida-nails.de\/fr\/wp-json\/wp\/v2\/product_tag?post=231256"}],"curies":[{"name":"wp","href":"https:\/\/api.w.org\/{rel}","templated":true}]}}