{"id":231293,"date":"2024-01-09T20:40:11","date_gmt":"2024-01-09T20:40:11","guid":{"rendered":"https:\/\/saida-nails.de\/produkt\/gel-magic-glitter-cat-eye-01"},"modified":"2026-01-02T13:13:55","modified_gmt":"2026-01-02T13:13:55","slug":"gel-magic-glitter-cat-eye-01","status":"publish","type":"product","link":"https:\/\/saida-nails.de\/fr\/produkt\/gel-magic-glitter-cat-eye-01","title":{"rendered":"Gel MAGIC GLITTER Cat Eye 01"},"content":{"rendered":"<ul>\n<li>gel nail art sans TPO\/HEMA<\/li>\n<li>Gel paillet\u00e9 et gel cat eye en un seul produit !<\/li>\n<li>l&rsquo;utilisation du <a href=\"https:\/\/saida-nails.de\/produkt\/magnet-flower-pen\">Stylet Magn\u00e9tique Flower<\/a>, des <a href=\"https:\/\/saida-nails.de\/produkt\/magnetplaettchen\">Plaquettes Magn\u00e9tiques<\/a> ou du <a href=\"https:\/\/saida-nails.de\/?post_type=product&#038;p=172040\">Stylo Magn\u00e9tique<\/a> permet de cr\u00e9er rapidement et facilement de magnifiques nail arts<\/li>\n<li>convient aux lampes UV et LED<\/li>\n<li>15 ml<\/li>\n<\/ul>\n<p><u><strong>Mode d&#8217;emploi :<\/strong><\/u><\/p>\n<ol>\n<li>Appliquez le gel color\u00e9 de votre choix (par exemple noir) et faites-le polym\u00e9riser. Il n&rsquo;est pas n\u00e9cessaire d&rsquo;\u00e9liminer la couche collante. <\/li>\n<li>Appliquez le gel Cat Eye. NE PAS polym\u00e9riser ! <\/li>\n<li>Maintenez un outil magn\u00e9tique aussi pr\u00e8s que possible de l&rsquo;ongle pendant environ 5 secondes.<\/li>\n<li>Polym\u00e9risez ensuite pendant 60 \u00e0 120 secondes.<\/li>\n<li>Scellez. C&rsquo;est termin\u00e9 ! <\/li>\n<\/ol>\n<p>&nbsp;<\/p>\n<hr>\n<p><em><strong>Ingr\u00e9dients :<\/strong> Acrylates Copolymer, PPG-2 Neopentyl Glycol Diacrylate, Hydroxypropyl Methacrylate, Ethyl Trimethylbenzoyl Phenylphosphinate, Pigments; Pigments may contain [+\/-]: CI45380, CI15850, CI77491, CI15985, CI77492, CI77007, CI77510, CI77742, CI77289, CI77499, CI77891, CI77000, CI77820, MICA<\/em><\/p>\n<hr>\n<p>&nbsp;<\/p>\n<h2>Vid\u00e9os<\/h2>\n<div class=\"col2\">\n<div class=\"elastic-video\"><iframe loading=\"lazy\" src=\"https:\/\/www.youtube-nocookie.com\/embed\/XNihI6AoSf0\" width=\"560\" height=\"315\" frameborder=\"0\" allowfullscreen=\"allowfullscreen\"><\/iframe><\/div>\n<\/div>\n","protected":false},"excerpt":{"rendered":"<p>Gel paillet\u00e9 et Crystal Cat Eye en un seul produit !<\/p>\n","protected":false},"featured_media":231291,"comment_status":"open","ping_status":"closed","template":"","meta":[],"product_brand":[],"product_cat":[676,732],"product_tag":[],"class_list":{"0":"post-231293","1":"product","2":"type-product","3":"status-publish","4":"has-post-thumbnail","6":"product_cat-soldes","7":"product_cat-gels-cat-eye","9":"first","10":"instock","11":"sale","12":"taxable","13":"shipping-taxable","14":"purchasable","15":"product-type-simple"},"aioseo_notices":[],"_links":{"self":[{"href":"https:\/\/saida-nails.de\/fr\/wp-json\/wp\/v2\/product\/231293","targetHints":{"allow":["GET"]}}],"collection":[{"href":"https:\/\/saida-nails.de\/fr\/wp-json\/wp\/v2\/product"}],"about":[{"href":"https:\/\/saida-nails.de\/fr\/wp-json\/wp\/v2\/types\/product"}],"replies":[{"embeddable":true,"href":"https:\/\/saida-nails.de\/fr\/wp-json\/wp\/v2\/comments?post=231293"}],"wp:featuredmedia":[{"embeddable":true,"href":"https:\/\/saida-nails.de\/fr\/wp-json\/wp\/v2\/media\/231291"}],"wp:attachment":[{"href":"https:\/\/saida-nails.de\/fr\/wp-json\/wp\/v2\/media?parent=231293"}],"wp:term":[{"taxonomy":"product_brand","embeddable":true,"href":"https:\/\/saida-nails.de\/fr\/wp-json\/wp\/v2\/product_brand?post=231293"},{"taxonomy":"product_cat","embeddable":true,"href":"https:\/\/saida-nails.de\/fr\/wp-json\/wp\/v2\/product_cat?post=231293"},{"taxonomy":"product_tag","embeddable":true,"href":"https:\/\/saida-nails.de\/fr\/wp-json\/wp\/v2\/product_tag?post=231293"}],"curies":[{"name":"wp","href":"https:\/\/api.w.org\/{rel}","templated":true}]}}