{"id":231348,"date":"2025-10-28T18:17:42","date_gmt":"2025-10-28T18:17:42","guid":{"rendered":"https:\/\/saida-nails.de\/produkt\/ink-color-n-08-turquoise-5-ml"},"modified":"2026-01-07T14:30:43","modified_gmt":"2026-01-07T14:30:43","slug":"ink-color-n-08-turquoise-5-ml","status":"publish","type":"product","link":"https:\/\/saida-nails.de\/fr\/produkt\/ink-color-n-08-turquoise-5-ml","title":{"rendered":"Ink Color n\u00b0 08 TURQUOISE, 5 ml"},"content":{"rendered":"<ul>\n<li>encre pour nail art permettant de cr\u00e9er diff\u00e9rents motifs<\/li>\n<li>s\u00e8che en quelques secondes<\/li>\n<li>s\u00e8che \u00e0 l&rsquo;air libre, aucun polym\u00e9risation n\u00e9cessaire<\/li>\n<li>5 ml<\/li>\n<\/ul>\n<p><strong>Pour obtenir le meilleur effet possible avec les Ink Colors, nous vous recommandons notre <a href=\"https:\/\/saida-nails.de\/produkt\/colorgel-premium-line-002-weiss\">Gel Color 02<\/a>.<\/strong><\/p>\n<p>&nbsp;<\/p>\n<hr>\n<p><em><strong>Ingr\u00e9dients :<\/strong> Nitrocellulose, Acetyl Tributyl Citrate, Acrylates Copolymer, Butyl Acetate, Ethyl Acetate; May contain [+\/-]: CI19140, CI15850, CI15850:1, CI15880, CI77742, CI42090, CI45380, CI77510, CI77266<\/em><\/p>\n<hr>\n<p>&nbsp;<\/p>\n<h2>Vid\u00e9os<\/h2>\n<div class=\"col2\">\n<div class=\"elastic-video\"><iframe loading=\"lazy\" src=\"https:\/\/www.youtube-nocookie.com\/embed\/umNi6LOWMmE\" width=\"560\" height=\"315\" frameborder=\"0\" allowfullscreen=\"allowfullscreen\"><\/iframe><\/div>\n<\/div>\n<div class=\"col2\">\n<div class=\"elastic-video\"><iframe loading=\"lazy\" src=\"https:\/\/www.youtube-nocookie.com\/embed\/FkhK78AhXLg\" width=\"560\" height=\"315\" frameborder=\"0\" allowfullscreen=\"allowfullscreen\"><\/iframe><\/div>\n<\/div>\n<div class=\"col2\">\n<div class=\"elastic-video\"><iframe loading=\"lazy\" src=\"https:\/\/www.youtube-nocookie.com\/embed\/H_lsTm8ukXw\" width=\"560\" height=\"315\" frameborder=\"0\" allowfullscreen=\"allowfullscreen\"><\/iframe><\/div>\n<\/div>\n<div class=\"col2\">\n<div class=\"elastic-video\"><iframe loading=\"lazy\" src=\"https:\/\/www.youtube-nocookie.com\/embed\/Q9iSUewq_bc\" width=\"560\" height=\"315\" frameborder=\"0\" allowfullscreen=\"allowfullscreen\"><\/iframe><\/div>\n<\/div>\n<div class=\"col2\">\n<div class=\"elastic-video\"><iframe loading=\"lazy\" src=\"https:\/\/www.youtube-nocookie.com\/embed\/IPyIsjRslxk\" width=\"560\" height=\"315\" frameborder=\"0\" allowfullscreen=\"allowfullscreen\"><\/iframe><\/div>\n<\/div>\n<div class=\"col2\">\n<div class=\"elastic-video\"><iframe loading=\"lazy\" src=\"https:\/\/www.youtube-nocookie.com\/embed\/o_w6KPcUyN8\" width=\"560\" height=\"315\" frameborder=\"0\" allowfullscreen=\"allowfullscreen\"><\/iframe><\/div>\n<\/div>\n","protected":false},"excerpt":{"rendered":"<p>encre pour nail art permettant de cr\u00e9er diff\u00e9rents motifs s\u00e8che en quelques secondes s\u00e8che \u00e0 l&rsquo;air libre, aucun polym\u00e9risation n\u00e9cessaire 5 ml Pour obtenir le meilleur effet possible avec les Ink Colors, nous vous recommandons notre Gel Color 02. &nbsp; Ingr\u00e9dients : Nitrocellulose, Acetyl Tributyl Citrate, Acrylates Copolymer, Butyl Acetate, Ethyl Acetate; May contain [+\/-]: [&#8230;]\n","protected":false},"featured_media":231334,"comment_status":"open","ping_status":"closed","template":"","meta":[],"product_brand":[],"product_cat":[685,686,1068],"product_tag":[],"class_list":{"0":"post-231348","1":"product","2":"type-product","3":"status-publish","4":"has-post-thumbnail","6":"product_cat-gels-pour-nail-art","7":"product_cat-ink-colors","8":"product_cat-ink-color-2","10":"first","11":"instock","12":"taxable","13":"shipping-taxable","14":"purchasable","15":"product-type-simple"},"aioseo_notices":[],"_links":{"self":[{"href":"https:\/\/saida-nails.de\/fr\/wp-json\/wp\/v2\/product\/231348","targetHints":{"allow":["GET"]}}],"collection":[{"href":"https:\/\/saida-nails.de\/fr\/wp-json\/wp\/v2\/product"}],"about":[{"href":"https:\/\/saida-nails.de\/fr\/wp-json\/wp\/v2\/types\/product"}],"replies":[{"embeddable":true,"href":"https:\/\/saida-nails.de\/fr\/wp-json\/wp\/v2\/comments?post=231348"}],"wp:featuredmedia":[{"embeddable":true,"href":"https:\/\/saida-nails.de\/fr\/wp-json\/wp\/v2\/media\/231334"}],"wp:attachment":[{"href":"https:\/\/saida-nails.de\/fr\/wp-json\/wp\/v2\/media?parent=231348"}],"wp:term":[{"taxonomy":"product_brand","embeddable":true,"href":"https:\/\/saida-nails.de\/fr\/wp-json\/wp\/v2\/product_brand?post=231348"},{"taxonomy":"product_cat","embeddable":true,"href":"https:\/\/saida-nails.de\/fr\/wp-json\/wp\/v2\/product_cat?post=231348"},{"taxonomy":"product_tag","embeddable":true,"href":"https:\/\/saida-nails.de\/fr\/wp-json\/wp\/v2\/product_tag?post=231348"}],"curies":[{"name":"wp","href":"https:\/\/api.w.org\/{rel}","templated":true}]}}