{"id":231371,"date":"2025-10-28T12:11:20","date_gmt":"2025-10-28T12:11:20","guid":{"rendered":"https:\/\/saida-nails.de\/produkt\/moule-en-silicone-3d-n-02-hiver"},"modified":"2026-01-02T14:13:28","modified_gmt":"2026-01-02T14:13:28","slug":"moule-en-silicone-3d-n-02-hiver","status":"publish","type":"product","link":"https:\/\/saida-nails.de\/fr\/produkt\/moule-en-silicone-3d-n-02-hiver","title":{"rendered":"Moule en Silicone 3D n\u00b0 02 Hiver"},"content":{"rendered":"<p>Moule en silicone transparent pour cr\u00e9er de magnifiques d\u00e9corations 3D pour les ongles.<\/p>\n<ul>\n<li>dimensions : environ 6 x 9 cm<\/li>\n<li>en mati\u00e8re synth\u00e9tique de haute qualit\u00e9<\/li>\n<li>extra plat<\/li>\n<li>livr\u00e9 dans une bo\u00eete en plastique solide<\/li>\n<li>r\u00e9utilisable<\/li>\n<li>un pochoir avec des motifs comme illustr\u00e9<\/li>\n<li>contenu de la livraison : bo\u00eete avec 1 pochoir + 1 grattoir<\/li>\n<\/ul>\n<p>&nbsp;<\/p>\n<p><strong>Application :<\/strong><\/p>\n<ul>\n<li>remplissez le motif souhait\u00e9 avec le gel (vernis) de votre choix<\/li>\n<li>retirez l&rsquo;exc\u00e9dent \u00e0 l&rsquo;aide du grattoir fourni<\/li>\n<li>durcissez tr\u00e8s bri\u00e8vement le motif sous une lampe UV\/LED<\/li>\n<li>Pour les motifs dont les \u00e9l\u00e9ments individuels ne sont pas reli\u00e9s entre eux, appliquez une fine couche de <a href=\"https:\/\/saida-nails.de\/produkt\/quick-finish-glossy-15ml\">Quick Finish GLOSSY<\/a> sur le motif durci afin qu&rsquo;il ne se d\u00e9sagr\u00e8ge pas, puis durcissez pendant environ 5 secondes. Un temps de polym\u00e9risation plus long contribue \u00e0 rigidifier le motif. <\/li>\n<li>Sceller l&rsquo;ongle avec l&rsquo;un des <a href=\"https:\/\/saida-nails.de\/fr\/produkt-kategorie\/gels\/gels-de-finition-scellants\">gels de finition Quick Finish.<\/a><\/li>\n<li>Retirer le motif \u00e0 l&rsquo;aide d&rsquo;une pince \u00e0 \u00e9piler, le placer sur la couche de gel \u00ab humide \u00bb et polym\u00e9riser le gel avec le motif.<\/li>\n<\/ul>\n","protected":false},"excerpt":{"rendered":"<p>Moule en silicone transparent pour cr\u00e9er de magnifiques d\u00e9corations 3D pour les ongles. dimensions : environ 6 x 9 cm en mati\u00e8re synth\u00e9tique de haute qualit\u00e9 extra plat livr\u00e9 dans une bo\u00eete en plastique solide r\u00e9utilisable un pochoir avec des motifs comme illustr\u00e9 contenu de la livraison : bo\u00eete avec 1 pochoir + 1 grattoir [&#8230;]\n","protected":false},"featured_media":231358,"comment_status":"open","ping_status":"closed","template":"","meta":[],"product_brand":[],"product_cat":[705,743],"product_tag":[],"class_list":{"0":"post-231371","1":"product","2":"type-product","3":"status-publish","4":"has-post-thumbnail","6":"product_cat-noel","7":"product_cat-moules-en-silicone-3d","9":"first","10":"instock","11":"taxable","12":"shipping-taxable","13":"purchasable","14":"product-type-simple"},"aioseo_notices":[],"_links":{"self":[{"href":"https:\/\/saida-nails.de\/fr\/wp-json\/wp\/v2\/product\/231371","targetHints":{"allow":["GET"]}}],"collection":[{"href":"https:\/\/saida-nails.de\/fr\/wp-json\/wp\/v2\/product"}],"about":[{"href":"https:\/\/saida-nails.de\/fr\/wp-json\/wp\/v2\/types\/product"}],"replies":[{"embeddable":true,"href":"https:\/\/saida-nails.de\/fr\/wp-json\/wp\/v2\/comments?post=231371"}],"wp:featuredmedia":[{"embeddable":true,"href":"https:\/\/saida-nails.de\/fr\/wp-json\/wp\/v2\/media\/231358"}],"wp:attachment":[{"href":"https:\/\/saida-nails.de\/fr\/wp-json\/wp\/v2\/media?parent=231371"}],"wp:term":[{"taxonomy":"product_brand","embeddable":true,"href":"https:\/\/saida-nails.de\/fr\/wp-json\/wp\/v2\/product_brand?post=231371"},{"taxonomy":"product_cat","embeddable":true,"href":"https:\/\/saida-nails.de\/fr\/wp-json\/wp\/v2\/product_cat?post=231371"},{"taxonomy":"product_tag","embeddable":true,"href":"https:\/\/saida-nails.de\/fr\/wp-json\/wp\/v2\/product_tag?post=231371"}],"curies":[{"name":"wp","href":"https:\/\/api.w.org\/{rel}","templated":true}]}}