{"id":231382,"date":"2024-01-12T14:25:41","date_gmt":"2024-01-12T14:25:41","guid":{"rendered":"https:\/\/saida-nails.de\/produkt\/cracking-liquid-noir-5-ml"},"modified":"2026-05-02T22:17:00","modified_gmt":"2026-05-02T22:17:00","slug":"cracking-liquid-noir-5-ml","status":"publish","type":"product","link":"https:\/\/saida-nails.de\/fr\/produkt\/cracking-liquid-noir-5-ml","title":{"rendered":"Cracking Liquid NOIR, 5 ml"},"content":{"rendered":"<ul>\n<li>ancien vernis craquel\u00e9 <\/li>\n<li>\u00e0 base d&rsquo;eau<\/li>\n<li>temps de s\u00e9chage : d\u00e9pend de l&rsquo;\u00e9paisseur de la couche appliqu\u00e9e<\/li>\n<li>comme base, vous pouvez utiliser : <a href=\"https:\/\/saida-nails.de\/produkt\/cracking-liquid-base-coat-10ml\">Cracking Liquid BASE COAT<\/a> ou <a href=\"https:\/\/saida-nails.de\/produkt\/frenchgel-snow-white\">Snow White<\/a><\/li>\n<li>contenu : 5 ml<\/li>\n<\/ul>\n<p>&nbsp;<\/p>\n<hr>\n<p><em><strong>Ingr\u00e9dients :<\/strong> Acetoacetate, Water, Polyacrylic Acid, Methyl Methacrylate, Propanoic Acid, Propylene Glycol, Phenoxyethanol, Octane-1,2-diol; May contain [+\/-]: CI45380, CI15850, CI77491, CI15985, CI77492, CI77007, CI77510, CI77742, CI77289, CI77499, CI77891<\/em><\/p>\n<hr>\n<p>&nbsp;<\/p>\n<h2>\u00c9tapes d&rsquo;application :<\/h2>\n<ol>\n<li>Appliquez une tr\u00e8s fine couche de gel de base (par exemple <a href=\"https:\/\/saida-nails.de\/produkt\/cracking-liquid-base-coat-10ml\">Cracking Liquid BASE COAT<\/a> ou <a href=\"https:\/\/saida-nails.de\/produkt\/frenchgel-snow-white\">Gel French SNOW WHITE<\/a>). Peu importe que l&rsquo;ongle soit lim\u00e9, avec ou sans couche collante. <\/li>\n<li>Laissez bien polym\u00e9riser la couche de base (lampe UV : 90 secondes, LED : 30-45 secondes).<\/li>\n<li>Appliquez rapidement le Cracking Liquid.<\/li>\n<li>Laissez s\u00e9cher le Cracking Liquid \u00e0 l&rsquo;air libre jusqu&rsquo;\u00e0 ce qu&rsquo;il ne pr\u00e9sente plus aucune trace d&rsquo;humidit\u00e9.<\/li>\n<li>Scellez l&rsquo;ongle avec l&rsquo;un de nos gels de finition.<\/li>\n<\/ol>\n<p>&nbsp;<\/p>\n<h2>Conseils d&rsquo;utilisation et de conservation du Cracking Liquid<\/h2>\n<p>Le Cracking Liquid est un produit \u00e0 base d&rsquo;eau. L&rsquo;\u00e9vaporation de l&rsquo;eau contribue \u00e0 la formation du motif souhait\u00e9.  Afin de pouvoir utiliser le liquide pendant longtemps, veuillez respecter les consignes suivantes :<\/p>\n<ul>\n<li>Apr\u00e8s avoir utilis\u00e9 le liquide, nettoyez soigneusement le goulot du flacon.<\/li>\n<li>Fermez soigneusement le flacon imm\u00e9diatement et compl\u00e8tement apr\u00e8s chaque utilisation afin d&rsquo;\u00e9viter le dess\u00e8chement et la formation de grumeaux dans le liquide.<\/li>\n<li><strong>ATTENTION !<\/strong> Avant de sceller l&rsquo;ongle, assurez-vous que le Cracking Liquid est compl\u00e8tement sec. Comme il s&rsquo;agit d&rsquo;un liquide et non d&rsquo;un gel, il est facile de se tromper sur le moment o\u00f9 le liquide est sec et s&rsquo;il l&rsquo;est d\u00e9j\u00e0. M\u00eame une petite zone qui n&rsquo;est pas compl\u00e8tement s\u00e8che peut emp\u00eacher le scellage de tenir sur l&rsquo;ongle.  <\/li>\n<li>Remarque : les r\u00e9clamations li\u00e9es \u00e0 un stockage ou \u00e0 une utilisation incorrecte du produit sont exclues.<\/li>\n<\/ul>\n<p>&nbsp;<\/p>\n<h2>FAQ \u2013 Questions fr\u00e9quentes<\/h2>\n<h3>Ich habe den Cracking Liquid so angewendet, wie in der Videoanleitung gezeigt, jedoch stellt sich dieser w\u00e4hrend des Trocknens auf und bl\u00e4ttert ab.<\/h3>\n<p>Cela est d\u00fb au gel utilis\u00e9 comme base pour le Cracking Liquid. Les diff\u00e9rents gels ont une couche de dispersion plus ou moins \u00ab collante \u00bb. Veuillez utiliser comme base les produits adapt\u00e9s au Cracking Liquid, \u00e0 savoir <a href=\"https:\/\/saida-nails.de\/produkt\/cracking-liquid-base-coat-10ml\">Cracking Liquid BASE COAT<\/a> ou <a href=\"https:\/\/saida-nails.de\/produkt\/frenchgel-snow-white\">Snow White<\/a>. Une base adapt\u00e9e garantit que le Cracking Liquid ne s&rsquo;\u00e9caille pas pendant le s\u00e9chage et que la surface de l&rsquo;ongle reste lisse.   <\/p>\n<h3>Cracking Liquid hinterl\u00e4sst Streifen beim Auftragen<\/h3>\n<p>Ce n&rsquo;est pas grave. Une fois que le Cracking Gel aura craquel\u00e9, les traces de pinceau seront \u00e0 peine visibles. <\/p>\n<h3>Le Cracking Liquid ne \u00ab craque \u00bb pas ou cela prend beaucoup de temps<\/h3>\n<p>Le Cracking Liquid est un liquide \u00e0 base d&rsquo;eau. Plus la couche est \u00e9paisse, plus il faut de temps pour que l&rsquo;eau qu&rsquo;il contient s&rsquo;\u00e9vapore et que le motif craquel\u00e9 apparaisse. L&rsquo;air froid d&rsquo;un s\u00e8che-cheveux est tr\u00e8s utile. Il r\u00e9duit consid\u00e9rablement le temps de s\u00e9chage.   <\/p>\n<h3>Pourquoi le motif craquel\u00e9 est-il parfois fin, parfois grossier ?<\/h3>\n<p>Plus la couche de Cracking Liquid appliqu\u00e9e est \u00e9paisse, plus le motif est grossier et plus il s\u00e8che lentement.<\/p>\n<p>Avec <a href=\"https:\/\/saida-nails.de\/produkt\/cracking-liquid-base-coat-10ml\">Cracking Liquid BASE COAT<\/a> comme base, le motif obtenu est g\u00e9n\u00e9ralement plus grossier qu&rsquo;avec <a href=\"https:\/\/saida-nails.de\/produkt\/frenchgel-snow-white\">Snow White<\/a>.<\/p>\n<h3>Le Cracking Liquid peut-il tout de m\u00eame \u00eatre utilis\u00e9 sous une lampe UV\/LED ?<\/h3>\n<p>Oui. Le processus de craquelure est simplement acc\u00e9l\u00e9r\u00e9, car l&rsquo;\u00e9vaporation de l&rsquo;eau contenue dans le produit est plus rapide sous l&rsquo;effet de la chaleur g\u00e9n\u00e9r\u00e9e par la lampe. <\/p>\n<h3>Avec quoi puis-je sceller l&rsquo;ongle avec le Cracking Liquid ?<\/h3>\n<p>Tous les gels de finition de Saida Nails offrent une bonne protection pour le Cracking Liquid.<\/p>\n<p>&nbsp;<\/p>\n<h2>Vid\u00e9os<\/h2>\n<div class=\"col2\">\n<div class=\"elastic-video\"><iframe loading=\"lazy\" src=\"https:\/\/www.youtube-nocookie.com\/embed\/uazEFdz7zwo\" width=\"560\" height=\"315\" frameborder=\"0\" allowfullscreen=\"allowfullscreen\"><\/iframe><\/div>\n<\/div>\n<div class=\"col2\">\n<div class=\"elastic-video\"><iframe loading=\"lazy\" src=\"https:\/\/www.youtube-nocookie.com\/embed\/bhxFo9d4zhU\" width=\"560\" height=\"315\" frameborder=\"0\" allowfullscreen=\"allowfullscreen\"><\/iframe><\/div>\n<\/div>\n<div class=\"col2\">\n<div class=\"elastic-video\"><iframe loading=\"lazy\" src=\"https:\/\/www.youtube-nocookie.com\/embed\/nFZxxajTD8k\" width=\"560\" height=\"315\" frameborder=\"0\" allowfullscreen=\"allowfullscreen\"><\/iframe><\/div>\n<\/div>\n<div class=\"col2\">\n<div class=\"elastic-video\"><iframe loading=\"lazy\" src=\"https:\/\/www.youtube-nocookie.com\/embed\/wpQMjv_cUKc\" width=\"560\" height=\"315\" frameborder=\"0\" allowfullscreen=\"allowfullscreen\"><\/iframe><\/div>\n<\/div>\n","protected":false},"excerpt":{"rendered":"<p>Des ongles qui attirent tous les regards, c&rsquo;est garanti !<\/p>\n","protected":false},"featured_media":231378,"comment_status":"open","ping_status":"closed","template":"","meta":[],"product_brand":[],"product_cat":[685,745,1066],"product_tag":[],"class_list":{"0":"post-231382","1":"product","2":"type-product","3":"status-publish","4":"has-post-thumbnail","6":"product_cat-gels-pour-nail-art","7":"product_cat-cracking-liquid","8":"product_cat-cracking-liquid-2","10":"first","11":"instock","12":"taxable","13":"shipping-taxable","14":"purchasable","15":"product-type-simple"},"aioseo_notices":[],"_links":{"self":[{"href":"https:\/\/saida-nails.de\/fr\/wp-json\/wp\/v2\/product\/231382","targetHints":{"allow":["GET"]}}],"collection":[{"href":"https:\/\/saida-nails.de\/fr\/wp-json\/wp\/v2\/product"}],"about":[{"href":"https:\/\/saida-nails.de\/fr\/wp-json\/wp\/v2\/types\/product"}],"replies":[{"embeddable":true,"href":"https:\/\/saida-nails.de\/fr\/wp-json\/wp\/v2\/comments?post=231382"}],"wp:featuredmedia":[{"embeddable":true,"href":"https:\/\/saida-nails.de\/fr\/wp-json\/wp\/v2\/media\/231378"}],"wp:attachment":[{"href":"https:\/\/saida-nails.de\/fr\/wp-json\/wp\/v2\/media?parent=231382"}],"wp:term":[{"taxonomy":"product_brand","embeddable":true,"href":"https:\/\/saida-nails.de\/fr\/wp-json\/wp\/v2\/product_brand?post=231382"},{"taxonomy":"product_cat","embeddable":true,"href":"https:\/\/saida-nails.de\/fr\/wp-json\/wp\/v2\/product_cat?post=231382"},{"taxonomy":"product_tag","embeddable":true,"href":"https:\/\/saida-nails.de\/fr\/wp-json\/wp\/v2\/product_tag?post=231382"}],"curies":[{"name":"wp","href":"https:\/\/api.w.org\/{rel}","templated":true}]}}