{"id":231486,"date":"2024-01-13T01:22:10","date_gmt":"2024-01-13T01:22:10","guid":{"rendered":"https:\/\/saida-nails.de\/produkt\/glitter-reflechissant-la-lumiere-n-07-blanc"},"modified":"2026-01-26T17:26:24","modified_gmt":"2026-01-26T17:26:24","slug":"glitter-reflechissant-la-lumiere-n-07-blanc","status":"publish","type":"product","link":"https:\/\/saida-nails.de\/fr\/produkt\/glitter-reflechissant-la-lumiere-n-07-blanc","title":{"rendered":"Glitter R\u00e9fl\u00e9chissant la Lumi\u00e8re n\u00b0 07 BLANC"},"content":{"rendered":"<ul>\n<li>poudre scintillante de haute qualit\u00e9 qui change d&rsquo;aspect en fonction de la lumi\u00e8re<\/li>\n<li>contenu: 3 g<\/li>\n<\/ul>\n","protected":false},"excerpt":{"rendered":"<p>poudre scintillante de haute qualit\u00e9 qui change d&rsquo;aspect en fonction de la lumi\u00e8re contenu: 3 g<\/p>\n","protected":false},"featured_media":231483,"comment_status":"open","ping_status":"closed","template":"","meta":[],"product_brand":[],"product_cat":[749],"product_tag":[],"class_list":{"0":"post-231486","1":"product","2":"type-product","3":"status-publish","4":"has-post-thumbnail","6":"product_cat-glitter-reflechissant-la-lumiere","8":"first","9":"instock","10":"taxable","11":"shipping-taxable","12":"purchasable","13":"product-type-simple"},"aioseo_notices":[],"_links":{"self":[{"href":"https:\/\/saida-nails.de\/fr\/wp-json\/wp\/v2\/product\/231486","targetHints":{"allow":["GET"]}}],"collection":[{"href":"https:\/\/saida-nails.de\/fr\/wp-json\/wp\/v2\/product"}],"about":[{"href":"https:\/\/saida-nails.de\/fr\/wp-json\/wp\/v2\/types\/product"}],"replies":[{"embeddable":true,"href":"https:\/\/saida-nails.de\/fr\/wp-json\/wp\/v2\/comments?post=231486"}],"wp:featuredmedia":[{"embeddable":true,"href":"https:\/\/saida-nails.de\/fr\/wp-json\/wp\/v2\/media\/231483"}],"wp:attachment":[{"href":"https:\/\/saida-nails.de\/fr\/wp-json\/wp\/v2\/media?parent=231486"}],"wp:term":[{"taxonomy":"product_brand","embeddable":true,"href":"https:\/\/saida-nails.de\/fr\/wp-json\/wp\/v2\/product_brand?post=231486"},{"taxonomy":"product_cat","embeddable":true,"href":"https:\/\/saida-nails.de\/fr\/wp-json\/wp\/v2\/product_cat?post=231486"},{"taxonomy":"product_tag","embeddable":true,"href":"https:\/\/saida-nails.de\/fr\/wp-json\/wp\/v2\/product_tag?post=231486"}],"curies":[{"name":"wp","href":"https:\/\/api.w.org\/{rel}","templated":true}]}}