{"id":231643,"date":"2025-10-28T15:09:14","date_gmt":"2025-10-28T15:09:14","guid":{"rendered":"https:\/\/saida-nails.de\/produkt\/mix-de-glitter-laser-bleu-marine"},"modified":"2025-10-28T15:09:14","modified_gmt":"2025-10-28T15:09:14","slug":"mix-de-glitter-laser-bleu-marine","status":"publish","type":"product","link":"https:\/\/saida-nails.de\/fr\/produkt\/mix-de-glitter-laser-bleu-marine","title":{"rendered":"Mix de Glitter Laser BLEU MARINE"},"content":{"rendered":"<ul>\n<li>paillettes extr\u00eamement scintillantes ; un v\u00e9ritable accroche-regard<\/li>\n<li>m\u00e9lange de pailettes de 4 tailles diff\u00e9rentes<\/li>\n<li>10 g<\/li>\n<\/ul>\n<p>&nbsp;<\/p>\n<h2>Vid\u00e9os<\/h2>\n<div class=\"col2\">\n<div class=\"elastic-video\"><iframe loading=\"lazy\" src=\"https:\/\/www.youtube-nocookie.com\/embed\/rzLQEL2Z1qY\" width=\"560\" height=\"315\" frameborder=\"0\" allowfullscreen=\"allowfullscreen\"><span data-mce-type=\"bookmark\" style=\"display: inline-block; width: 0px; overflow: hidden; line-height: 0;\" class=\"mce_SELRES_start\"><\/span><\/iframe><\/div>\n<\/div>\n","protected":false},"excerpt":{"rendered":"<p>paillettes extr\u00eamement scintillantes ; un v\u00e9ritable accroche-regard m\u00e9lange de pailettes de 4 tailles diff\u00e9rentes 10 g &nbsp; Vid\u00e9os<\/p>\n","protected":false},"featured_media":231637,"comment_status":"open","ping_status":"closed","template":"","meta":[],"product_brand":[],"product_cat":[676,687,688],"product_tag":[],"class_list":{"0":"post-231643","1":"product","2":"type-product","3":"status-publish","4":"has-post-thumbnail","6":"product_cat-soldes","7":"product_cat-mix-de-glitter-laser","8":"product_cat-shop-a-1-euro","10":"first","11":"instock","12":"sale","13":"taxable","14":"shipping-taxable","15":"purchasable","16":"product-type-simple"},"aioseo_notices":[],"_links":{"self":[{"href":"https:\/\/saida-nails.de\/fr\/wp-json\/wp\/v2\/product\/231643","targetHints":{"allow":["GET"]}}],"collection":[{"href":"https:\/\/saida-nails.de\/fr\/wp-json\/wp\/v2\/product"}],"about":[{"href":"https:\/\/saida-nails.de\/fr\/wp-json\/wp\/v2\/types\/product"}],"replies":[{"embeddable":true,"href":"https:\/\/saida-nails.de\/fr\/wp-json\/wp\/v2\/comments?post=231643"}],"wp:featuredmedia":[{"embeddable":true,"href":"https:\/\/saida-nails.de\/fr\/wp-json\/wp\/v2\/media\/231637"}],"wp:attachment":[{"href":"https:\/\/saida-nails.de\/fr\/wp-json\/wp\/v2\/media?parent=231643"}],"wp:term":[{"taxonomy":"product_brand","embeddable":true,"href":"https:\/\/saida-nails.de\/fr\/wp-json\/wp\/v2\/product_brand?post=231643"},{"taxonomy":"product_cat","embeddable":true,"href":"https:\/\/saida-nails.de\/fr\/wp-json\/wp\/v2\/product_cat?post=231643"},{"taxonomy":"product_tag","embeddable":true,"href":"https:\/\/saida-nails.de\/fr\/wp-json\/wp\/v2\/product_tag?post=231643"}],"curies":[{"name":"wp","href":"https:\/\/api.w.org\/{rel}","templated":true}]}}