{"id":231904,"date":"2025-10-28T21:19:37","date_gmt":"2025-10-28T21:19:37","guid":{"rendered":"https:\/\/saida-nails.de\/produkt\/stickers-baby-boomer-french-marron-or"},"modified":"2026-02-03T15:05:12","modified_gmt":"2026-02-03T15:05:12","slug":"stickers-baby-boomer-french-marron-or","status":"publish","type":"product","link":"https:\/\/saida-nails.de\/fr\/produkt\/stickers-baby-boomer-french-marron-or","title":{"rendered":"Stickers Baby-Boomer French, MARRON-OR"},"content":{"rendered":"<ul>\n<li>autocollants ultra-fins<\/li>\n<li>adh\u00e9rence extr\u00eamement forte<\/li>\n<li>adapt\u00e9s \u00e0 toutes les occasions, tous les looks et toutes les saisons<\/li>\n<li>dimensions : environ 7 \u00d7 9 cm<\/li>\n<\/ul>\n","protected":false},"excerpt":{"rendered":"<p>autocollants ultra-fins adh\u00e9rence extr\u00eamement forte adapt\u00e9s \u00e0 toutes les occasions, tous les looks et toutes les saisons dimensions : environ 7 \u00d7 9 cm<\/p>\n","protected":false},"featured_media":231899,"comment_status":"open","ping_status":"closed","template":"","meta":[],"product_brand":[],"product_cat":[695,701],"product_tag":[],"class_list":{"0":"post-231904","1":"product","2":"type-product","3":"status-publish","4":"has-post-thumbnail","6":"product_cat-tous-les-stickers","7":"product_cat-stickers-baby-boomer-french","9":"first","10":"instock","11":"sale","12":"taxable","13":"shipping-taxable","14":"purchasable","15":"product-type-variable"},"aioseo_notices":[],"_links":{"self":[{"href":"https:\/\/saida-nails.de\/fr\/wp-json\/wp\/v2\/product\/231904","targetHints":{"allow":["GET"]}}],"collection":[{"href":"https:\/\/saida-nails.de\/fr\/wp-json\/wp\/v2\/product"}],"about":[{"href":"https:\/\/saida-nails.de\/fr\/wp-json\/wp\/v2\/types\/product"}],"replies":[{"embeddable":true,"href":"https:\/\/saida-nails.de\/fr\/wp-json\/wp\/v2\/comments?post=231904"}],"wp:featuredmedia":[{"embeddable":true,"href":"https:\/\/saida-nails.de\/fr\/wp-json\/wp\/v2\/media\/231899"}],"wp:attachment":[{"href":"https:\/\/saida-nails.de\/fr\/wp-json\/wp\/v2\/media?parent=231904"}],"wp:term":[{"taxonomy":"product_brand","embeddable":true,"href":"https:\/\/saida-nails.de\/fr\/wp-json\/wp\/v2\/product_brand?post=231904"},{"taxonomy":"product_cat","embeddable":true,"href":"https:\/\/saida-nails.de\/fr\/wp-json\/wp\/v2\/product_cat?post=231904"},{"taxonomy":"product_tag","embeddable":true,"href":"https:\/\/saida-nails.de\/fr\/wp-json\/wp\/v2\/product_tag?post=231904"}],"curies":[{"name":"wp","href":"https:\/\/api.w.org\/{rel}","templated":true}]}}