{"id":232269,"date":"2024-05-05T20:27:17","date_gmt":"2024-05-05T20:27:17","guid":{"rendered":"https:\/\/saida-nails.de\/produkt\/appareil-de-photopolymerisation-combine-uva-led-glamour"},"modified":"2026-04-10T10:25:54","modified_gmt":"2026-04-10T10:25:54","slug":"appareil-de-photopolymerisation-combine-uva-led-glamour","status":"publish","type":"product","link":"https:\/\/saida-nails.de\/fr\/produkt\/appareil-de-photopolymerisation-combine-uva-led-glamour","title":{"rendered":"Appareil de Photopolym\u00e9risation Combin\u00e9 UVA\/LED GLAMOUR"},"content":{"rendered":"<p>Haute qualit\u00e9 et bo\u00eetier \u00e9tincelant, orn\u00e9 \u00e0 la main de strass de grande qualit\u00e9. Donne \u00e0 chaque table de manucure un look particuli\u00e8rement glamour ! <\/p>\n<ul>\n<li>peut fonctionner sans fil<\/li>\n<li>temps de charge : environ 4 heures<\/li>\n<li>autonomie de la batterie (sans recharge interm\u00e9diaire) : environ 12 heures<\/li>\n<li>convient pour : gels UV, gels LED, gels acryliques<\/li>\n<li>longueur d&rsquo;onde UVA : 365+405 nm<\/li>\n<li>fonction capteur avec compteur (peut \u00eatre activ\u00e9e et d\u00e9sactiv\u00e9e manuellement)<\/li>\n<li>fonction minuterie : la dur\u00e9e de durcissement peut \u00eatre s\u00e9lectionn\u00e9e entre : 30 sec, 60 sec, 90 sec, 99 sec.<\/li>\n<li>puissance : 96 W<\/li>\n<li>\u00e9quip\u00e9 de 42 LED parfaitement plac\u00e9es<\/li>\n<li>capacit\u00e9 de la batterie : 19200 mAh<\/li>\n<li>plaque de base amovible, utilisable des deux c\u00f4t\u00e9s, avec support magn\u00e9tique pratique<\/li>\n<li>l&rsquo;appareil est conforme aux exigences des directives europ\u00e9ennes et nationales en vigueur<\/li>\n<li>contenu : 1 lampe LED, 1 c\u00e2ble de chargement\/d&rsquo;alimentation (fiche secteur conforme \u00e0 la norme allemande ; Schuko type F, pas d&rsquo;adaptateur pour d&rsquo;autres pays\/syst\u00e8mes)<\/li>\n<li>dimensions :<br \/>\nappareil : L x H x P env. 23 x 10 x 23 cm<br \/>\nouverture : L env. 15 cm, H env. 7 cm<\/li>\n<\/ul>\n<p>&nbsp;<\/p>\n<h2>Vid\u00e9os<\/h2>\n<div class=\"col2\">\n<div class=\"elastic-video\"><iframe loading=\"lazy\" src=\"https:\/\/www.youtube-nocookie.com\/embed\/cLHSriFT7JU\" width=\"560\" height=\"315\" frameborder=\"0\" allowfullscreen=\"allowfullscreen\"><\/iframe><\/div>\n<\/div>\n","protected":false},"excerpt":{"rendered":"<p>Glamour et haute qualit\u00e9 !<\/p>\n","protected":false},"featured_media":232264,"comment_status":"open","ping_status":"closed","template":"","meta":[],"product_brand":[],"product_cat":[756],"product_tag":[],"class_list":{"0":"post-232269","1":"product","2":"type-product","3":"status-publish","4":"has-post-thumbnail","6":"product_cat-appareils-electriques","7":"pa_ausfuehrung-1-piece","8":"pa_ausfuehrung-2-pieces-lot-economique","10":"first","11":"instock","12":"taxable","13":"shipping-taxable","14":"purchasable","15":"product-type-simple"},"aioseo_notices":[],"_links":{"self":[{"href":"https:\/\/saida-nails.de\/fr\/wp-json\/wp\/v2\/product\/232269","targetHints":{"allow":["GET"]}}],"collection":[{"href":"https:\/\/saida-nails.de\/fr\/wp-json\/wp\/v2\/product"}],"about":[{"href":"https:\/\/saida-nails.de\/fr\/wp-json\/wp\/v2\/types\/product"}],"replies":[{"embeddable":true,"href":"https:\/\/saida-nails.de\/fr\/wp-json\/wp\/v2\/comments?post=232269"}],"wp:featuredmedia":[{"embeddable":true,"href":"https:\/\/saida-nails.de\/fr\/wp-json\/wp\/v2\/media\/232264"}],"wp:attachment":[{"href":"https:\/\/saida-nails.de\/fr\/wp-json\/wp\/v2\/media?parent=232269"}],"wp:term":[{"taxonomy":"product_brand","embeddable":true,"href":"https:\/\/saida-nails.de\/fr\/wp-json\/wp\/v2\/product_brand?post=232269"},{"taxonomy":"product_cat","embeddable":true,"href":"https:\/\/saida-nails.de\/fr\/wp-json\/wp\/v2\/product_cat?post=232269"},{"taxonomy":"product_tag","embeddable":true,"href":"https:\/\/saida-nails.de\/fr\/wp-json\/wp\/v2\/product_tag?post=232269"}],"curies":[{"name":"wp","href":"https:\/\/api.w.org\/{rel}","templated":true}]}}