{"id":232288,"date":"2024-01-15T14:26:35","date_gmt":"2024-01-15T14:26:35","guid":{"rendered":"https:\/\/saida-nails.de\/produkt\/strass-irises"},"modified":"2026-01-05T10:47:03","modified_gmt":"2026-01-05T10:47:03","slug":"strass-irises","status":"publish","type":"product","link":"https:\/\/saida-nails.de\/fr\/produkt\/strass-irises","title":{"rendered":"Strass, iris\u00e9s"},"content":{"rendered":"<ul>\n<li>iris\u00e9s<\/li>\n<li>100 pi\u00e8ces<\/li>\n<\/ul>\n<p>&nbsp;<\/p>\n<h2>Vid\u00e9os<\/h2>\n<div class=\"col2\">\n<div class=\"elastic-video\"><iframe loading=\"lazy\" src=\"https:\/\/www.youtube-nocookie.com\/embed\/idPLdW212WY\" width=\"560\" height=\"315\" frameborder=\"0\" allowfullscreen=\"allowfullscreen\"><\/iframe><\/div>\n<\/div>\n","protected":false},"excerpt":{"rendered":"<p>iris\u00e9s 100 pi\u00e8ces &nbsp; Vid\u00e9os<\/p>\n","protected":false},"featured_media":232277,"comment_status":"open","ping_status":"closed","template":"","meta":[],"product_brand":[],"product_cat":[676,716],"product_tag":[],"class_list":{"0":"post-232288","1":"product","2":"type-product","3":"status-publish","4":"has-post-thumbnail","6":"product_cat-soldes","7":"product_cat-strass-co","8":"pa_groesse-ss3-14-mm-100-pieces","9":"pa_groesse-ss4-16-mm-100-pieces","10":"pa_groesse-ss5-18-mm-100-pieces","11":"pa_groesse-ss6-20-mm-100-pieces","12":"pa_groesse-ss8-24-mm-100-pieces","13":"pa_groesse-ss10-29-mm-50-pieces","14":"pa_groesse-ss12-31-mm-50-pieces","15":"pa_groesse-ss16-39-mm-50-pieces","16":"pa_groesse-ss20-47-mm-20-pieces","18":"first","19":"instock","20":"sale","21":"taxable","22":"shipping-taxable","23":"purchasable","24":"product-type-variable"},"aioseo_notices":[],"_links":{"self":[{"href":"https:\/\/saida-nails.de\/fr\/wp-json\/wp\/v2\/product\/232288","targetHints":{"allow":["GET"]}}],"collection":[{"href":"https:\/\/saida-nails.de\/fr\/wp-json\/wp\/v2\/product"}],"about":[{"href":"https:\/\/saida-nails.de\/fr\/wp-json\/wp\/v2\/types\/product"}],"replies":[{"embeddable":true,"href":"https:\/\/saida-nails.de\/fr\/wp-json\/wp\/v2\/comments?post=232288"}],"wp:featuredmedia":[{"embeddable":true,"href":"https:\/\/saida-nails.de\/fr\/wp-json\/wp\/v2\/media\/232277"}],"wp:attachment":[{"href":"https:\/\/saida-nails.de\/fr\/wp-json\/wp\/v2\/media?parent=232288"}],"wp:term":[{"taxonomy":"product_brand","embeddable":true,"href":"https:\/\/saida-nails.de\/fr\/wp-json\/wp\/v2\/product_brand?post=232288"},{"taxonomy":"product_cat","embeddable":true,"href":"https:\/\/saida-nails.de\/fr\/wp-json\/wp\/v2\/product_cat?post=232288"},{"taxonomy":"product_tag","embeddable":true,"href":"https:\/\/saida-nails.de\/fr\/wp-json\/wp\/v2\/product_tag?post=232288"}],"curies":[{"name":"wp","href":"https:\/\/api.w.org\/{rel}","templated":true}]}}