{"id":232329,"date":"2024-01-12T01:50:12","date_gmt":"2024-01-12T01:50:12","guid":{"rendered":"https:\/\/saida-nails.de\/produkt\/holo-diamants-3d-lot-de-12"},"modified":"2026-04-10T19:43:37","modified_gmt":"2026-04-10T19:43:37","slug":"holo-diamants-3d-lot-de-12","status":"publish","type":"product","link":"https:\/\/saida-nails.de\/fr\/produkt\/holo-diamants-3d-lot-de-12","title":{"rendered":"Holo-Diamants 3D, lot de 12"},"content":{"rendered":"<ul>\n<li>losanges holographiques 3D \u00e0 appliquer sous ou sur les ongles model\u00e9s<\/li>\n<li>le lot comprend 12 couleurs : pink, rose, violet, vert, bleu clair, bleu blanc, jaune fonc\u00e9, jaune clair, vert fonc\u00e9-orange, orange fonc\u00e9, orange, orange neon<\/li>\n<\/ul>\n<p>&nbsp;<\/p>\n<h2>Vid\u00e9os<\/h2>\n<div class=\"col2\">\n<div class=\"elastic-video\"><iframe loading=\"lazy\" src=\"https:\/\/www.youtube-nocookie.com\/embed\/LjlZ4zJq6hg\" width=\"560\" height=\"315\" frameborder=\"0\" allowfullscreen=\"allowfullscreen\"><\/iframe><\/div>\n<\/div>\n","protected":false},"excerpt":{"rendered":"<p>losanges holographiques 3D \u00e0 appliquer sous ou sur les ongles model\u00e9s le lot comprend 12 couleurs : pink, rose, violet, vert, bleu clair, bleu blanc, jaune fonc\u00e9, jaune clair, vert fonc\u00e9-orange, orange fonc\u00e9, orange, orange neon &nbsp; Vid\u00e9os<\/p>\n","protected":false},"featured_media":232325,"comment_status":"open","ping_status":"closed","template":"","meta":[],"product_brand":[],"product_cat":[676,716],"product_tag":[],"class_list":{"0":"post-232329","1":"product","2":"type-product","3":"status-publish","4":"has-post-thumbnail","6":"product_cat-soldes","7":"product_cat-strass-co","9":"first","10":"instock","11":"sale","12":"taxable","13":"shipping-taxable","14":"purchasable","15":"product-type-simple"},"aioseo_notices":[],"_links":{"self":[{"href":"https:\/\/saida-nails.de\/fr\/wp-json\/wp\/v2\/product\/232329","targetHints":{"allow":["GET"]}}],"collection":[{"href":"https:\/\/saida-nails.de\/fr\/wp-json\/wp\/v2\/product"}],"about":[{"href":"https:\/\/saida-nails.de\/fr\/wp-json\/wp\/v2\/types\/product"}],"replies":[{"embeddable":true,"href":"https:\/\/saida-nails.de\/fr\/wp-json\/wp\/v2\/comments?post=232329"}],"wp:featuredmedia":[{"embeddable":true,"href":"https:\/\/saida-nails.de\/fr\/wp-json\/wp\/v2\/media\/232325"}],"wp:attachment":[{"href":"https:\/\/saida-nails.de\/fr\/wp-json\/wp\/v2\/media?parent=232329"}],"wp:term":[{"taxonomy":"product_brand","embeddable":true,"href":"https:\/\/saida-nails.de\/fr\/wp-json\/wp\/v2\/product_brand?post=232329"},{"taxonomy":"product_cat","embeddable":true,"href":"https:\/\/saida-nails.de\/fr\/wp-json\/wp\/v2\/product_cat?post=232329"},{"taxonomy":"product_tag","embeddable":true,"href":"https:\/\/saida-nails.de\/fr\/wp-json\/wp\/v2\/product_tag?post=232329"}],"curies":[{"name":"wp","href":"https:\/\/api.w.org\/{rel}","templated":true}]}}