{"id":232353,"date":"2024-05-11T19:58:57","date_gmt":"2024-05-11T19:58:57","guid":{"rendered":"https:\/\/saida-nails.de\/produkt\/outil-eponge-ombre"},"modified":"2024-05-11T19:58:57","modified_gmt":"2024-05-11T19:58:57","slug":"outil-eponge-ombre","status":"publish","type":"product","link":"https:\/\/saida-nails.de\/fr\/produkt\/outil-eponge-ombre","title":{"rendered":"Outil \u00c9ponge Ombr\u00e9"},"content":{"rendered":"<p>1 outil \u00e9ponge + 4 \u00e9ponges de rechange<\/p>\n","protected":false},"excerpt":{"rendered":"<p>id\u00e9al pour les effets baby-boomer et autres d\u00e9grad\u00e9s<\/p>\n","protected":false},"featured_media":232351,"comment_status":"open","ping_status":"closed","template":"","meta":[],"product_brand":[],"product_cat":[676,751,753,759],"product_tag":[],"class_list":{"0":"post-232353","1":"product","2":"type-product","3":"status-publish","4":"has-post-thumbnail","6":"product_cat-soldes","7":"product_cat-outils","8":"product_cat-pinceaux","9":"product_cat-outils-pour-nail-art","11":"first","12":"instock","13":"sale","14":"taxable","15":"shipping-taxable","16":"purchasable","17":"product-type-simple"},"aioseo_notices":[],"_links":{"self":[{"href":"https:\/\/saida-nails.de\/fr\/wp-json\/wp\/v2\/product\/232353","targetHints":{"allow":["GET"]}}],"collection":[{"href":"https:\/\/saida-nails.de\/fr\/wp-json\/wp\/v2\/product"}],"about":[{"href":"https:\/\/saida-nails.de\/fr\/wp-json\/wp\/v2\/types\/product"}],"replies":[{"embeddable":true,"href":"https:\/\/saida-nails.de\/fr\/wp-json\/wp\/v2\/comments?post=232353"}],"wp:featuredmedia":[{"embeddable":true,"href":"https:\/\/saida-nails.de\/fr\/wp-json\/wp\/v2\/media\/232351"}],"wp:attachment":[{"href":"https:\/\/saida-nails.de\/fr\/wp-json\/wp\/v2\/media?parent=232353"}],"wp:term":[{"taxonomy":"product_brand","embeddable":true,"href":"https:\/\/saida-nails.de\/fr\/wp-json\/wp\/v2\/product_brand?post=232353"},{"taxonomy":"product_cat","embeddable":true,"href":"https:\/\/saida-nails.de\/fr\/wp-json\/wp\/v2\/product_cat?post=232353"},{"taxonomy":"product_tag","embeddable":true,"href":"https:\/\/saida-nails.de\/fr\/wp-json\/wp\/v2\/product_tag?post=232353"}],"curies":[{"name":"wp","href":"https:\/\/api.w.org\/{rel}","templated":true}]}}