{"id":232380,"date":"2024-01-15T19:59:14","date_gmt":"2024-01-15T19:59:14","guid":{"rendered":"https:\/\/saida-nails.de\/produkt\/stylo-magnetique-fleur"},"modified":"2026-01-05T11:24:59","modified_gmt":"2026-01-05T11:24:59","slug":"stylo-magnetique-fleur","status":"publish","type":"product","link":"https:\/\/saida-nails.de\/fr\/produkt\/stylo-magnetique-fleur","title":{"rendered":"Stylo Magn\u00e9tique Fleur"},"content":{"rendered":"<ul>\n<li>stylo magn\u00e9tique pour cr\u00e9er des motifs floraux avec des gels Cat Eye<\/li>\n<li>longueur : 12,9 cm ; largeur \u2013 extr\u00e9mit\u00e9 plate : 0,9 cm ; largeur \u2013 extr\u00e9mit\u00e9 ronde : 0,7 cm<\/li>\n<\/ul>\n<p>&nbsp;<\/p>\n<h2>Vid\u00e9os<\/h2>\n<div class=\"col2\">\n<div class=\"elastic-video\"><iframe loading=\"lazy\" src=\"https:\/\/www.youtube-nocookie.com\/embed\/uJPCXbtyMik\" width=\"560\" height=\"315\" frameborder=\"0\" allowfullscreen=\"allowfullscreen\"><\/iframe><\/div>\n<\/div>\n","protected":false},"excerpt":{"rendered":"<p>stylo magn\u00e9tique pour cr\u00e9er des motifs floraux avec des gels Cat Eye longueur : 12,9 cm ; largeur \u2013 extr\u00e9mit\u00e9 plate : 0,9 cm ; largeur \u2013 extr\u00e9mit\u00e9 ronde : 0,7 cm &nbsp; Vid\u00e9os<\/p>\n","protected":false},"featured_media":232376,"comment_status":"open","ping_status":"closed","template":"","meta":[],"product_brand":[],"product_cat":[676,732,751,759],"product_tag":[],"class_list":{"0":"post-232380","1":"product","2":"type-product","3":"status-publish","4":"has-post-thumbnail","6":"product_cat-soldes","7":"product_cat-gels-cat-eye","8":"product_cat-outils","9":"product_cat-outils-pour-nail-art","11":"first","12":"instock","13":"sale","14":"taxable","15":"shipping-taxable","16":"purchasable","17":"product-type-simple"},"aioseo_notices":[],"_links":{"self":[{"href":"https:\/\/saida-nails.de\/fr\/wp-json\/wp\/v2\/product\/232380","targetHints":{"allow":["GET"]}}],"collection":[{"href":"https:\/\/saida-nails.de\/fr\/wp-json\/wp\/v2\/product"}],"about":[{"href":"https:\/\/saida-nails.de\/fr\/wp-json\/wp\/v2\/types\/product"}],"replies":[{"embeddable":true,"href":"https:\/\/saida-nails.de\/fr\/wp-json\/wp\/v2\/comments?post=232380"}],"wp:featuredmedia":[{"embeddable":true,"href":"https:\/\/saida-nails.de\/fr\/wp-json\/wp\/v2\/media\/232376"}],"wp:attachment":[{"href":"https:\/\/saida-nails.de\/fr\/wp-json\/wp\/v2\/media?parent=232380"}],"wp:term":[{"taxonomy":"product_brand","embeddable":true,"href":"https:\/\/saida-nails.de\/fr\/wp-json\/wp\/v2\/product_brand?post=232380"},{"taxonomy":"product_cat","embeddable":true,"href":"https:\/\/saida-nails.de\/fr\/wp-json\/wp\/v2\/product_cat?post=232380"},{"taxonomy":"product_tag","embeddable":true,"href":"https:\/\/saida-nails.de\/fr\/wp-json\/wp\/v2\/product_tag?post=232380"}],"curies":[{"name":"wp","href":"https:\/\/api.w.org\/{rel}","templated":true}]}}