{"id":232401,"date":"2024-01-11T22:57:02","date_gmt":"2024-01-11T22:57:02","guid":{"rendered":"https:\/\/saida-nails.de\/produkt\/pinceau-gel-langue-de-chat"},"modified":"2026-01-05T12:01:19","modified_gmt":"2026-01-05T12:01:19","slug":"pinceau-gel-langue-de-chat","status":"publish","type":"product","link":"https:\/\/saida-nails.de\/fr\/produkt\/pinceau-gel-langue-de-chat","title":{"rendered":"Pinceau Gel \u2013 Langue de Chat"},"content":{"rendered":"<ul>\n<li>poils naturels<\/li>\n<li>enti\u00e8rement fait main<\/li>\n<li>qualit\u00e9 sup\u00e9rieure<\/li>\n<li>diff\u00e9rentes tailles<\/li>\n<\/ul>\n","protected":false},"excerpt":{"rendered":"<p>poils naturels enti\u00e8rement fait main qualit\u00e9 sup\u00e9rieure diff\u00e9rentes tailles<\/p>\n","protected":false},"featured_media":232397,"comment_status":"open","ping_status":"closed","template":"","meta":[],"product_brand":[],"product_cat":[753],"product_tag":[],"class_list":{"0":"post-232401","1":"product","2":"type-product","3":"status-publish","4":"has-post-thumbnail","6":"product_cat-pinceaux","7":"pa_groesse-taille-2","8":"pa_groesse-taille-6","10":"first","11":"instock","12":"taxable","13":"shipping-taxable","14":"purchasable","15":"product-type-variable"},"aioseo_notices":[],"_links":{"self":[{"href":"https:\/\/saida-nails.de\/fr\/wp-json\/wp\/v2\/product\/232401","targetHints":{"allow":["GET"]}}],"collection":[{"href":"https:\/\/saida-nails.de\/fr\/wp-json\/wp\/v2\/product"}],"about":[{"href":"https:\/\/saida-nails.de\/fr\/wp-json\/wp\/v2\/types\/product"}],"replies":[{"embeddable":true,"href":"https:\/\/saida-nails.de\/fr\/wp-json\/wp\/v2\/comments?post=232401"}],"wp:featuredmedia":[{"embeddable":true,"href":"https:\/\/saida-nails.de\/fr\/wp-json\/wp\/v2\/media\/232397"}],"wp:attachment":[{"href":"https:\/\/saida-nails.de\/fr\/wp-json\/wp\/v2\/media?parent=232401"}],"wp:term":[{"taxonomy":"product_brand","embeddable":true,"href":"https:\/\/saida-nails.de\/fr\/wp-json\/wp\/v2\/product_brand?post=232401"},{"taxonomy":"product_cat","embeddable":true,"href":"https:\/\/saida-nails.de\/fr\/wp-json\/wp\/v2\/product_cat?post=232401"},{"taxonomy":"product_tag","embeddable":true,"href":"https:\/\/saida-nails.de\/fr\/wp-json\/wp\/v2\/product_tag?post=232401"}],"curies":[{"name":"wp","href":"https:\/\/api.w.org\/{rel}","templated":true}]}}