{"id":232429,"date":"2024-01-11T14:15:54","date_gmt":"2024-01-11T14:15:54","guid":{"rendered":"https:\/\/saida-nails.de\/produkt\/pinceau-a-modeler-french"},"modified":"2026-01-06T11:40:55","modified_gmt":"2026-01-06T11:40:55","slug":"pinceau-a-modeler-french","status":"publish","type":"product","link":"https:\/\/saida-nails.de\/fr\/produkt\/pinceau-a-modeler-french","title":{"rendered":"Pinceau \u00e0 Modeler \/ French"},"content":{"rendered":"<ul>\n<li>poils naturels<\/li>\n<li>enti\u00e8rement fait main<\/li>\n<li>qualit\u00e9 sup\u00e9rieure<\/li>\n<li>taille 6<\/li>\n<\/ul>\n","protected":false},"excerpt":{"rendered":"<p>poils naturels enti\u00e8rement fait main qualit\u00e9 sup\u00e9rieure taille 6<\/p>\n","protected":false},"featured_media":232425,"comment_status":"open","ping_status":"closed","template":"","meta":[],"product_brand":[],"product_cat":[753],"product_tag":[],"class_list":{"0":"post-232429","1":"product","2":"type-product","3":"status-publish","4":"has-post-thumbnail","6":"product_cat-pinceaux","8":"first","9":"instock","10":"taxable","11":"shipping-taxable","12":"purchasable","13":"product-type-simple"},"aioseo_notices":[],"_links":{"self":[{"href":"https:\/\/saida-nails.de\/fr\/wp-json\/wp\/v2\/product\/232429","targetHints":{"allow":["GET"]}}],"collection":[{"href":"https:\/\/saida-nails.de\/fr\/wp-json\/wp\/v2\/product"}],"about":[{"href":"https:\/\/saida-nails.de\/fr\/wp-json\/wp\/v2\/types\/product"}],"replies":[{"embeddable":true,"href":"https:\/\/saida-nails.de\/fr\/wp-json\/wp\/v2\/comments?post=232429"}],"wp:featuredmedia":[{"embeddable":true,"href":"https:\/\/saida-nails.de\/fr\/wp-json\/wp\/v2\/media\/232425"}],"wp:attachment":[{"href":"https:\/\/saida-nails.de\/fr\/wp-json\/wp\/v2\/media?parent=232429"}],"wp:term":[{"taxonomy":"product_brand","embeddable":true,"href":"https:\/\/saida-nails.de\/fr\/wp-json\/wp\/v2\/product_brand?post=232429"},{"taxonomy":"product_cat","embeddable":true,"href":"https:\/\/saida-nails.de\/fr\/wp-json\/wp\/v2\/product_cat?post=232429"},{"taxonomy":"product_tag","embeddable":true,"href":"https:\/\/saida-nails.de\/fr\/wp-json\/wp\/v2\/product_tag?post=232429"}],"curies":[{"name":"wp","href":"https:\/\/api.w.org\/{rel}","templated":true}]}}