{"id":232432,"date":"2024-01-11T22:53:07","date_gmt":"2024-01-11T22:53:07","guid":{"rendered":"https:\/\/saida-nails.de\/produkt\/pinceau-full-cover"},"modified":"2026-01-05T12:01:01","modified_gmt":"2026-01-05T12:01:01","slug":"pinceau-full-cover","status":"publish","type":"product","link":"https:\/\/saida-nails.de\/fr\/produkt\/pinceau-full-cover","title":{"rendered":"Pinceau Full Cover"},"content":{"rendered":"<ul>\n<li>poils naturels Kolinsky<\/li>\n<li>permet une application nette, m\u00eame avec un gel colorant \u00e9pais<\/li>\n<li>poils tr\u00e8s souples, \u00e9vite les traces dans le gel<\/li>\n<li>diff\u00e9rentes tailles disponibles<\/li>\n<\/ul>\n","protected":false},"excerpt":{"rendered":"<p>poils naturels Kolinsky permet une application nette, m\u00eame avec un gel colorant \u00e9pais poils tr\u00e8s souples, \u00e9vite les traces dans le gel diff\u00e9rentes tailles disponibles<\/p>\n","protected":false},"featured_media":232430,"comment_status":"open","ping_status":"closed","template":"","meta":[],"product_brand":[],"product_cat":[753],"product_tag":[],"class_list":{"0":"post-232432","1":"product","2":"type-product","3":"status-publish","4":"has-post-thumbnail","6":"product_cat-pinceaux","7":"pa_groesse-taille-5","8":"pa_groesse-taille-6","10":"first","11":"instock","12":"taxable","13":"shipping-taxable","14":"purchasable","15":"product-type-variable"},"aioseo_notices":[],"_links":{"self":[{"href":"https:\/\/saida-nails.de\/fr\/wp-json\/wp\/v2\/product\/232432","targetHints":{"allow":["GET"]}}],"collection":[{"href":"https:\/\/saida-nails.de\/fr\/wp-json\/wp\/v2\/product"}],"about":[{"href":"https:\/\/saida-nails.de\/fr\/wp-json\/wp\/v2\/types\/product"}],"replies":[{"embeddable":true,"href":"https:\/\/saida-nails.de\/fr\/wp-json\/wp\/v2\/comments?post=232432"}],"wp:featuredmedia":[{"embeddable":true,"href":"https:\/\/saida-nails.de\/fr\/wp-json\/wp\/v2\/media\/232430"}],"wp:attachment":[{"href":"https:\/\/saida-nails.de\/fr\/wp-json\/wp\/v2\/media?parent=232432"}],"wp:term":[{"taxonomy":"product_brand","embeddable":true,"href":"https:\/\/saida-nails.de\/fr\/wp-json\/wp\/v2\/product_brand?post=232432"},{"taxonomy":"product_cat","embeddable":true,"href":"https:\/\/saida-nails.de\/fr\/wp-json\/wp\/v2\/product_cat?post=232432"},{"taxonomy":"product_tag","embeddable":true,"href":"https:\/\/saida-nails.de\/fr\/wp-json\/wp\/v2\/product_tag?post=232432"}],"curies":[{"name":"wp","href":"https:\/\/api.w.org\/{rel}","templated":true}]}}