{"id":232438,"date":"2024-01-11T22:48:06","date_gmt":"2024-01-11T22:48:06","guid":{"rendered":"https:\/\/saida-nails.de\/produkt\/pinceau-pour-gel-acrylique-2-en-1"},"modified":"2026-01-05T12:03:32","modified_gmt":"2026-01-05T12:03:32","slug":"pinceau-pour-gel-acrylique-2-en-1","status":"publish","type":"product","link":"https:\/\/saida-nails.de\/fr\/produkt\/pinceau-pour-gel-acrylique-2-en-1","title":{"rendered":"Pinceau pour Gel Acrylique 2 en 1"},"content":{"rendered":"<ul>\n<li>1 pinceau avec 2 t\u00eates : 1 pinceau pour gel acrylique taille 8, 1 spatule pour pr\u00e9lever le gel acrylique du pot <\/li>\n<li>design \u00e9l\u00e9gant dans les couleurs noir et or rose<\/li>\n<li>parfaitement adapt\u00e9 \u00e0 l&rsquo;application du gel acrylique<\/li>\n<\/ul>\n","protected":false},"excerpt":{"rendered":"<p>1 pinceau avec 2 t\u00eates : 1 pinceau pour gel acrylique taille 8, 1 spatule pour pr\u00e9lever le gel acrylique du pot design \u00e9l\u00e9gant dans les couleurs noir et or rose parfaitement adapt\u00e9 \u00e0 l&rsquo;application du gel acrylique<\/p>\n","protected":false},"featured_media":232436,"comment_status":"open","ping_status":"closed","template":"","meta":[],"product_brand":[],"product_cat":[675,753,1078,1080],"product_tag":[],"class_list":{"0":"post-232438","1":"product","2":"type-product","3":"status-publish","4":"has-post-thumbnail","6":"product_cat-gels-acryliques","7":"product_cat-pinceaux","8":"product_cat-gel-acrylique-nouveau","9":"product_cat-gel-acrylique","11":"first","12":"instock","13":"taxable","14":"shipping-taxable","15":"purchasable","16":"product-type-simple"},"aioseo_notices":[],"_links":{"self":[{"href":"https:\/\/saida-nails.de\/fr\/wp-json\/wp\/v2\/product\/232438","targetHints":{"allow":["GET"]}}],"collection":[{"href":"https:\/\/saida-nails.de\/fr\/wp-json\/wp\/v2\/product"}],"about":[{"href":"https:\/\/saida-nails.de\/fr\/wp-json\/wp\/v2\/types\/product"}],"replies":[{"embeddable":true,"href":"https:\/\/saida-nails.de\/fr\/wp-json\/wp\/v2\/comments?post=232438"}],"wp:featuredmedia":[{"embeddable":true,"href":"https:\/\/saida-nails.de\/fr\/wp-json\/wp\/v2\/media\/232436"}],"wp:attachment":[{"href":"https:\/\/saida-nails.de\/fr\/wp-json\/wp\/v2\/media?parent=232438"}],"wp:term":[{"taxonomy":"product_brand","embeddable":true,"href":"https:\/\/saida-nails.de\/fr\/wp-json\/wp\/v2\/product_brand?post=232438"},{"taxonomy":"product_cat","embeddable":true,"href":"https:\/\/saida-nails.de\/fr\/wp-json\/wp\/v2\/product_cat?post=232438"},{"taxonomy":"product_tag","embeddable":true,"href":"https:\/\/saida-nails.de\/fr\/wp-json\/wp\/v2\/product_tag?post=232438"}],"curies":[{"name":"wp","href":"https:\/\/api.w.org\/{rel}","templated":true}]}}