{"id":232443,"date":"2024-01-11T14:24:49","date_gmt":"2024-01-11T14:24:49","guid":{"rendered":"https:\/\/saida-nails.de\/produkt\/pinceau-french-pinceau-de-decoration"},"modified":"2026-02-09T16:10:26","modified_gmt":"2026-02-09T16:10:26","slug":"pinceau-french-pinceau-de-decoration","status":"publish","type":"product","link":"https:\/\/saida-nails.de\/fr\/produkt\/pinceau-french-pinceau-de-decoration","title":{"rendered":"Pinceau French \/ Pinceau de D\u00e9coration"},"content":{"rendered":"<ul>\n<li>pour une ligne de sourire parfaite<\/li>\n<li>poils naturels<\/li>\n<li>enti\u00e8rement fait main<\/li>\n<li>qualit\u00e9 sup\u00e9rieure<\/li>\n<\/ul>\n<p>&nbsp;<\/p>\n<h2>Vid\u00e9os<\/h2>\n<div class=\"col2\">\n<div class=\"elastic-video\"><iframe loading=\"lazy\" src=\"https:\/\/www.youtube-nocookie.com\/embed\/8lcoQ972fO4\" width=\"560\" height=\"315\" frameborder=\"0\" allowfullscreen=\"allowfullscreen\"><\/iframe><\/div>\n<\/div>\n","protected":false},"excerpt":{"rendered":"<p>pour une ligne de sourire parfaite poils naturels enti\u00e8rement fait main qualit\u00e9 sup\u00e9rieure &nbsp; Vid\u00e9os<\/p>\n","protected":false},"featured_media":232439,"comment_status":"open","ping_status":"closed","template":"","meta":[],"product_brand":[],"product_cat":[753],"product_tag":[],"class_list":{"0":"post-232443","1":"product","2":"type-product","3":"status-publish","4":"has-post-thumbnail","6":"product_cat-pinceaux","8":"first","9":"instock","10":"taxable","11":"shipping-taxable","12":"purchasable","13":"product-type-simple"},"aioseo_notices":[],"_links":{"self":[{"href":"https:\/\/saida-nails.de\/fr\/wp-json\/wp\/v2\/product\/232443","targetHints":{"allow":["GET"]}}],"collection":[{"href":"https:\/\/saida-nails.de\/fr\/wp-json\/wp\/v2\/product"}],"about":[{"href":"https:\/\/saida-nails.de\/fr\/wp-json\/wp\/v2\/types\/product"}],"replies":[{"embeddable":true,"href":"https:\/\/saida-nails.de\/fr\/wp-json\/wp\/v2\/comments?post=232443"}],"wp:featuredmedia":[{"embeddable":true,"href":"https:\/\/saida-nails.de\/fr\/wp-json\/wp\/v2\/media\/232439"}],"wp:attachment":[{"href":"https:\/\/saida-nails.de\/fr\/wp-json\/wp\/v2\/media?parent=232443"}],"wp:term":[{"taxonomy":"product_brand","embeddable":true,"href":"https:\/\/saida-nails.de\/fr\/wp-json\/wp\/v2\/product_brand?post=232443"},{"taxonomy":"product_cat","embeddable":true,"href":"https:\/\/saida-nails.de\/fr\/wp-json\/wp\/v2\/product_cat?post=232443"},{"taxonomy":"product_tag","embeddable":true,"href":"https:\/\/saida-nails.de\/fr\/wp-json\/wp\/v2\/product_tag?post=232443"}],"curies":[{"name":"wp","href":"https:\/\/api.w.org\/{rel}","templated":true}]}}