{"id":232450,"date":"2024-01-11T22:41:57","date_gmt":"2024-01-11T22:41:57","guid":{"rendered":"https:\/\/saida-nails.de\/produkt\/pinceau-pour-nail-art-kolinsky"},"modified":"2026-01-05T12:05:37","modified_gmt":"2026-01-05T12:05:37","slug":"pinceau-pour-nail-art-kolinsky","status":"publish","type":"product","link":"https:\/\/saida-nails.de\/fr\/produkt\/pinceau-pour-nail-art-kolinsky","title":{"rendered":"Pinceau pour Nail Art Kolinsky"},"content":{"rendered":"<ul>\n<li>parfaitement adapt\u00e9 \u00e0 la peinture fine<\/li>\n<li>taille 000<\/li>\n<li>poils naturels<\/li>\n<li>fait \u00e0 la main<\/li>\n<\/ul>\n","protected":false},"excerpt":{"rendered":"<p>parfaitement adapt\u00e9 \u00e0 la peinture fine taille 000 poils naturels fait \u00e0 la main<\/p>\n","protected":false},"featured_media":232448,"comment_status":"open","ping_status":"closed","template":"","meta":[],"product_brand":[],"product_cat":[753],"product_tag":[],"class_list":{"0":"post-232450","1":"product","2":"type-product","3":"status-publish","4":"has-post-thumbnail","6":"product_cat-pinceaux","8":"first","9":"instock","10":"taxable","11":"shipping-taxable","12":"purchasable","13":"product-type-simple"},"aioseo_notices":[],"_links":{"self":[{"href":"https:\/\/saida-nails.de\/fr\/wp-json\/wp\/v2\/product\/232450","targetHints":{"allow":["GET"]}}],"collection":[{"href":"https:\/\/saida-nails.de\/fr\/wp-json\/wp\/v2\/product"}],"about":[{"href":"https:\/\/saida-nails.de\/fr\/wp-json\/wp\/v2\/types\/product"}],"replies":[{"embeddable":true,"href":"https:\/\/saida-nails.de\/fr\/wp-json\/wp\/v2\/comments?post=232450"}],"wp:featuredmedia":[{"embeddable":true,"href":"https:\/\/saida-nails.de\/fr\/wp-json\/wp\/v2\/media\/232448"}],"wp:attachment":[{"href":"https:\/\/saida-nails.de\/fr\/wp-json\/wp\/v2\/media?parent=232450"}],"wp:term":[{"taxonomy":"product_brand","embeddable":true,"href":"https:\/\/saida-nails.de\/fr\/wp-json\/wp\/v2\/product_brand?post=232450"},{"taxonomy":"product_cat","embeddable":true,"href":"https:\/\/saida-nails.de\/fr\/wp-json\/wp\/v2\/product_cat?post=232450"},{"taxonomy":"product_tag","embeddable":true,"href":"https:\/\/saida-nails.de\/fr\/wp-json\/wp\/v2\/product_tag?post=232450"}],"curies":[{"name":"wp","href":"https:\/\/api.w.org\/{rel}","templated":true}]}}