{"id":232460,"date":"2024-01-11T23:11:02","date_gmt":"2024-01-11T23:11:02","guid":{"rendered":"https:\/\/saida-nails.de\/produkt\/pinceau-liner"},"modified":"2026-01-05T12:07:12","modified_gmt":"2026-01-05T12:07:12","slug":"pinceau-liner","status":"publish","type":"product","link":"https:\/\/saida-nails.de\/fr\/produkt\/pinceau-liner","title":{"rendered":"Pinceau Liner"},"content":{"rendered":"<ul>\n<li>poils exceptionnellement fins<\/li>\n<li>pour des lignes tr\u00e8s fines, parfaitement droites ou l\u00e9g\u00e8rement courb\u00e9es<\/li>\n<li>diff\u00e9rentes tailles<\/li>\n<\/ul>\n","protected":false},"excerpt":{"rendered":"<p>poils extr\u00eamement fins<\/p>\n","protected":false},"featured_media":232456,"comment_status":"open","ping_status":"closed","template":"","meta":[],"product_brand":[],"product_cat":[753],"product_tag":[],"class_list":{"0":"post-232460","1":"product","2":"type-product","3":"status-publish","4":"has-post-thumbnail","6":"product_cat-pinceaux","7":"pa_groesse-8mm","8":"pa_groesse-12mm","10":"first","11":"instock","12":"taxable","13":"shipping-taxable","14":"purchasable","15":"product-type-variable"},"aioseo_notices":[],"_links":{"self":[{"href":"https:\/\/saida-nails.de\/fr\/wp-json\/wp\/v2\/product\/232460","targetHints":{"allow":["GET"]}}],"collection":[{"href":"https:\/\/saida-nails.de\/fr\/wp-json\/wp\/v2\/product"}],"about":[{"href":"https:\/\/saida-nails.de\/fr\/wp-json\/wp\/v2\/types\/product"}],"replies":[{"embeddable":true,"href":"https:\/\/saida-nails.de\/fr\/wp-json\/wp\/v2\/comments?post=232460"}],"wp:featuredmedia":[{"embeddable":true,"href":"https:\/\/saida-nails.de\/fr\/wp-json\/wp\/v2\/media\/232456"}],"wp:attachment":[{"href":"https:\/\/saida-nails.de\/fr\/wp-json\/wp\/v2\/media?parent=232460"}],"wp:term":[{"taxonomy":"product_brand","embeddable":true,"href":"https:\/\/saida-nails.de\/fr\/wp-json\/wp\/v2\/product_brand?post=232460"},{"taxonomy":"product_cat","embeddable":true,"href":"https:\/\/saida-nails.de\/fr\/wp-json\/wp\/v2\/product_cat?post=232460"},{"taxonomy":"product_tag","embeddable":true,"href":"https:\/\/saida-nails.de\/fr\/wp-json\/wp\/v2\/product_tag?post=232460"}],"curies":[{"name":"wp","href":"https:\/\/api.w.org\/{rel}","templated":true}]}}