{"id":232466,"date":"2025-12-04T09:40:07","date_gmt":"2025-12-04T09:40:07","guid":{"rendered":"https:\/\/saida-nails.de\/produkt\/set-capsules-souples-peel-off-gel-de-base-et-plus-encore"},"modified":"2025-12-04T09:40:07","modified_gmt":"2025-12-04T09:40:07","slug":"set-capsules-souples-peel-off-gel-de-base-et-plus-encore","status":"publish","type":"product","link":"https:\/\/saida-nails.de\/fr\/produkt\/set-capsules-souples-peel-off-gel-de-base-et-plus-encore","title":{"rendered":"SET : Capsules Souples, Peel Off Gel de Base et plus encore"},"content":{"rendered":"<p>Kit \u00e9conomique pour allonger\/r\u00e9parer rapidement les ongles avec tous les produits n\u00e9cessaires \u00e0 un prix avantageux, pour vous \u00e9viter de chercher dans la boutique.<\/p>\n<p>Le kit comprend :<\/p>\n<ol>\n<li><a href=\"https:\/\/saida-nails.de\/fr\/produkt-kategorie\/capsules-chablons\">Capsules Souples Full Cover<\/a> de votre choix<\/li>\n<li><a href=\"https:\/\/saida-nails.de\/produkt\/peel-off-base-gel\">Peel Off Gel de Base<\/a><\/li>\n<li><a href=\"https:\/\/saida-nails.de\/produkt\/dehydrator-nail-prep\">D\u00e9shydrateur Nail-Prep<\/a><\/li>\n<li><a href=\"https:\/\/saida-nails.de\/produkt\/mini-led-stehlampe\">Mini Lampadaire<\/a><\/li>\n<li><a href=\"https:\/\/saida-nails.de\/produkt\/mini-nagel-buffer-10stck\">Mini Buffer<\/a><\/li>\n<li><a href=\"https:\/\/saida-nails.de\/produkt\/rosenholzstaebchen-20stck\">B\u00e2tonnets en bois de rose<\/a><\/li>\n<\/ol>\n","protected":false},"excerpt":{"rendered":"<p>Kit \u00e9conomique pour allonger\/r\u00e9parer rapidement les ongles avec tous les produits n\u00e9cessaires \u00e0 un prix avantageux, pour vous \u00e9viter de chercher dans la boutique. Le kit comprend : Capsules Souples Full Cover de votre choix Peel Off Gel de Base D\u00e9shydrateur Nail-Prep Mini Lampadaire Mini Buffer B\u00e2tonnets en bois de rose<\/p>\n","protected":false},"featured_media":233281,"comment_status":"open","ping_status":"closed","template":"","meta":[],"product_brand":[],"product_cat":[719],"product_tag":[],"class_list":{"0":"post-232466","1":"product","2":"type-product","3":"status-publish","4":"has-post-thumbnail","6":"product_cat-capsules-chablons","8":"first","9":"instock","10":"taxable","11":"shipping-taxable","12":"purchasable","13":"product-type-variable"},"aioseo_notices":[],"_links":{"self":[{"href":"https:\/\/saida-nails.de\/fr\/wp-json\/wp\/v2\/product\/232466","targetHints":{"allow":["GET"]}}],"collection":[{"href":"https:\/\/saida-nails.de\/fr\/wp-json\/wp\/v2\/product"}],"about":[{"href":"https:\/\/saida-nails.de\/fr\/wp-json\/wp\/v2\/types\/product"}],"replies":[{"embeddable":true,"href":"https:\/\/saida-nails.de\/fr\/wp-json\/wp\/v2\/comments?post=232466"}],"wp:featuredmedia":[{"embeddable":true,"href":"https:\/\/saida-nails.de\/fr\/wp-json\/wp\/v2\/media\/233281"}],"wp:attachment":[{"href":"https:\/\/saida-nails.de\/fr\/wp-json\/wp\/v2\/media?parent=232466"}],"wp:term":[{"taxonomy":"product_brand","embeddable":true,"href":"https:\/\/saida-nails.de\/fr\/wp-json\/wp\/v2\/product_brand?post=232466"},{"taxonomy":"product_cat","embeddable":true,"href":"https:\/\/saida-nails.de\/fr\/wp-json\/wp\/v2\/product_cat?post=232466"},{"taxonomy":"product_tag","embeddable":true,"href":"https:\/\/saida-nails.de\/fr\/wp-json\/wp\/v2\/product_tag?post=232466"}],"curies":[{"name":"wp","href":"https:\/\/api.w.org\/{rel}","templated":true}]}}