{"id":232482,"date":"2025-08-21T11:38:39","date_gmt":"2025-08-21T11:38:39","guid":{"rendered":"https:\/\/saida-nails.de\/produkt\/capsules-full-cover-medium-coffin-504-pieces"},"modified":"2025-08-21T11:38:39","modified_gmt":"2025-08-21T11:38:39","slug":"capsules-full-cover-medium-coffin-504-pieces","status":"publish","type":"product","link":"https:\/\/saida-nails.de\/fr\/produkt\/capsules-full-cover-medium-coffin-504-pieces","title":{"rendered":"Capsules Full Cover MEDIUM COFFIN, 504 pi\u00e8ces"},"content":{"rendered":"<ul>\n<li>capsules Full Cover qui offrent un confort particulier gr\u00e2ce \u00e0 leur flexibilit\u00e9<\/li>\n<li>avec surface int\u00e9rieure mate au niveau du lit de l&rsquo;ongle pour une meilleure adh\u00e9rence sur l&rsquo;ongle naturel<\/li>\n<li>avec des tailles de capsules allant de 0 \u00e0 8, il y en a pour toutes les mains<\/li>\n<li>contenu : 504 capsules de tailles 0 \u00e0 8 dans une bo\u00eete pratique<\/li>\n<\/ul>\n","protected":false},"excerpt":{"rendered":"<p>capsules Full Cover qui offrent un confort particulier gr\u00e2ce \u00e0 leur flexibilit\u00e9 avec surface int\u00e9rieure mate au niveau du lit de l&rsquo;ongle pour une meilleure adh\u00e9rence sur l&rsquo;ongle naturel avec des tailles de capsules allant de 0 \u00e0 8, il y en a pour toutes les mains contenu : 504 capsules de tailles 0 \u00e0 [&#8230;]\n","protected":false},"featured_media":232478,"comment_status":"open","ping_status":"closed","template":"","meta":[],"product_brand":[],"product_cat":[680,719],"product_tag":[],"class_list":{"0":"post-232482","1":"product","2":"type-product","3":"status-publish","4":"has-post-thumbnail","6":"product_cat-nouveautes","7":"product_cat-capsules-chablons","9":"first","10":"instock","11":"taxable","12":"shipping-taxable","13":"purchasable","14":"product-type-simple"},"aioseo_notices":[],"_links":{"self":[{"href":"https:\/\/saida-nails.de\/fr\/wp-json\/wp\/v2\/product\/232482","targetHints":{"allow":["GET"]}}],"collection":[{"href":"https:\/\/saida-nails.de\/fr\/wp-json\/wp\/v2\/product"}],"about":[{"href":"https:\/\/saida-nails.de\/fr\/wp-json\/wp\/v2\/types\/product"}],"replies":[{"embeddable":true,"href":"https:\/\/saida-nails.de\/fr\/wp-json\/wp\/v2\/comments?post=232482"}],"wp:featuredmedia":[{"embeddable":true,"href":"https:\/\/saida-nails.de\/fr\/wp-json\/wp\/v2\/media\/232478"}],"wp:attachment":[{"href":"https:\/\/saida-nails.de\/fr\/wp-json\/wp\/v2\/media?parent=232482"}],"wp:term":[{"taxonomy":"product_brand","embeddable":true,"href":"https:\/\/saida-nails.de\/fr\/wp-json\/wp\/v2\/product_brand?post=232482"},{"taxonomy":"product_cat","embeddable":true,"href":"https:\/\/saida-nails.de\/fr\/wp-json\/wp\/v2\/product_cat?post=232482"},{"taxonomy":"product_tag","embeddable":true,"href":"https:\/\/saida-nails.de\/fr\/wp-json\/wp\/v2\/product_tag?post=232482"}],"curies":[{"name":"wp","href":"https:\/\/api.w.org\/{rel}","templated":true}]}}