{"id":232505,"date":"2024-01-09T00:01:13","date_gmt":"2024-01-09T00:01:13","guid":{"rendered":"https:\/\/saida-nails.de\/produkt\/chablon-de-rallongement-clair-500-pieces"},"modified":"2024-01-09T00:01:13","modified_gmt":"2024-01-09T00:01:13","slug":"chablon-de-rallongement-clair-500-pieces","status":"publish","type":"product","link":"https:\/\/saida-nails.de\/fr\/produkt\/chablon-de-rallongement-clair-500-pieces","title":{"rendered":"Chablon de Rallongement CLAIR, 500 pi\u00e8ces"},"content":{"rendered":"<ul>\n<li>chablons de rallongement transparents, parfaitement adapt\u00e9s \u00e0 la rallongement des ongles avec un gel NON transparent<\/li>\n<li>rouleau de 500 pi\u00e8ces<\/li>\n<li>stables, avec une tr\u00e8s bonne adh\u00e9rence<\/li>\n<li>des \u00e9chantillons de chablons sont disponibles gratuitement sur demande<\/li>\n<\/ul>\n","protected":false},"excerpt":{"rendered":"<p>chablons de rallongement transparents, parfaitement adapt\u00e9s \u00e0 la rallongement des ongles avec un gel NON transparent rouleau de 500 pi\u00e8ces stables, avec une tr\u00e8s bonne adh\u00e9rence des \u00e9chantillons de chablons sont disponibles gratuitement sur demande<\/p>\n","protected":false},"featured_media":232502,"comment_status":"open","ping_status":"closed","template":"","meta":[],"product_brand":[],"product_cat":[676,719],"product_tag":[],"class_list":{"0":"post-232505","1":"product","2":"type-product","3":"status-publish","4":"has-post-thumbnail","6":"product_cat-soldes","7":"product_cat-capsules-chablons","9":"first","10":"instock","11":"sale","12":"taxable","13":"shipping-taxable","14":"purchasable","15":"product-type-simple"},"aioseo_notices":[],"_links":{"self":[{"href":"https:\/\/saida-nails.de\/fr\/wp-json\/wp\/v2\/product\/232505","targetHints":{"allow":["GET"]}}],"collection":[{"href":"https:\/\/saida-nails.de\/fr\/wp-json\/wp\/v2\/product"}],"about":[{"href":"https:\/\/saida-nails.de\/fr\/wp-json\/wp\/v2\/types\/product"}],"replies":[{"embeddable":true,"href":"https:\/\/saida-nails.de\/fr\/wp-json\/wp\/v2\/comments?post=232505"}],"wp:featuredmedia":[{"embeddable":true,"href":"https:\/\/saida-nails.de\/fr\/wp-json\/wp\/v2\/media\/232502"}],"wp:attachment":[{"href":"https:\/\/saida-nails.de\/fr\/wp-json\/wp\/v2\/media?parent=232505"}],"wp:term":[{"taxonomy":"product_brand","embeddable":true,"href":"https:\/\/saida-nails.de\/fr\/wp-json\/wp\/v2\/product_brand?post=232505"},{"taxonomy":"product_cat","embeddable":true,"href":"https:\/\/saida-nails.de\/fr\/wp-json\/wp\/v2\/product_cat?post=232505"},{"taxonomy":"product_tag","embeddable":true,"href":"https:\/\/saida-nails.de\/fr\/wp-json\/wp\/v2\/product_tag?post=232505"}],"curies":[{"name":"wp","href":"https:\/\/api.w.org\/{rel}","templated":true}]}}