{"id":232508,"date":"2024-01-08T23:56:20","date_gmt":"2024-01-08T23:56:20","guid":{"rendered":"https:\/\/saida-nails.de\/produkt\/chablon-de-rallongement-saida-500-pieces"},"modified":"2026-01-05T12:41:50","modified_gmt":"2026-01-05T12:41:50","slug":"chablon-de-rallongement-saida-500-pieces","status":"publish","type":"product","link":"https:\/\/saida-nails.de\/fr\/produkt\/chablon-de-rallongement-saida-500-pieces","title":{"rendered":"Chablon de Rallongement SAIDA, 500 pi\u00e8ces"},"content":{"rendered":"<ul>\n<li>qualit\u00e9 sup\u00e9rieure<\/li>\n<li>tr\u00e8s stable<\/li>\n<li>fort pouvoir adh\u00e9sif<\/li>\n<li>s\u00e9paration facile gr\u00e2ce \u00e0 la perforation<\/li>\n<li>contenu de la livraison : 500 pi\u00e8ces sur un rouleau<\/li>\n<li>des \u00e9chantillons de chablons sont disponibles gratuitement sur demande<\/li>\n<\/ul>\n<p>&nbsp;<\/p>\n<h2>Vid\u00e9os<\/h2>\n<div class=\"col2\">\n<div class=\"elastic-video\"><iframe loading=\"lazy\" src=\"https:\/\/www.youtube-nocookie.com\/embed\/drxGygSrhuI\" width=\"560\" height=\"315\" frameborder=\"0\" allowfullscreen=\"allowfullscreen\"><\/iframe><\/div>\n<\/div>\n","protected":false},"excerpt":{"rendered":"<p>Vous ne voudrez plus jamais autre chose !<\/p>\n","protected":false},"featured_media":232506,"comment_status":"open","ping_status":"closed","template":"","meta":[],"product_brand":[],"product_cat":[676,719],"product_tag":[],"class_list":{"0":"post-232508","1":"product","2":"type-product","3":"status-publish","4":"has-post-thumbnail","6":"product_cat-soldes","7":"product_cat-capsules-chablons","9":"first","10":"instock","11":"sale","12":"taxable","13":"shipping-taxable","14":"purchasable","15":"product-type-simple"},"aioseo_notices":[],"_links":{"self":[{"href":"https:\/\/saida-nails.de\/fr\/wp-json\/wp\/v2\/product\/232508","targetHints":{"allow":["GET"]}}],"collection":[{"href":"https:\/\/saida-nails.de\/fr\/wp-json\/wp\/v2\/product"}],"about":[{"href":"https:\/\/saida-nails.de\/fr\/wp-json\/wp\/v2\/types\/product"}],"replies":[{"embeddable":true,"href":"https:\/\/saida-nails.de\/fr\/wp-json\/wp\/v2\/comments?post=232508"}],"wp:featuredmedia":[{"embeddable":true,"href":"https:\/\/saida-nails.de\/fr\/wp-json\/wp\/v2\/media\/232506"}],"wp:attachment":[{"href":"https:\/\/saida-nails.de\/fr\/wp-json\/wp\/v2\/media?parent=232508"}],"wp:term":[{"taxonomy":"product_brand","embeddable":true,"href":"https:\/\/saida-nails.de\/fr\/wp-json\/wp\/v2\/product_brand?post=232508"},{"taxonomy":"product_cat","embeddable":true,"href":"https:\/\/saida-nails.de\/fr\/wp-json\/wp\/v2\/product_cat?post=232508"},{"taxonomy":"product_tag","embeddable":true,"href":"https:\/\/saida-nails.de\/fr\/wp-json\/wp\/v2\/product_tag?post=232508"}],"curies":[{"name":"wp","href":"https:\/\/api.w.org\/{rel}","templated":true}]}}